


{"id":123,"date":"2018-01-31T09:36:31","date_gmt":"2018-01-31T09:36:31","guid":{"rendered":"http:\/\/multiblog.educacion.navarra.es\/zefirotorna\/?page_id=123"},"modified":"2020-03-16T11:27:37","modified_gmt":"2020-03-16T11:27:37","slug":"biografia-de-alberto-royo","status":"publish","type":"page","link":"https:\/\/multiblog.educacion.navarra.es\/zefirotorna\/biografia-de-alberto-royo\/","title":{"rendered":"Biograf\u00eda de Alberto Royo"},"content":{"rendered":"<p>Desde que recuerdo he querido dedicarme a la m\u00fasica. Y me dedico. As\u00ed que puedo decir, sin temor a exagerar, que soy un privilegiado. La profesi\u00f3n de m\u00fasico, adem\u00e1s de ser una de las m\u00e1s claramente vocacionales, tiene algo verdaderamente peculiar: la variedad de trayectos que confluyen en un mismo objetivo y que, en mi caso, son: la ense\u00f1anza, la interpretaci\u00f3n, el estudio y la investigaci\u00f3n, todos ellos con un v\u00ednculo firme e inequ\u00edvoco: el amor por la m\u00fasica. Haciendo memoria, puedo contar que, despu\u00e9s de unos tempranos coqueteos con la arm\u00f3nica en la Academia Izquierdo de Zaragoza, inici\u00e9 mis estudios musicales, de manera oficial, cuando ten\u00eda nueve a\u00f1os. Una vez matriculado en el Conservatorio (hoy Superior) de M\u00fasica de mi ciudad natal, tom\u00e9 las primeras lecciones de guitarra con la Profesora Ana Valet, quien sin duda reun\u00eda algunas de las m\u00e1s importantes virtudes del maestro: exigencia, honestidad e ilusi\u00f3n por ense\u00f1ar. Ana tiene gran parte de \u201cresponsabilidad\u201d en mi decisi\u00f3n de ser m\u00fasico profesional. Continu\u00e9 mi formaci\u00f3n con Santiago Rebenaque, Catedr\u00e1tico del Conservatorio, con quien consegu\u00ed la solidez t\u00e9cnica que un int\u00e9rprete necesita para poder ponerla al servicio de la m\u00fasica, y obtuve el Premio Extraordinario en Grado Elemental y la Menci\u00f3n de Honor en Grado Medio y Superior (Fin de Carrera). Despu\u00e9s de terminar el Grado Superior de Guitarra, gracias a dos becas del Gobierno de Arag\u00f3n y la Diputaci\u00f3n de Zaragoza, me traslad\u00e9 a Barcelona, donde prosegu\u00ed mi aprendizaje en la Escola Luthier d\u2019Arts Musicals. Tuve la oportunidad de recibir clases de dos espl\u00e9ndidos m\u00fasicos: Fernando Rodr\u00edguez y \u00c1lex Garrob\u00e9, quien ejerci\u00f3 una gran influencia en mi visi\u00f3n de la interpretaci\u00f3n. No puedo olvidar tampoco los valiosos consejos de otros grandes maestros con los que he podido trabajar en los numerosos cursos a los que asist\u00ed durante a\u00f1os, como Gerardo Arriaga, David Russell, Carles Trepat, Jos\u00e9 Tom\u00e1s, Roberto Ausell, Marco Soc\u00edas, Alberto Ponce, Jos\u00e9 Miguel Moreno o Leo Brouwer. A lo largo de algunos a\u00f1os dediqu\u00e9 tiempo y esfuerzo a los concursos de interpretaci\u00f3n. Tengo la satisfacci\u00f3n de haber sido premiado en algunos de ellos: obtuve el 2\u00b0 Premio en el Certamen Internacional de Guitarra de Cantabria, fui Finalista en el Festival de J\u00f3venes M\u00fasicos de Barcelona, me concedieron el 2\u00b0 Premio en el Concurso Internacional de Guitarra de Zarautz (Guip\u00fazcoa), qued\u00e9 Finalista en el Concurso de J\u00f3venes Int\u00e9rpretes de Juventudes Musicales (que se celebr\u00f3 en Granada y se retransmiti\u00f3 por Radio Cl\u00e1sica de R.N.E.) y consegu\u00ed el 2\u00b0 Premio en el Torneo Internazionale di M\u00fasica, cuya Fase Final se celebr\u00f3 en Roma, siendo el \u00fanico guitarrista espa\u00f1ol galardonado en el historial de este Concurso. En el \u00e1mbito de la ense\u00f1anza, comenc\u00e9 a ejercer como profesor de guitarra sobre los veinte a\u00f1os, antes de terminar mis estudios, primero en el Centro de Estudios Viena Musical, despu\u00e9s en el Centro de Estudios Musicales Manuel de Falla, en el Estudio de M\u00fasica de Zaragoza y por fin en el Centro de M\u00fasica Niccolo Paganini de esta misma ciudad. Mi trayectoria como profesor de instrumento, m\u00fasica de c\u00e1mara, lenguaje musical o m\u00fasica en ense\u00f1anza general abarca tambi\u00e9n la Escuela Municipal de M\u00fasica de Barbastro (Huesca), los institutos Pilar Lorengar y El Portillo de Zaragoza, el IES Conde de Aranda de Alag\u00f3n, los centros concertados San Vicente de Pa\u00fal y La Milagrosa de Zaragoza y el Conservatorio de M\u00fasica de Calahorra\u2026 Decid\u00ed preparar oposiciones para ser profesor de instituto (ocupaci\u00f3n, hoy poco respetada, que sin embargo cont\u00f3 en su d\u00eda con insignes representantes como Gerardo Diego o Antonio Machado), atra\u00eddo por el temario y la b\u00fasqueda de cierta estabilidad, y, en el a\u00f1o 2004, gan\u00e9 mi plaza con el n\u00famero uno e ingres\u00e9 en el Cuerpo de Profesores de Ense\u00f1anza Secundaria del Gobierno de Navarra. En esta comunidad, he trabajado como docente de Secundaria en el IES Marqu\u00e9s de Villena de Marcilla, el IES Benjam\u00edn de Tudela y el IES Tierra Estella, centro en el que tengo mi destino definitivo. Adem\u00e1s, he impartido cursos y clases de Interpretaci\u00f3n en el Instituto de M\u00fasica de Zaragoza (IMZ) y en la Escuela Municipal de M\u00fasica del Valle de Eg\u00fc\u00e9s (Navarra). En esta \u00faltima ofrec\u00ed en 2006 un Curso Monogr\u00e1fico sobre la guitarra. En 2013 impart\u00ed los Cursos \u201cLa m\u00fasica a trav\u00e9s de los tiempos\u201d y \u201cAudiciones guiadas\u201d en la Escuela de M\u00fasica Joaqu\u00edn Maya de Pamplona. He colaborado durante diez a\u00f1os con la Revista Musical \u201cAcordes\u201d, publicada mensualmente por RDM Editorial (Madrid), como autor de la secci\u00f3n \u201cGuitarra Cl\u00e1sica\u201d, consistente en una Clase Interactiva en V\u00eddeo-CDRom, con la grabaci\u00f3n de distintas obras cl\u00e1sicas y el an\u00e1lisis y explicaci\u00f3n de las dificultades t\u00e9cnicas e interpretativas de las piezas trabajadas. Esta publicaci\u00f3n recibi\u00f3 el Premio Trujam\u00e1n de la Guitarra 2010, \u201cpor ser una de las m\u00e1s importantes revistas en torno a la guitarra, que mantiene una constante l\u00ednea divulgativa de todos los eventos guitarr\u00edsticos importantes y pedag\u00f3gica a trav\u00e9s de sus lecciones con v\u00eddeos y CDs demostrativos\u201d. He grabado un disco de m\u00fasica contempor\u00e1nea para guitarra titulado \u201cMist\u00fara. Cuatro autores contempor\u00e1neos aragoneses\u201d, con obras de Ant\u00f3n Garc\u00eda Abril (Evocaciones), Pilar Espallargas (Boira), V\u00edctor Rebullida (Gioco) y Carlos Satu\u00e9 (Ruta Mandelbrot I), editado por el sello Delicias Discogr\u00e1ficas, con el patrocinio del Ayuntamiento de Zaragoza. Se present\u00f3 en la Sala Cultural de la CAI, en concierto organizado por Juventudes Musicales, la Instituci\u00f3n Fernando el Cat\u00f3lico y la Obra Social y Cultural de la CAI. Tambi\u00e9n he grabado para Real Musical, RTVA (Radio Televisi\u00f3n Arag\u00f3n) y RTNTC (Radio Television Nationale Congolaise), he participado en la grabaci\u00f3n del CD \u201cHomenaje a T\u00e1rrega 2009\u201d de la A.G.A. (Asociaci\u00f3n Guitarra Artepulsado) y registrado en el Estudio Discogr\u00e1fico S\u00e9ptimo Sello dos obras para guitarra del compositor madrile\u00f1o Constancio Hern\u00e1ez destinadas a la Colecci\u00f3n \u201cCompositores espa\u00f1oles y latinoamericanos de m\u00fasica actual\u201d (Verso y Fundaci\u00f3n BBVA). Compagino la interpretaci\u00f3n y la docencia con el estudio y la investigaci\u00f3n. Soy Licenciado en Historia y Ciencias de la M\u00fasica por la Universidad de La Rioja, y he realizado Estudios de Doctorado en la Universidad P\u00fablica de Navarra, dentro del Programa \u201cEducaci\u00f3n musical y cultura est\u00e9tica\u201d y obtenido el DEA (Diploma de Estudios Avanzados) con la calificaci\u00f3n de Sobresaliente en la Prueba de Suficiencia Investigadora. Un resumen de mi Trabajo de Investigaci\u00f3n \u201cEl an\u00e1lisis como herramienta en la interpretaci\u00f3n de la m\u00fasica atonal para guitarra\u201d fue publicado por la Lista Electr\u00f3nica Europea de M\u00fasica en la Educaci\u00f3n (LEEME) y por la Revista de la Asociaci\u00f3n Madrile\u00f1a de Compositores. Mi tesis doctoral ser\u00e1 dirigida por el music\u00f3logo y guitarrista Gerardo Arriaga. Como concertista he tenido una intensa actividad. En Espa\u00f1a, he actuado en Logro\u00f1o, Zaragoza, Guadalajara y Alcal\u00e1 de Henares, dentro del Circuito Cultural de Ibercaja; seleccionado para el Circuito de Artes Esc\u00e9nicas y Musicales de Arag\u00f3n, en diferentes localidades de la comunidad como Tarazona, Caspe, Jaca o Biescas; en el marco del VII Festival de Interpretaci\u00f3n Ciudad de Jaca; en el Auditorio de Zaragoza junto al Grupo Vocal Enchiriadis; en el Centro Cultural Torre de Guadarrama (Madrid); en el Pabell\u00f3n de Arag\u00f3n de la Expo 2008 de Zaragoza; dentro del I Certamen de Guitarra Valle de Eg\u00fc\u00e9s (Navarra), en el cual he formado adem\u00e1s parte del Jurado en las cuatro ediciones; en el XII Festival de La Ribagorza \u201cCl\u00e1sicos en la Frontera\u201d; en la Iglesia de San Mart\u00edn de Molinos de Duero (Soria); en el Auditorio de Tres Cantos (Madrid); en el Auditorio de CIVICAN en concierto organizado por el Ateneo Navarro; en colaboraci\u00f3n con el Centro de M\u00fasica Contempor\u00e1nea GARAIKIDEAK y el Museo de Navarra, con un monogr\u00e1fico a Bach en la Sala Oteiza, dentro del ciclo \u201cMapas sonoros\u201d. Tambi\u00e9n he ofrecido conciertos en Italia (Iglesia Anglicana All Saints de Roma; Sala Conferenze della Biblioteca Comunale de Tuscania, organizados por las Juventudes Musicales de Italia y por la Associazione Musicale Khitara, respectivamente) y en los Pa\u00edses Bajos (para el Instituto Cervantes de Utrecht, con un concierto dedicado \u00edntegramente a la m\u00fasica espa\u00f1ola contempor\u00e1nea). Fuera de Europa, invitado por el Ministerio de Asuntos Exteriores de Espa\u00f1a, viaj\u00e9 a \u00c1frica, donde disfrut\u00e9 de una de las m\u00e1s hondas experiencias profesionales y personales, con varios conciertos de m\u00fasica espa\u00f1ola organizados por la Embajada espa\u00f1ola en Abidj\u00e1n (Costa de Marfil -con motivo de la Presidencia Espa\u00f1ola de la Uni\u00f3n Europea 2002-), y por la Embajada de Espa\u00f1a en Kinshasa (Rep\u00fablica Democr\u00e1tica del Congo) en el Centro Wallonie-Bruxelles, en conmemoraci\u00f3n de la Fiesta de la Hispanidad, impartiendo adem\u00e1s Clases Magistrales en el Institute Sup\u00e9rieur de l\u2019Action Culturelle (INSAAC) de Abidj\u00e1n y en la Academie des Arts de Kinshasa. Como int\u00e9rprete, me siento muy comprometido con la creaci\u00f3n contempor\u00e1nea, por lo que colaboro con asiduidad con compositores actuales y he sido dedicatario de las siguientes obras: \u201cSuite de Atm\u00f3sferas Urbanas\u201d de Eduardo Garrido, \u201cRuta Mandelbrot I\u201d de Carlos Satu\u00e9, \u201cBrumas y \u00e1ngeles\u201d, \u201cVerde luna, luna\u201d y \u201cVolaverunt\u201d de Constancio Hern\u00e1ez y \u201cPartita\u201d de V\u00edctor Rebullida, todas ellas estrenadas por m\u00ed. He publicado un Monogr\u00e1fico dedicado a la Guitarra Cl\u00e1sica para la Editorial RDM y he participado en el proyecto \u201cEl valor cultural de la m\u00fasica. Punto de partida para el estudio del patrimonio musical\u201d, estudio multidisciplinar que trata de mostrar las singularidades del patrimonio musical como parte del patrimonio hist\u00f3rico-cultural. Mi participaci\u00f3n se titula \u201cLa guitarra y el repertorio olvidado. Defectos que debieran ser virtudes\u201d. He publicado dos ensayos sobre la realidad educativa y social: \u201cContra la nueva educaci\u00f3n. Por una ense\u00f1anza basada en el conocimiento\u201d (Plataforma Editorial. 2016), prologado por Antonio Mu\u00f1oz Molina, y \u201cLa sociedad gaseosa\u201d (Plataforma Editorial. 2017), con pr\u00f3logo del historiador Enrique Moradiellos. Mi \u00faltimo libro es &#8220;Cuaderno de un profesor&#8221; (Plataforma Editorial. 2019). Soy autor del blog \u201cProfesor Atticus\u201d (http:\/\/profesoratticus.blogspot.com.es) Y &#8220;Zefiro torna&#8221; es mi p\u00e1gina de recursos educativos.<\/p>\n","protected":false},"excerpt":{"rendered":"<p>Desde que recuerdo he querido dedicarme a la m\u00fasica. Y me dedico. As\u00ed que puedo decir, sin temor a exagerar, que soy un privilegiado. La profesi\u00f3n de m\u00fasico, adem\u00e1s de ser una de las m\u00e1s claramente vocacionales, tiene algo verdaderamente &hellip; <a href=\"https:\/\/multiblog.educacion.navarra.es\/zefirotorna\/biografia-de-alberto-royo\/\">Sigue leyendo <span class=\"meta-nav\">&rarr;<\/span><\/a><\/p>\n","protected":false},"author":226,"featured_media":0,"parent":0,"menu_order":0,"comment_status":"closed","ping_status":"closed","template":"","meta":[],"_links":{"self":[{"href":"https:\/\/multiblog.educacion.navarra.es\/zefirotorna\/wp-json\/wp\/v2\/pages\/123"}],"collection":[{"href":"https:\/\/multiblog.educacion.navarra.es\/zefirotorna\/wp-json\/wp\/v2\/pages"}],"about":[{"href":"https:\/\/multiblog.educacion.navarra.es\/zefirotorna\/wp-json\/wp\/v2\/types\/page"}],"author":[{"embeddable":true,"href":"https:\/\/multiblog.educacion.navarra.es\/zefirotorna\/wp-json\/wp\/v2\/users\/226"}],"replies":[{"embeddable":true,"href":"https:\/\/multiblog.educacion.navarra.es\/zefirotorna\/wp-json\/wp\/v2\/comments?post=123"}],"version-history":[{"count":0,"href":"https:\/\/multiblog.educacion.navarra.es\/zefirotorna\/wp-json\/wp\/v2\/pages\/123\/revisions"}],"wp:attachment":[{"href":"https:\/\/multiblog.educacion.navarra.es\/zefirotorna\/wp-json\/wp\/v2\/media?parent=123"}],"curies":[{"name":"wp","href":"https:\/\/api.w.org\/{rel}","templated":true}]}}