


{"id":95,"date":"2012-03-05T17:22:16","date_gmt":"2012-03-05T16:22:16","guid":{"rendered":"http:\/\/multiblog.educacion.navarra.es\/pflamarc\/?page_id=95"},"modified":"2012-03-14T00:23:28","modified_gmt":"2012-03-13T23:23:28","slug":"pagina-2","status":"publish","type":"page","link":"https:\/\/multiblog.educacion.navarra.es\/pflamarc\/pagina-2\/","title":{"rendered":"Semana n\u00ba 2"},"content":{"rendered":"<p>Veamos los que dice la pagina 2<\/p>\n<p><img loading=\"lazy\" class=\"alignleft size-thumbnail wp-image-96\" src=\"http:\/\/multiblog.educacion.navarra.es\/pflamarc\/files\/2012\/03\/DSC_0059-150x150.jpg\" alt=\"\" width=\"150\" height=\"150\" \/><\/p>\n<p>Todas las actividades van a tener un componente de investigaci\u00f3n o trabajo de campo, en el que el alumnado deber\u00e1,<\/p>\n<p><strong><span style=\"color: #ff0000\">2. Aplica h\u00e1bitos \u00e9ticos y laborales en el desarrollo de su actividad profesional de acuerdo a las caracter\u00edsticas del puesto de trabajo y procedimientos establecidos de la empresa.<\/span><\/strong><\/p>\n<p>Criterios de evaluaci\u00f3n:<\/p>\n<p>a)\u00a0\u00a0\u00a0\u00a0\u00a0\u00a0 Se han reconocido y justificado:<\/p>\n<p>&#8211;\u00a0\u00a0\u00a0\u00a0\u00a0\u00a0\u00a0 La disposici\u00f3n personal y temporal que necesita el puesto de trabajo.<\/p>\n<p>&#8211;\u00a0\u00a0\u00a0\u00a0\u00a0\u00a0\u00a0 Las actitudes personales (puntualidad, empat\u00eda, entre otras) y profesionales (orden, limpieza, seguridad necesarias para el puesto de trabajo, responsabilidad, entre otras).<\/p>\n<p>&#8211;\u00a0\u00a0\u00a0\u00a0\u00a0\u00a0\u00a0 Los requerimientos actitudinales ante la prevenci\u00f3n de riesgos en la actividad profesional y las medidas de protecci\u00f3n personal.<\/p>\n<p>&#8211;\u00a0\u00a0\u00a0\u00a0\u00a0\u00a0\u00a0 Los requerimientos actitudinales referidos a la calidad en la actividad profesional.<\/p>\n<p>&#8211;\u00a0\u00a0\u00a0\u00a0\u00a0\u00a0\u00a0 Las actitudes relacionales con el propio equipo de trabajo y con las jerarqu\u00edas establecidas en la empresa.<\/p>\n<p>&#8211;\u00a0\u00a0\u00a0\u00a0\u00a0\u00a0\u00a0 Las actitudes relacionadas con la documentaci\u00f3n de las actividades realizadas en el \u00e1mbito laboral.<\/p>\n<p>&#8211;\u00a0\u00a0\u00a0\u00a0\u00a0\u00a0\u00a0 Las necesidades formativas para la inserci\u00f3n y reinserci\u00f3n laboral en el \u00e1mbito cient\u00edfico y t\u00e9cnico del buen hacer del profesional.<\/p>\n<p>b)\u00a0\u00a0\u00a0\u00a0\u00a0\u00a0 Se han identificado las normas de prevenci\u00f3n de riesgos laborales y los aspectos fundamentales dela Leyde Prevenci\u00f3n de Riesgos Laborales de aplicaci\u00f3n en la actividad profesional.<\/p>\n<p>c)\u00a0\u00a0\u00a0\u00a0\u00a0\u00a0 Se han aplicado los equipos de protecci\u00f3n individual seg\u00fan los riesgos de la actividad profesional y las normas de la empresa.<\/p>\n<p>d)\u00a0\u00a0\u00a0\u00a0\u00a0 Se ha mantenido una actitud de respeto al medio ambiente en las actividades desarrolladas.<\/p>\n<p>e)\u00a0\u00a0\u00a0\u00a0\u00a0\u00a0 Se ha mantenido organizado, limpio y libre de obst\u00e1culos el puesto de trabajo o el \u00e1rea correspondiente al desarrollo de la actividad.<\/p>\n<p>f)\u00a0\u00a0\u00a0\u00a0\u00a0\u00a0\u00a0 Se ha responsabilizado del trabajo asignado interpretando y cumpliendo las instrucciones recibidas.<\/p>\n<p>g)\u00a0\u00a0\u00a0\u00a0\u00a0\u00a0 Se ha establecido una comunicaci\u00f3n eficaz con la persona responsable en cada situaci\u00f3n y con los miembros del equipo.<\/p>\n<p>h)\u00a0\u00a0\u00a0\u00a0\u00a0\u00a0 Se ha coordinado con el resto del equipo comunicando las incidencias relevantes que se presenten.<\/p>\n<p>i)\u00a0\u00a0\u00a0\u00a0\u00a0\u00a0\u00a0\u00a0 Se ha valorado la importancia de su actividad y la necesidad de adaptaci\u00f3n a los cambios de tareas.<\/p>\n<p>j)\u00a0\u00a0\u00a0\u00a0\u00a0\u00a0\u00a0\u00a0 Se ha responsabilizado de la aplicaci\u00f3n de las normas y procedimientos en el desarrollo de su trabajo.<\/p>\n","protected":false},"excerpt":{"rendered":"<p>Veamos los que dice la pagina 2 Todas las actividades van a tener un componente de investigaci\u00f3n o trabajo de campo, en el que el alumnado deber\u00e1, 2. Aplica h\u00e1bitos \u00e9ticos y laborales en el desarrollo de su actividad profesional &hellip; <a href=\"https:\/\/multiblog.educacion.navarra.es\/pflamarc\/pagina-2\/\">Sigue leyendo <span class=\"meta-nav\">&rarr;<\/span><\/a><\/p>\n","protected":false},"author":33,"featured_media":0,"parent":0,"menu_order":0,"comment_status":"open","ping_status":"open","template":"","meta":[],"_links":{"self":[{"href":"https:\/\/multiblog.educacion.navarra.es\/pflamarc\/wp-json\/wp\/v2\/pages\/95"}],"collection":[{"href":"https:\/\/multiblog.educacion.navarra.es\/pflamarc\/wp-json\/wp\/v2\/pages"}],"about":[{"href":"https:\/\/multiblog.educacion.navarra.es\/pflamarc\/wp-json\/wp\/v2\/types\/page"}],"author":[{"embeddable":true,"href":"https:\/\/multiblog.educacion.navarra.es\/pflamarc\/wp-json\/wp\/v2\/users\/33"}],"replies":[{"embeddable":true,"href":"https:\/\/multiblog.educacion.navarra.es\/pflamarc\/wp-json\/wp\/v2\/comments?post=95"}],"version-history":[{"count":0,"href":"https:\/\/multiblog.educacion.navarra.es\/pflamarc\/wp-json\/wp\/v2\/pages\/95\/revisions"}],"wp:attachment":[{"href":"https:\/\/multiblog.educacion.navarra.es\/pflamarc\/wp-json\/wp\/v2\/media?parent=95"}],"curies":[{"name":"wp","href":"https:\/\/api.w.org\/{rel}","templated":true}]}}