


{"id":148,"date":"2012-03-07T21:23:28","date_gmt":"2012-03-07T20:23:28","guid":{"rendered":"http:\/\/multiblog.educacion.navarra.es\/pflamarc\/?page_id=148"},"modified":"2012-03-07T21:24:25","modified_gmt":"2012-03-07T20:24:25","slug":"descansosemana-santa","status":"publish","type":"page","link":"https:\/\/multiblog.educacion.navarra.es\/pflamarc\/descansosemana-santa\/","title":{"rendered":"DESCANSO(SEMANA SANTA)"},"content":{"rendered":"<p>Esta semana no est\u00e1 previsto realizar ning\u00fan seguimiento, aunque se puede y deber\u00e1 seguir realizando las diferentes tareas de la MEMORIA T\u00c9CNICA.<\/p>\n<div id=\"attachment_149\" style=\"width: 510px\" class=\"wp-caption aligncenter\"><a href=\"http:\/\/multiblog.educacion.navarra.es\/pflamarc\/files\/2012\/03\/DSC_0045.jpg\"><img aria-describedby=\"caption-attachment-149\" loading=\"lazy\" class=\"size-large wp-image-149\" src=\"http:\/\/multiblog.educacion.navarra.es\/pflamarc\/files\/2012\/03\/DSC_0045-1024x680.jpg\" alt=\"\" width=\"500\" height=\"332\" srcset=\"https:\/\/multiblog.educacion.navarra.es\/pflamarc\/files\/2012\/03\/DSC_0045-1024x680.jpg 1024w, https:\/\/multiblog.educacion.navarra.es\/pflamarc\/files\/2012\/03\/DSC_0045-300x199.jpg 300w, https:\/\/multiblog.educacion.navarra.es\/pflamarc\/files\/2012\/03\/DSC_0045.jpg 1050w\" sizes=\"(max-width: 500px) 100vw, 500px\" \/><\/a><p id=\"caption-attachment-149\" class=\"wp-caption-text\">SEMANA SANTA: NO H\u00c1BIL PARA cursar la FCT.<\/p><\/div>\n","protected":false},"excerpt":{"rendered":"<p>Esta semana no est\u00e1 previsto realizar ning\u00fan seguimiento, aunque se puede y deber\u00e1 seguir realizando las diferentes tareas de la MEMORIA T\u00c9CNICA.<\/p>\n","protected":false},"author":33,"featured_media":0,"parent":0,"menu_order":0,"comment_status":"open","ping_status":"open","template":"","meta":[],"_links":{"self":[{"href":"https:\/\/multiblog.educacion.navarra.es\/pflamarc\/wp-json\/wp\/v2\/pages\/148"}],"collection":[{"href":"https:\/\/multiblog.educacion.navarra.es\/pflamarc\/wp-json\/wp\/v2\/pages"}],"about":[{"href":"https:\/\/multiblog.educacion.navarra.es\/pflamarc\/wp-json\/wp\/v2\/types\/page"}],"author":[{"embeddable":true,"href":"https:\/\/multiblog.educacion.navarra.es\/pflamarc\/wp-json\/wp\/v2\/users\/33"}],"replies":[{"embeddable":true,"href":"https:\/\/multiblog.educacion.navarra.es\/pflamarc\/wp-json\/wp\/v2\/comments?post=148"}],"version-history":[{"count":0,"href":"https:\/\/multiblog.educacion.navarra.es\/pflamarc\/wp-json\/wp\/v2\/pages\/148\/revisions"}],"wp:attachment":[{"href":"https:\/\/multiblog.educacion.navarra.es\/pflamarc\/wp-json\/wp\/v2\/media?parent=148"}],"curies":[{"name":"wp","href":"https:\/\/api.w.org\/{rel}","templated":true}]}}