


{"id":139,"date":"2012-03-06T23:26:50","date_gmt":"2012-03-06T22:26:50","guid":{"rendered":"http:\/\/multiblog.educacion.navarra.es\/pflamarc\/?page_id=139"},"modified":"2012-03-07T21:27:57","modified_gmt":"2012-03-07T20:27:57","slug":"semana-no-8","status":"publish","type":"page","link":"https:\/\/multiblog.educacion.navarra.es\/pflamarc\/semana-no-8\/","title":{"rendered":"Semana n\u00ba 8 (fecha ENTREGA 7 de junio de 2012)"},"content":{"rendered":"<p>Para concluir la elaboraci\u00f3n de la MEMORIA T\u00c9CNICA, debemos pensar en c\u00f3mo preparar toda la informaci\u00f3n para presentarla, tanto en soporte papel, como a trav\u00e9s de un POWER POINT mediante el ca\u00f1\u00f3n retroproyector.<\/p>\n<div id=\"attachment_144\" style=\"width: 510px\" class=\"wp-caption aligncenter\"><a href=\"http:\/\/multiblog.educacion.navarra.es\/pflamarc\/files\/2012\/03\/DSC_00501.jpg\"><img aria-describedby=\"caption-attachment-144\" loading=\"lazy\" class=\"size-large wp-image-144\" src=\"http:\/\/multiblog.educacion.navarra.es\/pflamarc\/files\/2012\/03\/DSC_00501-1024x680.jpg\" alt=\"\" width=\"500\" height=\"332\" srcset=\"https:\/\/multiblog.educacion.navarra.es\/pflamarc\/files\/2012\/03\/DSC_00501-1024x680.jpg 1024w, https:\/\/multiblog.educacion.navarra.es\/pflamarc\/files\/2012\/03\/DSC_00501-300x199.jpg 300w, https:\/\/multiblog.educacion.navarra.es\/pflamarc\/files\/2012\/03\/DSC_00501.jpg 1050w\" sizes=\"(max-width: 500px) 100vw, 500px\" \/><\/a><p id=\"caption-attachment-144\" class=\"wp-caption-text\">EL DISE\u00d1O EN 3D, mediante software espec\u00edfico<\/p><\/div>\n","protected":false},"excerpt":{"rendered":"<p>Para concluir la elaboraci\u00f3n de la MEMORIA T\u00c9CNICA, debemos pensar en c\u00f3mo preparar toda la informaci\u00f3n para presentarla, tanto en soporte papel, como a trav\u00e9s de un POWER POINT mediante el ca\u00f1\u00f3n retroproyector.<\/p>\n","protected":false},"author":33,"featured_media":0,"parent":0,"menu_order":0,"comment_status":"open","ping_status":"open","template":"","meta":[],"_links":{"self":[{"href":"https:\/\/multiblog.educacion.navarra.es\/pflamarc\/wp-json\/wp\/v2\/pages\/139"}],"collection":[{"href":"https:\/\/multiblog.educacion.navarra.es\/pflamarc\/wp-json\/wp\/v2\/pages"}],"about":[{"href":"https:\/\/multiblog.educacion.navarra.es\/pflamarc\/wp-json\/wp\/v2\/types\/page"}],"author":[{"embeddable":true,"href":"https:\/\/multiblog.educacion.navarra.es\/pflamarc\/wp-json\/wp\/v2\/users\/33"}],"replies":[{"embeddable":true,"href":"https:\/\/multiblog.educacion.navarra.es\/pflamarc\/wp-json\/wp\/v2\/comments?post=139"}],"version-history":[{"count":0,"href":"https:\/\/multiblog.educacion.navarra.es\/pflamarc\/wp-json\/wp\/v2\/pages\/139\/revisions"}],"wp:attachment":[{"href":"https:\/\/multiblog.educacion.navarra.es\/pflamarc\/wp-json\/wp\/v2\/media?parent=139"}],"curies":[{"name":"wp","href":"https:\/\/api.w.org\/{rel}","templated":true}]}}