


{"id":124,"date":"2012-03-07T21:13:34","date_gmt":"2012-03-07T20:13:34","guid":{"rendered":"http:\/\/multiblog.educacion.navarra.es\/pflamarc\/?page_id=124"},"modified":"2012-03-07T21:13:34","modified_gmt":"2012-03-07T20:13:34","slug":"semana-no-6","status":"publish","type":"page","link":"https:\/\/multiblog.educacion.navarra.es\/pflamarc\/semana-no-6\/","title":{"rendered":"Semana n\u00ba 6"},"content":{"rendered":"<p>Seleccionando acciones sobre el proceso<\/p>\n<div id=\"attachment_129\" style=\"width: 160px\" class=\"wp-caption aligncenter\"><a href=\"http:\/\/multiblog.educacion.navarra.es\/pflamarc\/files\/2012\/03\/DSC_0046.jpg\"><img aria-describedby=\"caption-attachment-129\" loading=\"lazy\" class=\"size-thumbnail wp-image-129\" src=\"http:\/\/multiblog.educacion.navarra.es\/pflamarc\/files\/2012\/03\/DSC_0046-150x150.jpg\" alt=\"\" width=\"150\" height=\"150\" \/><\/a><p id=\"caption-attachment-129\" class=\"wp-caption-text\">El ordenador es la herramienta principal para dise\u00f1arLa simulaci\u00f3n es otra de las ventajas de la inform\u00e1tica<\/p><\/div>\n<div id=\"attachment_125\" style=\"width: 160px\" class=\"wp-caption alignleft\"><a href=\"http:\/\/multiblog.educacion.navarra.es\/pflamarc\/files\/2012\/03\/DSC_00411.jpg\"><img aria-describedby=\"caption-attachment-125\" loading=\"lazy\" class=\"size-thumbnail wp-image-125\" src=\"http:\/\/multiblog.educacion.navarra.es\/pflamarc\/files\/2012\/03\/DSC_00411-150x150.jpg\" alt=\"\" width=\"150\" height=\"150\" \/><\/a><p id=\"caption-attachment-125\" class=\"wp-caption-text\">Alumnado en el aula de dise\u00f1o<\/p><\/div>\n","protected":false},"excerpt":{"rendered":"<p>Seleccionando acciones sobre el proceso<\/p>\n","protected":false},"author":33,"featured_media":0,"parent":0,"menu_order":0,"comment_status":"open","ping_status":"open","template":"","meta":[],"_links":{"self":[{"href":"https:\/\/multiblog.educacion.navarra.es\/pflamarc\/wp-json\/wp\/v2\/pages\/124"}],"collection":[{"href":"https:\/\/multiblog.educacion.navarra.es\/pflamarc\/wp-json\/wp\/v2\/pages"}],"about":[{"href":"https:\/\/multiblog.educacion.navarra.es\/pflamarc\/wp-json\/wp\/v2\/types\/page"}],"author":[{"embeddable":true,"href":"https:\/\/multiblog.educacion.navarra.es\/pflamarc\/wp-json\/wp\/v2\/users\/33"}],"replies":[{"embeddable":true,"href":"https:\/\/multiblog.educacion.navarra.es\/pflamarc\/wp-json\/wp\/v2\/comments?post=124"}],"version-history":[{"count":0,"href":"https:\/\/multiblog.educacion.navarra.es\/pflamarc\/wp-json\/wp\/v2\/pages\/124\/revisions"}],"wp:attachment":[{"href":"https:\/\/multiblog.educacion.navarra.es\/pflamarc\/wp-json\/wp\/v2\/media?parent=124"}],"curies":[{"name":"wp","href":"https:\/\/api.w.org\/{rel}","templated":true}]}}