


{"id":109,"date":"2012-03-06T00:30:02","date_gmt":"2012-03-05T23:30:02","guid":{"rendered":"http:\/\/multiblog.educacion.navarra.es\/pflamarc\/?page_id=109"},"modified":"2012-03-06T00:31:28","modified_gmt":"2012-03-05T23:31:28","slug":"actividad-4","status":"publish","type":"page","link":"https:\/\/multiblog.educacion.navarra.es\/pflamarc\/actividad-4\/","title":{"rendered":"ACTIVIDAD 4"},"content":{"rendered":"<ol>\n<li><strong><em>Justificaci\u00f3n del proyecto<\/em><\/strong><\/li>\n<\/ol>\n<p><em>Es muy importante destacar: para que una justificaci\u00f3n sea completa y correcta, debe cumplir con dos requisitos:<\/em><\/p>\n<ul>\n<li><em>Explicar la prioridad y urgencia del problema para el que se busca soluci\u00f3n.<\/em><\/li>\n<li><em>Justificar por qu\u00e9 este proyecto que se formula es la propuesta de soluci\u00f3n m\u00e1s adecuada y viable para resolver ese problema.<\/em><\/li>\n<\/ul>\n<p>Recuerden que ustedes seleccionaron y analizaron mucha informaci\u00f3n sobre el proyecto antes de elaborar este documento, en la cual se identifica el problema que produce inconvenientes, por ejemplo, en el problema t\u00e9cnico al que se da respuesta, etc.<\/p>\n<p><em>La adecuada definici\u00f3n \u00a0del PROYECTO, les permitir\u00e1:<\/em><\/p>\n<ol>\n<li>Se\u00f1alar en este punto su importancia, sus incidencias, el problema que resuelve, etc.Este punto deber\u00e1 demostrar que el problema \u201cvale la pena ser resuelto\u201d.<\/li>\n<li>Se\u00f1alar la raz\u00f3n del PROYECTO, a qu\u00e9 se debe su existencia, es decir, las causas que lo generan. Este conocimiento es la base para la soluci\u00f3n o soluciones que plantean.<\/li>\n<\/ol>\n<p><em>Como posibles contenidos b\u00e1sicos\u00a0 o \u201csub puntos\u201d que ustedes pueden incluir en esta parte del informe, le sugerimos los siguientes:<\/em><\/p>\n<h4>Antecedentes<\/h4>\n<p>Describir brevemente si se han desarrollado trabajos similares o que complementan este proyecto que ustedes proponen. Comente que ocurri\u00f3 con los mismos.<\/p>\n<p><em>Situaci\u00f3n actual o anterior al proyecto<\/em><\/p>\n<p>Hacer una descripci\u00f3n detallada de la situaci\u00f3n general actual, qu\u00e9 los llev\u00f3 a ustedes a pensar en este proyecto.<\/p>\n<p><em>Situaci\u00f3n prevista al finalizar el proyecto propuesto<\/em><\/p>\n<p>Qu\u00e9 se espera resolver con la implementaci\u00f3n del proyecto, que imagen del futuro tienen ustedes.<\/p>\n<p><em>Amenazas y oportunidades<\/em><\/p>\n<p>Este punto exige un cierto grado de creatividad y conocimiento del contexto pol\u00edtico, econ\u00f3mico, normativo y social donde se desarrollar\u00e1 el proyecto.<\/p>\n<p>Consiste b\u00e1sicamente en responder a las siguientes preguntas \u00bfqui\u00e9nes se ver\u00e1n afectados cuando nosotros desarrollemos este proyecto? (riesgos)<\/p>\n<p>\u00bfQu\u00e9 cosas ocurrir\u00e1n en esta empresa, mientras nosotros desarrollamos el proyecto, que nos puedan afectar en forma positiva?<\/p>\n<p>\u00bfQu\u00e9 cosas ocurrir\u00e1n en esta empresa mientras nosotros desarrollamos el proyecto que nos puedan afectar en forma negativa?<\/p>\n<p>(condiciones laborales, riesgos profesionales, etc.)<\/p>\n<p>Este punto es muy importante porque:<\/p>\n<p>\u00fc\u00a0\u00a0\u00a0\u00a0\u00a0\u00a0\u00a0\u00a0\u00a0\u00a0\u00a0 Nos permitir\u00e1 incorporar al proyecto todas aquellas actividades para \u201camortiguar\u201d las amenazas.<\/p>\n<p>\u00fc\u00a0\u00a0\u00a0\u00a0\u00a0\u00a0\u00a0\u00a0\u00a0\u00a0\u00a0 Hacer bien el cronograma-PERT del proyecto previendo acontecimientos del contexto que lo puedan retrasar.<\/p>\n<div>\n<h6><span style=\"color: #ff0000\">Importante: pod\u00e9is incluir todos o algunos de estos temas enumerados<\/span><\/h6>\n<\/div>\n","protected":false},"excerpt":{"rendered":"<p>Justificaci\u00f3n del proyecto Es muy importante destacar: para que una justificaci\u00f3n sea completa y correcta, debe cumplir con dos requisitos: Explicar la prioridad y urgencia del problema para el que se busca soluci\u00f3n. Justificar por qu\u00e9 este proyecto que se &hellip; <a href=\"https:\/\/multiblog.educacion.navarra.es\/pflamarc\/actividad-4\/\">Sigue leyendo <span class=\"meta-nav\">&rarr;<\/span><\/a><\/p>\n","protected":false},"author":33,"featured_media":0,"parent":0,"menu_order":0,"comment_status":"open","ping_status":"open","template":"","meta":[],"_links":{"self":[{"href":"https:\/\/multiblog.educacion.navarra.es\/pflamarc\/wp-json\/wp\/v2\/pages\/109"}],"collection":[{"href":"https:\/\/multiblog.educacion.navarra.es\/pflamarc\/wp-json\/wp\/v2\/pages"}],"about":[{"href":"https:\/\/multiblog.educacion.navarra.es\/pflamarc\/wp-json\/wp\/v2\/types\/page"}],"author":[{"embeddable":true,"href":"https:\/\/multiblog.educacion.navarra.es\/pflamarc\/wp-json\/wp\/v2\/users\/33"}],"replies":[{"embeddable":true,"href":"https:\/\/multiblog.educacion.navarra.es\/pflamarc\/wp-json\/wp\/v2\/comments?post=109"}],"version-history":[{"count":0,"href":"https:\/\/multiblog.educacion.navarra.es\/pflamarc\/wp-json\/wp\/v2\/pages\/109\/revisions"}],"wp:attachment":[{"href":"https:\/\/multiblog.educacion.navarra.es\/pflamarc\/wp-json\/wp\/v2\/media?parent=109"}],"curies":[{"name":"wp","href":"https:\/\/api.w.org\/{rel}","templated":true}]}}