


{"id":104,"date":"2012-03-05T23:27:27","date_gmt":"2012-03-05T22:27:27","guid":{"rendered":"http:\/\/multiblog.educacion.navarra.es\/pflamarc\/?page_id=104"},"modified":"2012-03-16T00:02:12","modified_gmt":"2012-03-15T23:02:12","slug":"actividad-3","status":"publish","type":"page","link":"https:\/\/multiblog.educacion.navarra.es\/pflamarc\/actividad-3\/","title":{"rendered":"Semana n\u00ba 1(INFORME EMPRESA; ACTIVIDAD 1.1)"},"content":{"rendered":"<p><strong><span style=\"color: #ff0000\">1. Identifica la estructura y organizaci\u00f3n de la empresa en la que est\u00e1s cursando la FCT, relacion\u00e1ndola con la producci\u00f3n y comercializaci\u00f3n de los productos que fabrica<\/span><\/strong>.<\/p>\n<p>En este apartado deber\u00e1s averiguar todo lo relativo a la actividad de la empresa, sus datos del sector que ocupa,<\/p>\n<div id=\"attachment_137\" style=\"width: 510px\" class=\"wp-caption aligncenter\"><a href=\"http:\/\/multiblog.educacion.navarra.es\/pflamarc\/files\/2012\/03\/DSC_0047.jpg\"><img aria-describedby=\"caption-attachment-137\" loading=\"lazy\" class=\"size-large wp-image-137\" src=\"http:\/\/multiblog.educacion.navarra.es\/pflamarc\/files\/2012\/03\/DSC_0047-1024x680.jpg\" alt=\"\" width=\"500\" height=\"332\" srcset=\"https:\/\/multiblog.educacion.navarra.es\/pflamarc\/files\/2012\/03\/DSC_0047-1024x680.jpg 1024w, https:\/\/multiblog.educacion.navarra.es\/pflamarc\/files\/2012\/03\/DSC_0047-300x199.jpg 300w, https:\/\/multiblog.educacion.navarra.es\/pflamarc\/files\/2012\/03\/DSC_0047.jpg 1050w\" sizes=\"(max-width: 500px) 100vw, 500px\" \/><\/a><p id=\"caption-attachment-137\" class=\"wp-caption-text\">La consulta de un buscado(por ejemplo google), resulta imprescindible<\/p><\/div>\n<div>\n<p>Conviene abrirte un archivo para cada una de las actividades y semanas en las que vas a desarrollar la actividad, dado que de otro modo, el volumen de informaci\u00f3n a manejar implica que corramos el riesgo de perder algunos ficheros y trabajos.<\/p>\n<p><strong><em>C<span style=\"color: #0000ff\">riterios de autoevaluaci\u00f3n de la actividad:<\/span><\/em><\/strong><\/p>\n<div><em><strong>a) Se han identificado la estructura organizativa de la empresa y las funciones de cada \u00e1rea de la misma. <\/strong><\/em><br \/>\n<em><strong>b) Se han identificado los elementos que constituyen la red log\u00edstica de la empresa: proveedores, clientes, sistemas de producci\u00f3n, almacenaje, y otros. <\/strong><\/em><br \/>\n<em><strong>c) Se han identificado los procedimientos de trabajo en el desarrollo del proceso productivo. <\/strong><\/em><br \/>\n<em><strong>d) Se han relacionado las competencias de los recursos humanos con el desarrollo de la actividad productiva. <\/strong><\/em><br \/>\n<em><strong>e) Se ha interpretado la importancia de cada elemento de la red en el desarrollo de la actividad de la empresa. <\/strong><\/em><br \/>\n<em><strong>f) Se han relacionado caracter\u00edsticas del mercado, tipo de clientes y proveedores y su posible influencia en el desarrollo de la actividad empresarial. <\/strong><\/em><br \/>\n<em><strong>g) Se han identificado los canales de comercializaci\u00f3n m\u00e1s frecuentes en esta actividad. <\/strong><\/em><br \/>\n<em><strong>h) Se han relacionado ventajas e inconvenientes de la estructura de la empresa, frente a otro tipo de organizaciones empresariales.<\/strong><\/em><\/div>\n<p><span style=\"color: #ff0000\"><em><strong>U<\/strong><\/em><\/span><em><strong><span style=\"color: #ff0000\">na vez que hayas realizado este \u00a0INFORME (ACTIVIDAD 1.1) o trabajo de campo, que en principio no tiene l\u00edmite en cuanto al n\u00famero de hojas, desglosa e indexa este apartado y los distintos subapartados en los que se divide, y a\u00f1ade al \u00a0informe el cuestionario de autoevaluaci\u00f3n poni\u00e9ndote una NOTA DE AUTOEVALUACI\u00d3N DE LA ACTIVIDAD, en base a los CRITERIOS anteriormente expuest<\/span>os.<\/strong><\/em><\/p>\n<p><em><strong><\/strong><\/em><br \/>\nFinalmente, <em><strong><span style=\"color: #0000ff\">sube un archivo con toda esta informaci\u00f3n(a la plataforma moodle) y guarda en soporte digital<\/span><\/strong><\/em> el documento que, junto a otros, integrar\u00e1 el grueso de la <span style=\"color: #ff0000\"><em><strong>MEMORIA T\u00c9CNICA<\/strong><\/em><\/span> que deber\u00e1s entregar y defender en el mes de junio de 2012.<br \/>\nTiempo previsto para realizar la tarea, mediados del mes de abril.<\/p>\n<\/div>\n","protected":false},"excerpt":{"rendered":"<p>1. Identifica la estructura y organizaci\u00f3n de la empresa en la que est\u00e1s cursando la FCT, relacion\u00e1ndola con la producci\u00f3n y comercializaci\u00f3n de los productos que fabrica. En este apartado deber\u00e1s averiguar todo lo relativo a la actividad de la &hellip; <a href=\"https:\/\/multiblog.educacion.navarra.es\/pflamarc\/actividad-3\/\">Sigue leyendo <span class=\"meta-nav\">&rarr;<\/span><\/a><\/p>\n","protected":false},"author":33,"featured_media":0,"parent":0,"menu_order":0,"comment_status":"open","ping_status":"open","template":"","meta":[],"_links":{"self":[{"href":"https:\/\/multiblog.educacion.navarra.es\/pflamarc\/wp-json\/wp\/v2\/pages\/104"}],"collection":[{"href":"https:\/\/multiblog.educacion.navarra.es\/pflamarc\/wp-json\/wp\/v2\/pages"}],"about":[{"href":"https:\/\/multiblog.educacion.navarra.es\/pflamarc\/wp-json\/wp\/v2\/types\/page"}],"author":[{"embeddable":true,"href":"https:\/\/multiblog.educacion.navarra.es\/pflamarc\/wp-json\/wp\/v2\/users\/33"}],"replies":[{"embeddable":true,"href":"https:\/\/multiblog.educacion.navarra.es\/pflamarc\/wp-json\/wp\/v2\/comments?post=104"}],"version-history":[{"count":0,"href":"https:\/\/multiblog.educacion.navarra.es\/pflamarc\/wp-json\/wp\/v2\/pages\/104\/revisions"}],"wp:attachment":[{"href":"https:\/\/multiblog.educacion.navarra.es\/pflamarc\/wp-json\/wp\/v2\/media?parent=104"}],"curies":[{"name":"wp","href":"https:\/\/api.w.org\/{rel}","templated":true}]}}