


{"id":100,"date":"2012-03-05T17:30:18","date_gmt":"2012-03-05T16:30:18","guid":{"rendered":"http:\/\/multiblog.educacion.navarra.es\/pflamarc\/?page_id=100"},"modified":"2012-03-16T00:29:12","modified_gmt":"2012-03-15T23:29:12","slug":"semana-3-de-20-a-27-de-abril-de-2012","status":"publish","type":"page","link":"https:\/\/multiblog.educacion.navarra.es\/pflamarc\/semana-3-de-20-a-27-de-abril-de-2012\/","title":{"rendered":"SEMANA n\u00ba 3 (PLANOS)"},"content":{"rendered":"<p>Del PROYECTO seleccionado, debes definir el conjunto del mecanismo, los PLANOS DE CONJUNTO, EL DESPIECE y cuantos DETALLES requieran cada una de las piezas para que sean perfectamente definidas e identificadas, as\u00ed como su propio funcionamiento.<\/p>\n<p><a href=\"http:\/\/multiblog.educacion.navarra.es\/pflamarc\/files\/2012\/03\/DSC_0056.jpg\"><img loading=\"lazy\" class=\"alignright size-thumbnail wp-image-101\" style=\"border-style: initial;border-color: initial\" src=\"http:\/\/multiblog.educacion.navarra.es\/pflamarc\/files\/2012\/03\/DSC_0056-150x150.jpg\" alt=\"\" width=\"150\" height=\"150\" \/><\/a><\/p>\n<div>\n<p><strong><span style=\"color: #ff0000\">3. Elabora planos de fabricaci\u00f3n de productos aplicando las normas de representaci\u00f3n gr\u00e1fica y aplicando las t\u00e9cnicas de CAD.<\/span><\/strong><\/p>\n<p><em><strong><span style=\"color: #0000ff\">Criterios de evaluaci\u00f3n:<\/span><\/strong><\/em><\/p>\n<p><em><strong>a)\u00a0\u00a0\u00a0\u00a0\u00a0\u00a0 Se ha seleccionado el sistema de representaci\u00f3n gr\u00e1fica m\u00e1s adecuado para representar el producto en funci\u00f3n de la informaci\u00f3n que se desee mostrar.<\/strong><\/em><\/p>\n<p><em><strong>b)\u00a0\u00a0\u00a0\u00a0\u00a0\u00a0 Se han representado las vistas, cortes y secciones siguiendo la normativa aplicable.<\/strong><\/em><\/p>\n<p><em><strong>c)\u00a0\u00a0\u00a0\u00a0\u00a0\u00a0 Se han caracterizado las formas normalizadas del objeto representado (roscas, soldaduras, entalladuras y otros).<\/strong><\/em><\/p>\n<p><em><strong>d)\u00a0\u00a0\u00a0\u00a0\u00a0 Se ha acotado el producto atendiendo al proceso de fabricaci\u00f3n o la funcionalidad del mismo.<\/strong><\/em><\/p>\n<p><em><strong>e)\u00a0\u00a0\u00a0\u00a0\u00a0\u00a0 Se han determinado las tolerancias dimensionales, geom\u00e9tricas y las calidades superficiales del producto, atendiendo a su funcionalidad y a los criterios utilizados en la empresa.<\/strong><\/em><\/p>\n<p>Aunque guardes una copia de los diferentes archivos \u00a0en el DVD con los planos en el formato que t\u00fa lo has elaborado (autocad, inventor, solid work, etc), pasa estos planos a pdf y s\u00fabelos igualmente a la plataforma de moodle.<\/p>\n<p><span style=\"color: #888888\">Una vez indexados los PLANOS(<em><strong><span style=\"color: #ff0000\">conjunto, despiece y detalles constructivos y de funcionamiento<\/span><\/strong><\/em>), a\u00f1ade un archivo con la evaluaci\u00f3n del conjunto de los planos, de acuerdo a los criterios de autoevaluaci\u00f3n anteriormente expuestos.<\/span><\/p>\n<p><span style=\"font-size: 14px;line-height: 23px;color: #888888\"><span style=\"text-decoration: underline\"><br \/>\n<\/span><\/span><\/p>\n<\/div>\n","protected":false},"excerpt":{"rendered":"<p>Del PROYECTO seleccionado, debes definir el conjunto del mecanismo, los PLANOS DE CONJUNTO, EL DESPIECE y cuantos DETALLES requieran cada una de las piezas para que sean perfectamente definidas e identificadas, as\u00ed como su propio funcionamiento. 3. Elabora planos de &hellip; <a href=\"https:\/\/multiblog.educacion.navarra.es\/pflamarc\/semana-3-de-20-a-27-de-abril-de-2012\/\">Sigue leyendo <span class=\"meta-nav\">&rarr;<\/span><\/a><\/p>\n","protected":false},"author":33,"featured_media":0,"parent":0,"menu_order":0,"comment_status":"open","ping_status":"open","template":"","meta":[],"_links":{"self":[{"href":"https:\/\/multiblog.educacion.navarra.es\/pflamarc\/wp-json\/wp\/v2\/pages\/100"}],"collection":[{"href":"https:\/\/multiblog.educacion.navarra.es\/pflamarc\/wp-json\/wp\/v2\/pages"}],"about":[{"href":"https:\/\/multiblog.educacion.navarra.es\/pflamarc\/wp-json\/wp\/v2\/types\/page"}],"author":[{"embeddable":true,"href":"https:\/\/multiblog.educacion.navarra.es\/pflamarc\/wp-json\/wp\/v2\/users\/33"}],"replies":[{"embeddable":true,"href":"https:\/\/multiblog.educacion.navarra.es\/pflamarc\/wp-json\/wp\/v2\/comments?post=100"}],"version-history":[{"count":0,"href":"https:\/\/multiblog.educacion.navarra.es\/pflamarc\/wp-json\/wp\/v2\/pages\/100\/revisions"}],"wp:attachment":[{"href":"https:\/\/multiblog.educacion.navarra.es\/pflamarc\/wp-json\/wp\/v2\/media?parent=100"}],"curies":[{"name":"wp","href":"https:\/\/api.w.org\/{rel}","templated":true}]}}