


{"id":80,"date":"2012-09-29T12:07:54","date_gmt":"2012-09-29T12:07:54","guid":{"rendered":"http:\/\/multiblog.educacion.navarra.es\/mramosp\/?page_id=80"},"modified":"2016-10-04T13:42:48","modified_gmt":"2016-10-04T13:42:48","slug":"repasar","status":"publish","type":"page","link":"https:\/\/multiblog.educacion.navarra.es\/mramosp\/repasar\/","title":{"rendered":"R\u00e9viser"},"content":{"rendered":"<p><a href=\"https:\/\/www.youtube.com\/watch?v=2HOKNozqXMc\">Saluer avec La Belle et la b\u00eate<\/a><\/p>\n<p><a href=\"http:\/\/la-conjugaison.nouvelobs.com\/exercice-fle\/jouer.php?id_niveau=1&amp;id_rubrique=1\">Se pr\u00e9senter<\/a><\/p>\n<p><a href=\"http:\/\/www.francaisfacile.com\/exercices\/exercice-francais-2\/exercice-francais-47769.php\">Pr\u00e9sentations<\/a><\/p>\n<p><a href=\"http:\/\/www.francaisfacile.com\/exercices\/exercice-francais-2\/exercice-francais-23213.php\">Adjectifs en images<\/a><\/p>\n<p><a href=\"http:\/\/www.bonjourdefrance.com\/exercices\/contenu\/dire-lheure-en-francais.html\">Les heures<\/a><\/p>\n<p><a href=\"https:\/\/www.youtube.com\/watch?v=1zYIOBs6-TY\">Vid\u00e9o heures<\/a><\/p>\n<p>&nbsp;<\/p>\n","protected":false},"excerpt":{"rendered":"<p>Saluer avec La Belle et la b\u00eate Se pr\u00e9senter Pr\u00e9sentations Adjectifs en images Les heures Vid\u00e9o heures &nbsp;<\/p>\n","protected":false},"author":238,"featured_media":0,"parent":0,"menu_order":0,"comment_status":"open","ping_status":"open","template":"","meta":[],"_links":{"self":[{"href":"https:\/\/multiblog.educacion.navarra.es\/mramosp\/wp-json\/wp\/v2\/pages\/80"}],"collection":[{"href":"https:\/\/multiblog.educacion.navarra.es\/mramosp\/wp-json\/wp\/v2\/pages"}],"about":[{"href":"https:\/\/multiblog.educacion.navarra.es\/mramosp\/wp-json\/wp\/v2\/types\/page"}],"author":[{"embeddable":true,"href":"https:\/\/multiblog.educacion.navarra.es\/mramosp\/wp-json\/wp\/v2\/users\/238"}],"replies":[{"embeddable":true,"href":"https:\/\/multiblog.educacion.navarra.es\/mramosp\/wp-json\/wp\/v2\/comments?post=80"}],"version-history":[{"count":0,"href":"https:\/\/multiblog.educacion.navarra.es\/mramosp\/wp-json\/wp\/v2\/pages\/80\/revisions"}],"wp:attachment":[{"href":"https:\/\/multiblog.educacion.navarra.es\/mramosp\/wp-json\/wp\/v2\/media?parent=80"}],"curies":[{"name":"wp","href":"https:\/\/api.w.org\/{rel}","templated":true}]}}