


{"id":205,"date":"2020-04-01T11:31:13","date_gmt":"2020-04-01T11:31:13","guid":{"rendered":"https:\/\/multiblog.educacion.navarra.es\/mnanclar\/?page_id=205"},"modified":"2020-04-01T16:31:08","modified_gmt":"2020-04-01T16:31:08","slug":"para-3o-de-eso","status":"publish","type":"page","link":"https:\/\/multiblog.educacion.navarra.es\/mnanclar\/para-3o-de-eso\/","title":{"rendered":"Para 3\u00ba de ESO"},"content":{"rendered":"\n<p>Blog con informaci\u00f3n general sobre estudios.  Incluye ultimas noticias sobre plazos de preinscripciones, recursos para orientarse , informaci\u00f3n sobre Universidades, Formaci\u00f3n Profesional y cuestionarios diversos para la Orientaci\u00f3n.Realizado por el Departamento de Orientaci\u00f3n del Instituto<\/p>\n\n\n\n<p>Direcci\u00f3n: <a href=\"https:\/\/iesbenjamin.educacion.navarra.es\/blogs\/orientacion\/#\" target=\"_blank\" rel=\"noreferrer noopener\" aria-label=\" (se abre en una nueva pesta\u00f1a)\">https:\/\/iesbenjamin.educacion.navarra.es\/blogs\/orientacion\/#<\/a><\/p>\n\n\n\n<p>Presentaci\u00f3n sobre las opciones de 4\u00ba de ESO  <\/p>\n\n\n\n<figure class=\"wp-block-embed-youtube alignleft wp-block-embed is-type-video is-provider-youtube wp-embed-aspect-16-9 wp-has-aspect-ratio\"><div class=\"wp-block-embed__wrapper\">\n<iframe loading=\"lazy\" title=\"LAS OPCIONES DE 4\u00ba DE ESO 20 21   Presentaciones de Google\" width=\"500\" height=\"281\" src=\"https:\/\/www.youtube.com\/embed\/lIay9Br5y3Y?feature=oembed\" frameborder=\"0\" allow=\"accelerometer; autoplay; encrypted-media; gyroscope; picture-in-picture\" allowfullscreen><\/iframe>\n<\/div><\/figure>\n\n\n\n<p><\/p>\n","protected":false},"excerpt":{"rendered":"<p>Blog con informaci\u00f3n general sobre estudios. Incluye ultimas noticias sobre plazos de preinscripciones, recursos para orientarse , informaci\u00f3n sobre Universidades, Formaci\u00f3n Profesional y cuestionarios diversos para la Orientaci\u00f3n.Realizado por el Departamento de Orientaci\u00f3n del Instituto Direcci\u00f3n: https:\/\/iesbenjamin.educacion.navarra.es\/blogs\/orientacion\/# Presentaci\u00f3n sobre las &hellip; <a href=\"https:\/\/multiblog.educacion.navarra.es\/mnanclar\/para-3o-de-eso\/\">Sigue leyendo <span class=\"meta-nav\">&rarr;<\/span><\/a><\/p>\n","protected":false},"author":188,"featured_media":0,"parent":0,"menu_order":0,"comment_status":"closed","ping_status":"closed","template":"","meta":[],"_links":{"self":[{"href":"https:\/\/multiblog.educacion.navarra.es\/mnanclar\/wp-json\/wp\/v2\/pages\/205"}],"collection":[{"href":"https:\/\/multiblog.educacion.navarra.es\/mnanclar\/wp-json\/wp\/v2\/pages"}],"about":[{"href":"https:\/\/multiblog.educacion.navarra.es\/mnanclar\/wp-json\/wp\/v2\/types\/page"}],"author":[{"embeddable":true,"href":"https:\/\/multiblog.educacion.navarra.es\/mnanclar\/wp-json\/wp\/v2\/users\/188"}],"replies":[{"embeddable":true,"href":"https:\/\/multiblog.educacion.navarra.es\/mnanclar\/wp-json\/wp\/v2\/comments?post=205"}],"version-history":[{"count":0,"href":"https:\/\/multiblog.educacion.navarra.es\/mnanclar\/wp-json\/wp\/v2\/pages\/205\/revisions"}],"wp:attachment":[{"href":"https:\/\/multiblog.educacion.navarra.es\/mnanclar\/wp-json\/wp\/v2\/media?parent=205"}],"curies":[{"name":"wp","href":"https:\/\/api.w.org\/{rel}","templated":true}]}}