


{"id":202,"date":"2020-04-01T11:24:10","date_gmt":"2020-04-01T11:24:10","guid":{"rendered":"https:\/\/multiblog.educacion.navarra.es\/mnanclar\/?page_id=202"},"modified":"2020-04-01T11:24:27","modified_gmt":"2020-04-01T11:24:27","slug":"orientacion-de-estudios-pensado-para-las-familias","status":"publish","type":"page","link":"https:\/\/multiblog.educacion.navarra.es\/mnanclar\/orientacion-de-estudios-pensado-para-las-familias\/","title":{"rendered":"ORIENTACI\u00d3N DE ESTUDIOS. Pensado para las familias"},"content":{"rendered":"\n<p>Estas p\u00e1ginas est\u00e1n pensadas para transmitir informaci\u00f3n sobre Orientaci\u00f3n de Estudios a las familias. Es un intento de atenuar las dificultades propias de la situaci\u00f3n de reclusi\u00f3n que padecemos. Est\u00e1n divididas por cursos. En ellas pueden encontrar presentaciones audiovisuales, presentaciones tipo Power Point y otros recursos para ayudar a sus hijos en las elecciones que deban hacer para el curso pr\u00f3ximo.<\/p>\n\n\n\n<p>Para las familias de 3\u00ba de ESO<\/p>\n\n\n\n<p>Para las familias de 4\u00ba de ESO<\/p>\n\n\n\n<p>Para familias de Bachillerato<\/p>\n\n\n\n<p>Para familias de 1\u00ba de ESO<\/p>\n\n\n\n<p>Para familias de 2\u00ba de ESO<\/p>\n","protected":false},"excerpt":{"rendered":"<p>Estas p\u00e1ginas est\u00e1n pensadas para transmitir informaci\u00f3n sobre Orientaci\u00f3n de Estudios a las familias. Es un intento de atenuar las dificultades propias de la situaci\u00f3n de reclusi\u00f3n que padecemos. Est\u00e1n divididas por cursos. En ellas pueden encontrar presentaciones audiovisuales, presentaciones &hellip; <a href=\"https:\/\/multiblog.educacion.navarra.es\/mnanclar\/orientacion-de-estudios-pensado-para-las-familias\/\">Sigue leyendo <span class=\"meta-nav\">&rarr;<\/span><\/a><\/p>\n","protected":false},"author":188,"featured_media":0,"parent":0,"menu_order":0,"comment_status":"closed","ping_status":"closed","template":"","meta":[],"_links":{"self":[{"href":"https:\/\/multiblog.educacion.navarra.es\/mnanclar\/wp-json\/wp\/v2\/pages\/202"}],"collection":[{"href":"https:\/\/multiblog.educacion.navarra.es\/mnanclar\/wp-json\/wp\/v2\/pages"}],"about":[{"href":"https:\/\/multiblog.educacion.navarra.es\/mnanclar\/wp-json\/wp\/v2\/types\/page"}],"author":[{"embeddable":true,"href":"https:\/\/multiblog.educacion.navarra.es\/mnanclar\/wp-json\/wp\/v2\/users\/188"}],"replies":[{"embeddable":true,"href":"https:\/\/multiblog.educacion.navarra.es\/mnanclar\/wp-json\/wp\/v2\/comments?post=202"}],"version-history":[{"count":0,"href":"https:\/\/multiblog.educacion.navarra.es\/mnanclar\/wp-json\/wp\/v2\/pages\/202\/revisions"}],"wp:attachment":[{"href":"https:\/\/multiblog.educacion.navarra.es\/mnanclar\/wp-json\/wp\/v2\/media?parent=202"}],"curies":[{"name":"wp","href":"https:\/\/api.w.org\/{rel}","templated":true}]}}