


{"id":741,"date":"2013-04-29T15:57:02","date_gmt":"2013-04-29T15:57:02","guid":{"rendered":"http:\/\/multiblog.educacion.navarra.es\/metayosa\/?page_id=741"},"modified":"2013-05-02T11:38:01","modified_gmt":"2013-05-02T11:38:01","slug":"blogs-que-visito","status":"publish","type":"page","link":"https:\/\/multiblog.educacion.navarra.es\/metayosa\/blogs-que-visito\/","title":{"rendered":"Blogs que visito y mis enlaces"},"content":{"rendered":"<p>Es dif\u00edcil elegir, pero valga de momento este listado, para ver por d\u00f3nde ando buscando.<\/p>\n<p><strong>Blogs sobre Ciencia, a secas. Me niego a ponerles n\u00famero o a ordenarlos: que cada cu\u00e1l decida.<\/strong><\/p>\n<p><strong><a href=\"http:\/\/naukas.com\/\">Naukas<\/a><\/strong>: Cuenta con\u00a0<strong>colaboraciones<\/strong>\u00a0de un gran n\u00famero de divulgadores cient\u00edficos y trata\u00a0sobre muy diversos temas.\u00a0<strong>\u00a0<a title=\"Tecnolog\u00eda Obsoleta\" href=\"http:\/\/www.alpoma.net\/tecob\/\" target=\"_blank\">Tecnolog\u00eda Obsoleta<\/a><\/strong>: de\u00a0<strong><a title=\"Alejandro Polanco\" href=\"http:\/\/www.behance.net\/alpoma\" target=\"_blank\">Alejandro Polanco<\/a>\u00a0con<\/strong>\u00a0excelentes art\u00edculos sobre ciencia, tecnolog\u00eda y curiosidades varias de la historia.<\/p>\n<p><strong><a title=\"Gaussianos\" href=\"http:\/\/gaussianos.com\/\" target=\"_blank\">Gaussianos<\/a><\/strong>: \u00a0de\u00a0<strong><a title=\"Autores de Gaussianos\" href=\"http:\/\/gaussianos.com\/quienes-somos\/\" target=\"_blank\">Miguel \u00c1ngel Morales<\/a>\u00a0sobre\u00a0<\/strong><strong>matem\u00e1ticas<\/strong>\u00a0van a pasar muy buenos ratos de lectura con sus art\u00edculos.<\/p>\n<p><strong>\u00a0<a title=\"El Tamiz\" href=\"http:\/\/eltamiz.com\/\" target=\"_blank\">El Tamiz<\/a><\/strong>: Un blog dedicado a la\u00a0<strong>f\u00edsica.<\/strong><\/p>\n<p><strong>\u00a0<a title=\"Ciencia Kanija\" href=\"http:\/\/www.cienciakanija.com\/\" target=\"_blank\">Ciencia Kanija<\/a><\/strong>: Muy, muy interesante.<\/p>\n<p><a href=\"http:\/\/www.xatakaciencia.com\/\">XatakaCiencia<\/a><\/p>\n<p><a href=\"http:\/\/danielmarin.blogspot.com.es\/\">Eureka<\/a><\/p>\n<p><a href=\"http:\/\/www.lapizarradeyuri.com\/\">La pizarra de Yuri<\/a>, que nos ha dicho un hasta luego desilusionado.<\/p>\n<p><a href=\"http:\/\/www.fogonazos.es\/\">Fogonazos<\/a>: asombros diarios, \u00bfqu\u00e9 m\u00e1s quieres?<\/p>\n<p><a href=\"http:\/\/lacienciaysusdemonios.com\/\">La Ciencia y sus demonios<\/a><\/p>\n<p><a href=\"http:\/\/www.esepuntoazulpalido.com\/\">Ese punto azul p\u00e1lido<\/a><\/p>\n<p><strong>Blogs sobre Ciencia y Tecnolog\u00eda<\/strong><\/p>\n<p><a href=\"http:\/\/www.microsiervos.com\/\">Microsiervo<\/a>s estupendo blog de tres amigos geek, uno de los primeros y al que siempre vuelvo, por sus estupendas infograf\u00edas y b\u00fasquedas.<\/p>\n<p><a href=\"http:\/\/wwwhatsnew.com\/\">Whatsnew<\/a>\u00a0el blog donde comentan las aplicaciones gratis interesantes que se mueven en la red, para hacer casi todo&#8230;<\/p>\n<p><a href=\"http:\/\/alt1040.com\/\">ALT1040<\/a>, definido como la gu\u00eda del geek suele aportar contenidos jugosos sobre enlaces y Ciencia.<\/p>\n<p><a href=\"http:\/\/www.xataka.com\/\">Xataka<\/a>\u00a0sobre gadgets y tecnolog\u00eda.<\/p>\n<p><a href=\"http:\/\/www.applesfera.com\/\">Applesfera<\/a>\u00a0todo sobre entorno IOS.<\/p>\n<p><a href=\"http:\/\/www.genbeta.com\">Genbeta<\/a>\u00a0con trucos, aplicaciones.<\/p>\n<p><a href=\"http:\/\/luz-tic.blogspot.com.es\/\">Luz-TIC<\/a>: trucos gratis, aplicaciones, programas, siempre al d\u00eda, siempre trabajando.<\/p>\n<p><strong>Blogs comunitarios<\/strong><\/p>\n<p><a href=\"http:\/\/enlanubetic.blogspot.com.es\/\">En la nube TIC<\/a>, el proyecto colaborativo iniciado por Juan Carlos Guerra en el que participamos varios profesores, compartiendo herramientas, trucos y trabajos en el aula.<\/p>\n<p><a href=\"http:\/\/villaves56.blogspot.com.es\/\">Educaci\u00f3n Tecnol\u00f3gica<\/a>\u00a0El Blog del villav\u00e9s Celes Arteta. Todo sobre TIC.<\/p>\n<p><a href=\"http:\/\/kioskodechuches20.com\/\">El Kiosko de chuches<\/a>\u00a0de Lara Romero y \u00a0colaboradores es Web 2.0 en estado puro: recursos para trabajar sin registrarse, hoy cerrado por uso indebido, por parte de otros, claro.<\/p>\n<p><a href=\"http:\/\/proyectoguappis.blogspot.com.es\/\">Proyecto GuAppis<\/a>, Proyecto, en el que tambi\u00e9n colaboro,\u00a0\u00a0De Profesionales De La Educaci\u00f3n: Hablamos De Aplicaciones\u00a0educativas O No, Sus Utilidades Did\u00e1cticas Y De La Integraci\u00f3n De Dispositivos M\u00f3viles En El Aula.<\/p>\n<p><strong>\u00a0Enlaces<\/strong><br \/>\n<iframe frameborder='0' noresize='noresize' src='http:\/\/www.symbaloo.com\/embed\/metayosa1' name='_symFrame' width='920px' height='600px'><\/iframe><\/p>\n","protected":false},"excerpt":{"rendered":"<p>Es dif\u00edcil elegir, pero valga de momento este listado, para ver por d\u00f3nde ando buscando. Blogs sobre Ciencia, a secas. Me niego a ponerles n\u00famero o a ordenarlos: que cada cu\u00e1l decida. Naukas: Cuenta con\u00a0colaboraciones\u00a0de un gran n\u00famero de divulgadores cient\u00edficos y trata\u00a0sobre muy diversos temas.\u00a0\u00a0Tecnolog\u00eda Obsoleta: de\u00a0Alejandro Polanco\u00a0con\u00a0excelentes art\u00edculos sobre ciencia, tecnolog\u00eda y curiosidades <a href='https:\/\/multiblog.educacion.navarra.es\/metayosa\/blogs-que-visito\/' class='excerpt-more'>[&#8230;]<\/a><\/p>\n","protected":false},"author":181,"featured_media":0,"parent":0,"menu_order":4,"comment_status":"open","ping_status":"open","template":"","meta":[],"_links":{"self":[{"href":"https:\/\/multiblog.educacion.navarra.es\/metayosa\/wp-json\/wp\/v2\/pages\/741"}],"collection":[{"href":"https:\/\/multiblog.educacion.navarra.es\/metayosa\/wp-json\/wp\/v2\/pages"}],"about":[{"href":"https:\/\/multiblog.educacion.navarra.es\/metayosa\/wp-json\/wp\/v2\/types\/page"}],"author":[{"embeddable":true,"href":"https:\/\/multiblog.educacion.navarra.es\/metayosa\/wp-json\/wp\/v2\/users\/181"}],"replies":[{"embeddable":true,"href":"https:\/\/multiblog.educacion.navarra.es\/metayosa\/wp-json\/wp\/v2\/comments?post=741"}],"version-history":[{"count":0,"href":"https:\/\/multiblog.educacion.navarra.es\/metayosa\/wp-json\/wp\/v2\/pages\/741\/revisions"}],"wp:attachment":[{"href":"https:\/\/multiblog.educacion.navarra.es\/metayosa\/wp-json\/wp\/v2\/media?parent=741"}],"curies":[{"name":"wp","href":"https:\/\/api.w.org\/{rel}","templated":true}]}}