


{"id":546,"date":"2012-05-07T11:54:01","date_gmt":"2012-05-07T11:54:01","guid":{"rendered":"http:\/\/multiblog.educacion.navarra.es\/metayosa\/?page_id=546"},"modified":"2012-05-23T15:27:04","modified_gmt":"2012-05-23T15:27:04","slug":"trabajos-del-alumnado-de-ctma","status":"publish","type":"page","link":"https:\/\/multiblog.educacion.navarra.es\/metayosa\/trabajos-del-alumnado-de-ctma\/","title":{"rendered":"Trabajos del alumnado de CTMA"},"content":{"rendered":"<p>Vamos a abrir esta p\u00e1gina, para contener los trabajos que vamos realizando en CTMA<br \/>\nEmpezamos por el de Charo P\u00e9rez, que ha hecho una recopilaci\u00f3n en formato revista de las noticias aparecidas sobre energ\u00edas renovables en el primer trimestre. Me gustar\u00eda que coment\u00e1rais los trabajos.<br \/>\n&lt;a<br \/>\n<div style=\"text-align: center; width:100%; margin: 12px auto;\"><div style=\"margin: 4px 0px;\"><a href=\"http:\/\/calameo.com\/books\/00046600313fde5583f9b\">View this publication on Calam&eacute;o<\/a><\/div><iframe src=\"\/\/v.calameo.com\/?bkcode=00046600313fde5583f9b&amp;language=es&amp;page=&amp;showsharemenu=true\" width=\"100%\" height=\"500\" style=\"width:100%;height:500px\" frameborder=\"0\" scrolling=\"no\" allowtransparency allowfullscreen><\/iframe><div style=\"margin: 4px 0px; font-size: 90%;\"><a rel=\"nofollow\" href=\"http:\/\/calameo.com\/upload\">Publish<\/a> at <a href=\"http:\/\/calameo.com\">Calam&eacute;o<\/a> or <a href=\"http:\/\/calameo.com\/browse\/weekly\/?o=7&amp;w=DESC\">browse<\/a> the library.<\/div><\/div><\/p>\n<p>Trabajo sobre el libro &#8220;El clima est\u00e1 en nuestras manos&#8221; de Tim Flannery, realizado por Ux\u00faa Zabala. El contenido de este trabajo consta de los res\u00famenes de lo m\u00e1s destacado de cada cap\u00edtulo del libro, con varias ampliaciones necesarias para la comprensi\u00f3n de algunos conceptos. Adem\u00e1s, al final, incluye una valoraci\u00f3n m\u00e1s personal.<br \/>\n<div style=\"text-align: center; width:100%; margin: 12px auto;\"><div style=\"margin: 4px 0px;\"><a href=\"http:\/\/calameo.com\/books\/000466003ee9d92ce9e0e\">View this publication on Calam&eacute;o<\/a><\/div><iframe src=\"\/\/v.calameo.com\/?bkcode=000466003ee9d92ce9e0e&amp;language=es&amp;page=&amp;showsharemenu=true\" width=\"100%\" height=\"500\" style=\"width:100%;height:500px\" frameborder=\"0\" scrolling=\"no\" allowtransparency allowfullscreen><\/iframe><div style=\"margin: 4px 0px; font-size: 90%;\"><a rel=\"nofollow\" href=\"http:\/\/calameo.com\/upload\">Publish<\/a> at <a href=\"http:\/\/calameo.com\">Calam&eacute;o<\/a> or <a href=\"http:\/\/calameo.com\/browse\/weekly\/?o=7&amp;w=DESC\">browse<\/a> the library.<\/div><\/div><\/p>\n<p>Trabajo de Mar\u00eda Iba\u00f1ez, sobre la obsolescencia programada.<\/p>\n<div style=\"text-align: center; width:100%; margin: 12px auto;\"><div style=\"margin: 4px 0px;\"><a href=\"http:\/\/calameo.com\/books\/0004660033ea6a956d549\">View this publication on Calam&eacute;o<\/a><\/div><iframe src=\"\/\/v.calameo.com\/?bkcode=0004660033ea6a956d549&amp;language=es&amp;page=&amp;showsharemenu=true\" width=\"100%\" height=\"500\" style=\"width:100%;height:500px\" frameborder=\"0\" scrolling=\"no\" allowtransparency allowfullscreen><\/iframe><div style=\"margin: 4px 0px; font-size: 90%;\"><a rel=\"nofollow\" href=\"http:\/\/calameo.com\/upload\">Publish<\/a> at <a href=\"http:\/\/calameo.com\">Calam&eacute;o<\/a> or <a href=\"http:\/\/calameo.com\/browse\/weekly\/?o=7&amp;w=DESC\">browse<\/a> the library.<\/div><\/div>\n<p>Creo que te interesar\u00e1 ver el documental completo: <a href=\"http:\/\/www.rtve.es\/alacarta\/videos\/programa\/documental-comprar-tirar-comprar\/1382261\/\">Sigue este enlace<\/a>\u00a0y recuerda que rtve tiene tve a la carta, que te permite ver cuando quieras lo que ya se ha emitido.<\/p>\n<p>Trabajo de Juana Mar\u00eda G\u00f3mez:<\/p>\n<p>El blog: Peligro potencial sobre la energ\u00eda nuclear:<\/p>\n<p><a href=\"http:\/\/ionegomeznuklearikez.wordpress.com\/\"><img loading=\"lazy\" class=\"alignleft size-medium wp-image-554\" src=\"http:\/\/multiblog.educacion.navarra.es\/metayosa\/files\/2012\/04\/peligropotencial1-300x234.jpg\" alt=\"\" width=\"300\" height=\"234\" srcset=\"https:\/\/multiblog.educacion.navarra.es\/metayosa\/files\/2012\/04\/peligropotencial1-300x234.jpg 300w, https:\/\/multiblog.educacion.navarra.es\/metayosa\/files\/2012\/04\/peligropotencial1-150x117.jpg 150w, https:\/\/multiblog.educacion.navarra.es\/metayosa\/files\/2012\/04\/peligropotencial1.jpg 720w\" sizes=\"(max-width: 300px) 100vw, 300px\" \/><\/a><\/p>\n<p>Y su presentaci\u00f3n resumen<\/p>\n<iframe src=\"https:\/\/www.slideshare.net\/slideshow\/embed_code\/12634683\" width=\"640\" height=\"519\" frameborder=\"0\" marginwidth=\"0\" marginheight=\"0\" scrolling=\"no\"><\/iframe><br\/>\n<p>Roc\u00edo Cobo Mart\u00ednez ha trabajado durante el curso en &#8220;El cambio clim\u00e1tico&#8221;. \u00c9ste es el resultado:<\/p>\n<div style=\"text-align: center; width:100%; margin: 12px auto;\"><div style=\"margin: 4px 0px;\"><a href=\"http:\/\/calameo.com\/books\/00046600361069f694506lang=es\">View this publication on Calam&eacute;o<\/a><\/div><iframe src=\"\/\/v.calameo.com\/?bkcode=00046600361069f694506lang=es&amp;language=es&amp;page=&amp;showsharemenu=true\" width=\"100%\" height=\"500\" style=\"width:100%;height:500px\" frameborder=\"0\" scrolling=\"no\" allowtransparency allowfullscreen><\/iframe><div style=\"margin: 4px 0px; font-size: 90%;\"><a rel=\"nofollow\" href=\"http:\/\/calameo.com\/upload\">Publish<\/a> at <a href=\"http:\/\/calameo.com\">Calam&eacute;o<\/a> or <a href=\"http:\/\/calameo.com\/browse\/weekly\/?o=7&amp;w=DESC\">browse<\/a> the library.<\/div><\/div>\n<p>Miguel Fern\u00e1ndez Sanz ha investigado sobre las Energ\u00edas renovables. Aqu\u00ed tienes su trabajo:<br \/>\n<div style=\"text-align: center; width:100%; margin: 12px auto;\"><div style=\"margin: 4px 0px;\"><a href=\"http:\/\/calameo.com\/books\/000466003e8d8535a0f08\">View this publication on Calam&eacute;o<\/a><\/div><iframe src=\"\/\/v.calameo.com\/?bkcode=000466003e8d8535a0f08&amp;language=es&amp;page=&amp;showsharemenu=true\" width=\"100%\" height=\"500\" style=\"width:100%;height:500px\" frameborder=\"0\" scrolling=\"no\" allowtransparency allowfullscreen><\/iframe><div style=\"margin: 4px 0px; font-size: 90%;\"><a rel=\"nofollow\" href=\"http:\/\/calameo.com\/upload\">Publish<\/a> at <a href=\"http:\/\/calameo.com\">Calam&eacute;o<\/a> or <a href=\"http:\/\/calameo.com\/browse\/weekly\/?o=7&amp;w=DESC\">browse<\/a> the library.<\/div><\/div><\/p>\n<p>Ferm\u00edn Barrena se ha decantado por revisar el Sol, c\u00f3mo origen de casi todo lo que ocurre en la Tierra. Ve\u00e1moslo:<br \/>\n<div style=\"text-align: center; width:100%; margin: 12px auto;\"><div style=\"margin: 4px 0px;\"><a href=\"http:\/\/calameo.com\/books\/0004660039b01eced0786\">View this publication on Calam&eacute;o<\/a><\/div><iframe src=\"\/\/v.calameo.com\/?bkcode=0004660039b01eced0786&amp;language=es&amp;page=&amp;showsharemenu=true\" width=\"100%\" height=\"500\" style=\"width:100%;height:500px\" frameborder=\"0\" scrolling=\"no\" allowtransparency allowfullscreen><\/iframe><div style=\"margin: 4px 0px; font-size: 90%;\"><a rel=\"nofollow\" href=\"http:\/\/calameo.com\/upload\">Publish<\/a> at <a href=\"http:\/\/calameo.com\">Calam&eacute;o<\/a> or <a href=\"http:\/\/calameo.com\/browse\/weekly\/?o=7&amp;w=DESC\">browse<\/a> the library.<\/div><\/div><\/p>\n<p>&nbsp;<\/p>\n","protected":false},"excerpt":{"rendered":"<p>Vamos a abrir esta p\u00e1gina, para contener los trabajos que vamos realizando en CTMA Empezamos por el de Charo P\u00e9rez, que ha hecho una recopilaci\u00f3n en formato revista de las noticias aparecidas sobre energ\u00edas renovables en el primer trimestre. Me gustar\u00eda que coment\u00e1rais los trabajos. &lt;a Trabajo sobre el libro &#8220;El clima est\u00e1 en nuestras <a href='https:\/\/multiblog.educacion.navarra.es\/metayosa\/trabajos-del-alumnado-de-ctma\/' class='excerpt-more'>[&#8230;]<\/a><\/p>\n","protected":false},"author":181,"featured_media":0,"parent":0,"menu_order":0,"comment_status":"open","ping_status":"open","template":"","meta":[],"_links":{"self":[{"href":"https:\/\/multiblog.educacion.navarra.es\/metayosa\/wp-json\/wp\/v2\/pages\/546"}],"collection":[{"href":"https:\/\/multiblog.educacion.navarra.es\/metayosa\/wp-json\/wp\/v2\/pages"}],"about":[{"href":"https:\/\/multiblog.educacion.navarra.es\/metayosa\/wp-json\/wp\/v2\/types\/page"}],"author":[{"embeddable":true,"href":"https:\/\/multiblog.educacion.navarra.es\/metayosa\/wp-json\/wp\/v2\/users\/181"}],"replies":[{"embeddable":true,"href":"https:\/\/multiblog.educacion.navarra.es\/metayosa\/wp-json\/wp\/v2\/comments?post=546"}],"version-history":[{"count":0,"href":"https:\/\/multiblog.educacion.navarra.es\/metayosa\/wp-json\/wp\/v2\/pages\/546\/revisions"}],"wp:attachment":[{"href":"https:\/\/multiblog.educacion.navarra.es\/metayosa\/wp-json\/wp\/v2\/media?parent=546"}],"curies":[{"name":"wp","href":"https:\/\/api.w.org\/{rel}","templated":true}]}}