


{"id":243,"date":"2011-02-11T11:32:39","date_gmt":"2011-02-11T11:32:39","guid":{"rendered":"http:\/\/cosasdeciencias.wordpress.com\/?page_id=2"},"modified":"2015-04-04T18:40:27","modified_gmt":"2015-04-04T18:40:27","slug":"acerca-de-2","status":"publish","type":"page","link":"https:\/\/multiblog.educacion.navarra.es\/metayosa\/acerca-de-2\/","title":{"rendered":"Acerca de m\u00ed"},"content":{"rendered":"<p>Dirigido por Isabel Etayo, profesora de Biologia y Geolog\u00eda en Navarra. Apasionada de las NNTT.Actualmente imparte clases en IESNAPA F\u00e9lix Urabayen. El blog, en principio personal, ha devenido en un blog de aula, o mejor a\u00fan, un diario de clase, en el que compartimos lo que somos y hacemos.<\/p>\n<p>Web: <a title=\"Cosas de Ciencias\" href=\"http:\/\/docentes.educacion.navarra.es\/~metayosa\/\" target=\"_blank\">http:\/\/docentes.educacion.navarra.es\/~metayosa\/<\/a><\/p>\n<p>Blog en multiblog: <a href=\"http:\/\/multiblog.educacion.navarra.es\/metayosa\/2010\/11\/15\/radiaciones-bajo-control\/\" target=\"_blank\">http:\/\/multiblog.educacion.navarra.es\/metayosa\/<\/a><br \/>\n.Aqu\u00ed vas a encontrar algunas de las noticias, enlaces o im\u00e1genes que me parecen m\u00e1s interesantes. Espero que los puedas aprovechar<\/p>\n<p>\u00bfQU\u00e9 es Blolog\u00eda?<br \/>\n<a href=\"http:\/\/multiblog.educacion.navarra.es\/metayosa\/files\/2011\/02\/Dibujo.jpg\"><img loading=\"lazy\" src=\"http:\/\/multiblog.educacion.navarra.es\/metayosa\/files\/2011\/02\/Dibujo-300x227.jpg\" alt=\"\" width=\"300\" height=\"227\" class=\"aligncenter size-medium wp-image-646\" srcset=\"https:\/\/multiblog.educacion.navarra.es\/metayosa\/files\/2011\/02\/Dibujo-300x227.jpg 300w, https:\/\/multiblog.educacion.navarra.es\/metayosa\/files\/2011\/02\/Dibujo.jpg 713w\" sizes=\"(max-width: 300px) 100vw, 300px\" \/><\/a><\/p>\n<p>Manual de uso del Blog<\/p>\n","protected":false},"excerpt":{"rendered":"<p>Dirigido por Isabel Etayo, profesora de Biologia y Geolog\u00eda en Navarra. Apasionada de las NNTT.Actualmente imparte clases en IESNAPA F\u00e9lix Urabayen. El blog, en principio personal, ha devenido en un blog de aula, o mejor a\u00fan, un diario de clase, en el que compartimos lo que somos y hacemos. Web: http:\/\/docentes.educacion.navarra.es\/~metayosa\/ Blog en multiblog: http:\/\/multiblog.educacion.navarra.es\/metayosa\/ <a href='https:\/\/multiblog.educacion.navarra.es\/metayosa\/acerca-de-2\/' class='excerpt-more'>[&#8230;]<\/a><\/p>\n","protected":false},"author":181,"featured_media":0,"parent":0,"menu_order":0,"comment_status":"open","ping_status":"open","template":"","meta":[],"_links":{"self":[{"href":"https:\/\/multiblog.educacion.navarra.es\/metayosa\/wp-json\/wp\/v2\/pages\/243"}],"collection":[{"href":"https:\/\/multiblog.educacion.navarra.es\/metayosa\/wp-json\/wp\/v2\/pages"}],"about":[{"href":"https:\/\/multiblog.educacion.navarra.es\/metayosa\/wp-json\/wp\/v2\/types\/page"}],"author":[{"embeddable":true,"href":"https:\/\/multiblog.educacion.navarra.es\/metayosa\/wp-json\/wp\/v2\/users\/181"}],"replies":[{"embeddable":true,"href":"https:\/\/multiblog.educacion.navarra.es\/metayosa\/wp-json\/wp\/v2\/comments?post=243"}],"version-history":[{"count":0,"href":"https:\/\/multiblog.educacion.navarra.es\/metayosa\/wp-json\/wp\/v2\/pages\/243\/revisions"}],"wp:attachment":[{"href":"https:\/\/multiblog.educacion.navarra.es\/metayosa\/wp-json\/wp\/v2\/media?parent=243"}],"curies":[{"name":"wp","href":"https:\/\/api.w.org\/{rel}","templated":true}]}}