


{"id":2,"date":"2010-05-03T12:27:56","date_gmt":"2010-05-03T12:27:56","guid":{"rendered":""},"modified":"2022-10-02T16:56:35","modified_gmt":"2022-10-02T16:56:35","slug":"informacion","status":"publish","type":"page","link":"https:\/\/multiblog.educacion.navarra.es\/lsampaycid\/informacion\/","title":{"rendered":"Acerca de"},"content":{"rendered":"<p>Este blog est\u00e1 dedicado a Hacking \u00c9tico en Formaci\u00f3n Profesional en el curso de especializaci\u00f3n de ciberseguridad en entornos de las tecnolog\u00edas de la informaci\u00f3n. El objetivo es publicar contenidos relacionados con la asignatura y compartir el contenido con el alumnado.<\/p>\n","protected":false},"excerpt":{"rendered":"<p>Este blog est\u00e1 dedicado a Hacking \u00c9tico en Formaci\u00f3n Profesional en el curso de especializaci\u00f3n de ciberseguridad en entornos de las tecnolog\u00edas de la informaci\u00f3n. El objetivo es publicar contenidos relacionados con la asignatura y compartir el contenido con el <a class=\"more-link\" href=\"https:\/\/multiblog.educacion.navarra.es\/lsampaycid\/informacion\/\">Seguir leyendo <span class=\"screen-reader-text\">  Acerca de<\/span><span class=\"meta-nav\">&rarr;<\/span><\/a><\/p>\n","protected":false},"author":149,"featured_media":0,"parent":0,"menu_order":0,"comment_status":"closed","ping_status":"open","template":"","meta":[],"_links":{"self":[{"href":"https:\/\/multiblog.educacion.navarra.es\/lsampaycid\/wp-json\/wp\/v2\/pages\/2"}],"collection":[{"href":"https:\/\/multiblog.educacion.navarra.es\/lsampaycid\/wp-json\/wp\/v2\/pages"}],"about":[{"href":"https:\/\/multiblog.educacion.navarra.es\/lsampaycid\/wp-json\/wp\/v2\/types\/page"}],"author":[{"embeddable":true,"href":"https:\/\/multiblog.educacion.navarra.es\/lsampaycid\/wp-json\/wp\/v2\/users\/149"}],"replies":[{"embeddable":true,"href":"https:\/\/multiblog.educacion.navarra.es\/lsampaycid\/wp-json\/wp\/v2\/comments?post=2"}],"version-history":[{"count":0,"href":"https:\/\/multiblog.educacion.navarra.es\/lsampaycid\/wp-json\/wp\/v2\/pages\/2\/revisions"}],"wp:attachment":[{"href":"https:\/\/multiblog.educacion.navarra.es\/lsampaycid\/wp-json\/wp\/v2\/media?parent=2"}],"curies":[{"name":"wp","href":"https:\/\/api.w.org\/{rel}","templated":true}]}}