


{"id":88,"date":"2011-06-27T18:02:16","date_gmt":"2011-06-27T18:02:16","guid":{"rendered":"http:\/\/multiblog.educacion.navarra.es\/lcordonm\/?page_id=88"},"modified":"2011-07-16T19:01:18","modified_gmt":"2011-07-16T19:01:18","slug":"contraccion-de-la-longitud-y-dilatacion-del-tiempo","status":"publish","type":"page","link":"https:\/\/multiblog.educacion.navarra.es\/lcordonm\/fisica-general\/contraccion-de-la-longitud-y-dilatacion-del-tiempo\/","title":{"rendered":"Contracci\u00f3n longitud y dilataci\u00f3n tiempo"},"content":{"rendered":"<p>En este art\u00edculo se tratan tres consecuencias de la teor\u00eda de la Relatividad Restringida que, aunque son bien conocidas, no dejan de ser espectaculares y \u201ccontrarias\u201d a nuestro sentido com\u00fan. Se trata de la contracci\u00f3n de la longitud, la dilaci\u00f3n del tiempo y la simultaneidad.\u00a0Cuando un objeto se mueve respecto a un sistema de referencia inercial, parece sufrir una contracci\u00f3n de la longitud del mismo en la direcci\u00f3n del movimiento. Igualmente, un reloj en movimiento respecto a un observador inercial aparenta avanzar m\u00e1s lentamente que otro id\u00e9ntico que est\u00e1 en reposo respecto al mismo observador.<br \/>\nUtilizaremos las transformaciones de Lorentz directa e inversa para llegar a las ecuaciones que demuestran con toda generalidad la contracci\u00f3n de longitudes, la dilataci\u00f3n del tiempo y la falta de sincronizaci\u00f3n de relojes en distintos sistemas de referencia.\u00a0A partir de ejemplos concretos, veremos que las ecuaciones obtenidas con la transformaci\u00f3n de Lorentz son una consecuencia de la constancia de la velocidad de la luz. Comprobaremos la veracidad de dichas ecuaciones a partir del hecho de la velocidad de la luz es la misma en todos los sistemas de referencia. Aunque de este modo no se demuestran las ecuaciones (s\u00f3lo se comprueban); la l\u00ednea de razonamiento seguida puede ser suficiente en muchos casos. Aquellos lectores que no necesiten m\u00e1s, pueden saltarse los puntos 2, 3 y 4, en los que s\u00ed se demuestran las ecuaciones.<\/p>\n<p>Para acceder al art\u00edculo haz clic en el siguiente enlace: <a href=\"http:\/\/multiblog.educacion.navarra.es\/lcordonm\/files\/2011\/07\/Contracci%C3%B3n-longitud-y-dilataci%C3%B3n-tiempo.pdf\" target=\"_blank\">Contracci\u00f3n longitud y dilataci\u00f3n tiempo<\/a><\/p>\n","protected":false},"excerpt":{"rendered":"<p>En este art\u00edculo se tratan tres consecuencias de la teor\u00eda de la Relatividad Restringida que, aunque son bien conocidas, no dejan de ser espectaculares y \u201ccontrarias\u201d a nuestro sentido com\u00fan. Se trata de la contracci\u00f3n de la longitud, la dilaci\u00f3n del tiempo y la simultaneidad.\u00a0Cuando un objeto se mueve respecto a un sistema de referencia &hellip; <\/p>\n<p><a class=\"more-link btn\" href=\"https:\/\/multiblog.educacion.navarra.es\/lcordonm\/fisica-general\/contraccion-de-la-longitud-y-dilatacion-del-tiempo\/\">Continue reading<\/a><\/p>\n","protected":false},"author":217,"featured_media":0,"parent":72,"menu_order":2,"comment_status":"open","ping_status":"open","template":"","meta":[],"_links":{"self":[{"href":"https:\/\/multiblog.educacion.navarra.es\/lcordonm\/wp-json\/wp\/v2\/pages\/88"}],"collection":[{"href":"https:\/\/multiblog.educacion.navarra.es\/lcordonm\/wp-json\/wp\/v2\/pages"}],"about":[{"href":"https:\/\/multiblog.educacion.navarra.es\/lcordonm\/wp-json\/wp\/v2\/types\/page"}],"author":[{"embeddable":true,"href":"https:\/\/multiblog.educacion.navarra.es\/lcordonm\/wp-json\/wp\/v2\/users\/217"}],"replies":[{"embeddable":true,"href":"https:\/\/multiblog.educacion.navarra.es\/lcordonm\/wp-json\/wp\/v2\/comments?post=88"}],"version-history":[{"count":0,"href":"https:\/\/multiblog.educacion.navarra.es\/lcordonm\/wp-json\/wp\/v2\/pages\/88\/revisions"}],"up":[{"embeddable":true,"href":"https:\/\/multiblog.educacion.navarra.es\/lcordonm\/wp-json\/wp\/v2\/pages\/72"}],"wp:attachment":[{"href":"https:\/\/multiblog.educacion.navarra.es\/lcordonm\/wp-json\/wp\/v2\/media?parent=88"}],"curies":[{"name":"wp","href":"https:\/\/api.w.org\/{rel}","templated":true}]}}