


{"id":77,"date":"2011-05-24T12:46:07","date_gmt":"2011-05-24T12:46:07","guid":{"rendered":"http:\/\/multiblog.educacion.navarra.es\/lcordonm\/?page_id=77"},"modified":"2011-09-19T19:07:42","modified_gmt":"2011-09-19T19:07:42","slug":"transformaciones-de-galileo-y-lorentz","status":"publish","type":"page","link":"https:\/\/multiblog.educacion.navarra.es\/lcordonm\/fisica-general\/transformaciones-de-galileo-y-lorentz\/","title":{"rendered":"Transformaciones de Galileo y Lorentz"},"content":{"rendered":"<p>Se trata de un art\u00edculo que explica las transformaciones de Galileo y de Lorentz. A lo largo del mismo se ven algunas de las dificultades de la Mec\u00e1nica\u00a0Cl\u00e1sica, basada en la transformaci\u00f3n de Galileo, para explicar ciertos fen\u00f3menos f\u00edsicos; lo que llev\u00f3 a Einstein a desarrollar la teor\u00eda de la Relatividad Restringida, que utiliza la transformaci\u00f3n de Lorentz.<br \/>\nAsimismo se prueba que la teor\u00eda del Electromagnetismo de Maxwell, desarrollada 40 a\u00f1os antes que la de Einstein, no es invariante frente a una transformaci\u00f3n de Galileo, pero s\u00ed lo es frente a la de Lorentz. Lo que sugiere, no s\u00f3lo la compatibilidad de las dos teor\u00edas, sino tambi\u00e9n la solidez de ambas.<br \/>\nPara acceder al art\u00edculo haz clic en el siguiente enlace:\u00a0<a href=\"http:\/\/multiblog.educacion.navarra.es\/lcordonm\/files\/2011\/06\/Transformaciones-Galileo-y-Lorentz.pdf\"><\/a><a href=\"http:\/\/multiblog.educacion.navarra.es\/lcordonm\/files\/2011\/06\/Transformaciones-de-Galileo-y-Lorentz.pdf\" target=\"_blank\">Transformaciones de Galileo y Lorentz<\/a><\/p>\n","protected":false},"excerpt":{"rendered":"<p>Se trata de un art\u00edculo que explica las transformaciones de Galileo y de Lorentz. A lo largo del mismo se ven algunas de las dificultades de la Mec\u00e1nica\u00a0Cl\u00e1sica, basada en la transformaci\u00f3n de Galileo, para explicar ciertos fen\u00f3menos f\u00edsicos; lo que llev\u00f3 a Einstein a desarrollar la teor\u00eda de la Relatividad Restringida, que utiliza la &hellip; <\/p>\n<p><a class=\"more-link btn\" href=\"https:\/\/multiblog.educacion.navarra.es\/lcordonm\/fisica-general\/transformaciones-de-galileo-y-lorentz\/\">Continue reading<\/a><\/p>\n","protected":false},"author":217,"featured_media":0,"parent":72,"menu_order":1,"comment_status":"open","ping_status":"closed","template":"template-onecolumn.php","meta":[],"_links":{"self":[{"href":"https:\/\/multiblog.educacion.navarra.es\/lcordonm\/wp-json\/wp\/v2\/pages\/77"}],"collection":[{"href":"https:\/\/multiblog.educacion.navarra.es\/lcordonm\/wp-json\/wp\/v2\/pages"}],"about":[{"href":"https:\/\/multiblog.educacion.navarra.es\/lcordonm\/wp-json\/wp\/v2\/types\/page"}],"author":[{"embeddable":true,"href":"https:\/\/multiblog.educacion.navarra.es\/lcordonm\/wp-json\/wp\/v2\/users\/217"}],"replies":[{"embeddable":true,"href":"https:\/\/multiblog.educacion.navarra.es\/lcordonm\/wp-json\/wp\/v2\/comments?post=77"}],"version-history":[{"count":0,"href":"https:\/\/multiblog.educacion.navarra.es\/lcordonm\/wp-json\/wp\/v2\/pages\/77\/revisions"}],"up":[{"embeddable":true,"href":"https:\/\/multiblog.educacion.navarra.es\/lcordonm\/wp-json\/wp\/v2\/pages\/72"}],"wp:attachment":[{"href":"https:\/\/multiblog.educacion.navarra.es\/lcordonm\/wp-json\/wp\/v2\/media?parent=77"}],"curies":[{"name":"wp","href":"https:\/\/api.w.org\/{rel}","templated":true}]}}