


{"id":72,"date":"2011-05-24T11:39:35","date_gmt":"2011-05-24T10:39:35","guid":{"rendered":"http:\/\/multiblog.educacion.navarra.es\/lcordonm\/?page_id=72"},"modified":"2014-06-16T19:08:14","modified_gmt":"2014-06-16T18:08:14","slug":"fisica-general","status":"publish","type":"page","link":"https:\/\/multiblog.educacion.navarra.es\/lcordonm\/fisica-general\/","title":{"rendered":"Relatividad"},"content":{"rendered":"<p>Aqu\u00ed se desarrollar\u00e1n una serie de art\u00edculos (de momento s\u00f3lo uno) que intentar\u00e1n cubrir los aspectos m\u00e1s relevantes y sorprendentes de la teor\u00eda de la Relatividad Restringida . En contra de lo que se puede pensar, es una teor\u00eda simple desde el punto de vista matem\u00e1tico; aunque si es verdad que algunos resultados est\u00e1n tan enfrentados con el sentido com\u00fan que cuesta un poco asimilarlos.<\/p>\n<p>Las situaciones f\u00edsicas se han elegido de modo que simplifican al m\u00e1ximo el desarrollo matem\u00e1tico, sin que esto suponga una p\u00e9rdida de generalidad. Con excepci\u00f3n de algunos puntos, que son opcionales, \u00a0en los que aparecen funciones de dos variables y derivadas parciales de las mismas, las matem\u00e1ticas necesarias son las de un curso de Matem\u00e1ticas Generales de 1\u00ba de Universidad.\u00a0Igualmente, los fundamentos f\u00edsicos requeridos son tambi\u00e9n los que se imparten en cualquier curso de F\u00edsica General de 1\u00ba de Universidad.<\/p>\n<p>Art\u00edculo 1\u00ba: <a href=\"http:\/\/multiblog.educacion.navarra.es\/lcordonm\/fisica-general\/transformaciones-de-galileo-y-lorentz\/\">Transformaciones de Galileo y Lorentz<\/a><br \/>\nArt\u00edculo 2\u00ba: <a href=\"http:\/\/multiblog.educacion.navarra.es\/lcordonm\/fisica-general\/contraccion-de-la-longitud-y-dilatacion-del-tiempo\/\">Contracci\u00f3n longitud y dilataci\u00f3n tiempo<\/a><\/p>\n","protected":false},"excerpt":{"rendered":"<p>Aqu\u00ed se desarrollar\u00e1n una serie de art\u00edculos (de momento s\u00f3lo uno) que intentar\u00e1n cubrir los aspectos m\u00e1s relevantes y sorprendentes de la teor\u00eda de la Relatividad Restringida . En contra de lo que se puede pensar, es una teor\u00eda simple desde el punto de vista matem\u00e1tico; aunque si es verdad que algunos resultados est\u00e1n tan &hellip; <\/p>\n<p><a class=\"more-link btn\" href=\"https:\/\/multiblog.educacion.navarra.es\/lcordonm\/fisica-general\/\">Continue reading<\/a><\/p>\n","protected":false},"author":217,"featured_media":0,"parent":0,"menu_order":2,"comment_status":"open","ping_status":"closed","template":"template-onecolumn.php","meta":[],"_links":{"self":[{"href":"https:\/\/multiblog.educacion.navarra.es\/lcordonm\/wp-json\/wp\/v2\/pages\/72"}],"collection":[{"href":"https:\/\/multiblog.educacion.navarra.es\/lcordonm\/wp-json\/wp\/v2\/pages"}],"about":[{"href":"https:\/\/multiblog.educacion.navarra.es\/lcordonm\/wp-json\/wp\/v2\/types\/page"}],"author":[{"embeddable":true,"href":"https:\/\/multiblog.educacion.navarra.es\/lcordonm\/wp-json\/wp\/v2\/users\/217"}],"replies":[{"embeddable":true,"href":"https:\/\/multiblog.educacion.navarra.es\/lcordonm\/wp-json\/wp\/v2\/comments?post=72"}],"version-history":[{"count":0,"href":"https:\/\/multiblog.educacion.navarra.es\/lcordonm\/wp-json\/wp\/v2\/pages\/72\/revisions"}],"wp:attachment":[{"href":"https:\/\/multiblog.educacion.navarra.es\/lcordonm\/wp-json\/wp\/v2\/media?parent=72"}],"curies":[{"name":"wp","href":"https:\/\/api.w.org\/{rel}","templated":true}]}}