


{"id":64,"date":"2011-05-09T11:27:41","date_gmt":"2011-05-09T11:27:41","guid":{"rendered":"http:\/\/multiblog.educacion.navarra.es\/lcordonm\/?page_id=64"},"modified":"2020-08-05T13:31:16","modified_gmt":"2020-08-05T12:31:16","slug":"presentacion-2","status":"publish","type":"page","link":"https:\/\/multiblog.educacion.navarra.es\/lcordonm\/","title":{"rendered":"Presentaci\u00f3n"},"content":{"rendered":"<h3><a href=\"http:\/\/multiblog.educacion.navarra.es\/lcordonm\/files\/2011\/05\/Ciencia.jpg\"><img loading=\"lazy\" class=\"alignleft size-full wp-image-63\" src=\"http:\/\/multiblog.educacion.navarra.es\/lcordonm\/files\/2011\/05\/Ciencia.jpg\" alt=\"\" width=\"259\" height=\"194\" \/><\/a> <span style=\"color: #808080\">Este blog est\u00e1 dedicado a la ense\u00f1anza y divulgaci\u00f3n de la<\/span> <span style=\"color: #ff0000\"><strong>F\u00edsica General<\/strong><\/span><span style=\"color: #808080\">\u00a0en la ense\u00f1anza media.<\/span><\/h3>\n<h4><span style=\"color: #808080\">Aqu\u00ed podr\u00e9is\u00a0encontrar\u00a0problemas resueltos, contenidos te\u00f3ricos, tablas, desarrollos matem\u00e1ticos de inter\u00e9s, applets (experimentos virtuales y animaciones) y otros.\u00a0Todos los contenidos del blog se han incluido por alguna raz\u00f3n (importancia en la F\u00edsica, inter\u00e9s tecnol\u00f3gico,\u00a0espectacularidad, dificultad, actualidad, &#8230;)<\/span><\/h4>\n<h4><span style=\"color: #808080\">Como es bien sabido por todos, el lenguaje de la F\u00edsica son las Matem\u00e1ticas. El nivel matem\u00e1tico adecuado para seguir este blog es el de un primero de Universidad. Sin embargo, es verdad que muchos de sus contenidos son los de una F\u00edsica de segundo de bachillerato; y el nivel matem\u00e1tico para ellos es el que se imparte en este nivel.<\/span><\/h4>\n<h4><span style=\"color: #808080\">En el estudio de la F\u00edsica suelen aparecer muchas veces desarrollos y c\u00e1lculos matem\u00e1ticos importantes. Algunos de ellos estar\u00e1n desarrollados en la p\u00e1gina <em>Utilidades.<\/em><\/span><\/h4>\n","protected":false},"excerpt":{"rendered":"<p>Este blog est\u00e1 dedicado a la ense\u00f1anza y divulgaci\u00f3n de la F\u00edsica General\u00a0en la ense\u00f1anza media. Aqu\u00ed podr\u00e9is\u00a0encontrar\u00a0problemas resueltos, contenidos te\u00f3ricos, tablas, desarrollos matem\u00e1ticos de inter\u00e9s, applets (experimentos virtuales y animaciones) y otros.\u00a0Todos los contenidos del blog se han incluido por alguna raz\u00f3n (importancia en la F\u00edsica, inter\u00e9s tecnol\u00f3gico,\u00a0espectacularidad, dificultad, actualidad, &#8230;) Como es bien &hellip; <\/p>\n<p><a class=\"more-link btn\" href=\"https:\/\/multiblog.educacion.navarra.es\/lcordonm\/\">Continue reading<\/a><\/p>\n","protected":false},"author":217,"featured_media":0,"parent":0,"menu_order":0,"comment_status":"closed","ping_status":"closed","template":"template-onecolumn.php","meta":[],"_links":{"self":[{"href":"https:\/\/multiblog.educacion.navarra.es\/lcordonm\/wp-json\/wp\/v2\/pages\/64"}],"collection":[{"href":"https:\/\/multiblog.educacion.navarra.es\/lcordonm\/wp-json\/wp\/v2\/pages"}],"about":[{"href":"https:\/\/multiblog.educacion.navarra.es\/lcordonm\/wp-json\/wp\/v2\/types\/page"}],"author":[{"embeddable":true,"href":"https:\/\/multiblog.educacion.navarra.es\/lcordonm\/wp-json\/wp\/v2\/users\/217"}],"replies":[{"embeddable":true,"href":"https:\/\/multiblog.educacion.navarra.es\/lcordonm\/wp-json\/wp\/v2\/comments?post=64"}],"version-history":[{"count":0,"href":"https:\/\/multiblog.educacion.navarra.es\/lcordonm\/wp-json\/wp\/v2\/pages\/64\/revisions"}],"wp:attachment":[{"href":"https:\/\/multiblog.educacion.navarra.es\/lcordonm\/wp-json\/wp\/v2\/media?parent=64"}],"curies":[{"name":"wp","href":"https:\/\/api.w.org\/{rel}","templated":true}]}}