


{"id":50,"date":"2011-05-07T19:05:34","date_gmt":"2011-05-07T19:05:34","guid":{"rendered":"http:\/\/multiblog.educacion.navarra.es\/lcordonm\/?page_id=50"},"modified":"2020-07-30T12:22:24","modified_gmt":"2020-07-30T11:22:24","slug":"fisica-2%c2%ba-bachillerato","status":"publish","type":"page","link":"https:\/\/multiblog.educacion.navarra.es\/lcordonm\/bachillerato\/segundo\/fisica-2%c2%ba-bachillerato\/","title":{"rendered":"Problemas resueltos"},"content":{"rendered":"<ul>\n<li>\n<p><strong><a title=\"\" href=\"https:\/\/multiblog.educacion.navarra.es\/lcordonm\/files\/2020\/07\/P-resueltos-I.-Gravitatoria.pdf\" target=\"_blank\" rel=\"noopener noreferrer\">Tema 2: Interacci\u00f3n gravitatoria.<\/a><\/strong><\/p>\n<\/li>\n<li>\n<p><strong><a title=\"\" href=\"https:\/\/multiblog.educacion.navarra.es\/lcordonm\/files\/2020\/07\/P-resueltos-Ondas.pdf\" target=\"_blank\" rel=\"noopener noreferrer\">Tema 3: Movimiento ondulatorio.<\/a><\/strong><\/p>\n<\/li>\n<li>\n<p><strong><a title=\"\" href=\"https:\/\/multiblog.educacion.navarra.es\/lcordonm\/files\/2020\/07\/P-resueltos-\u00d3ptica.pdf\" target=\"_blank\" rel=\"noopener noreferrer\">Tema 4: \u00d3ptica geom\u00e9trica.<\/a><\/strong><\/p>\n<\/li>\n<li>\n<p><strong><a title=\"\" href=\"https:\/\/multiblog.educacion.navarra.es\/lcordonm\/files\/2020\/07\/P-resueltos-I-El\u00e9ctrica.pdf\" target=\"_blank\" rel=\"noopener noreferrer\">Tema 5.1: Interacci\u00f3n el\u00e9ctrica.<\/a><\/strong><\/p>\n<\/li>\n<li>\n<p><strong><a title=\"\" href=\"https:\/\/multiblog.educacion.navarra.es\/lcordonm\/files\/2020\/07\/P-resueltos-I-Magn\u00e9tica.pdf\" target=\"_blank\" rel=\"noopener noreferrer\">Tema 5.2: Interacci\u00f3n magn\u00e9tica.<\/a><\/strong><\/p>\n<\/li>\n<li>\n<p><strong><a title=\"\" href=\"https:\/\/multiblog.educacion.navarra.es\/lcordonm\/files\/2020\/07\/P-resueltos-I.-Electromagn\u00e9tica.pdf\" target=\"_blank\" rel=\"noopener noreferrer\">Tema 5.3: Inducci\u00f3n electromagn\u00e9tica.<\/a><\/strong><\/p>\n<\/li>\n<li>\n<p><strong><a title=\"\" href=\"https:\/\/multiblog.educacion.navarra.es\/lcordonm\/files\/2020\/07\/P-resueltos-F\u00edsica-moderna.pdf\" target=\"_blank\" rel=\"noopener noreferrer\">Tema 6: F\u00edsica moderna.<\/a><\/strong><\/p>\n<\/li>\n<\/ul>\n\n\n<p><\/p>\n","protected":false},"excerpt":{"rendered":"<p>Tema 2: Interacci\u00f3n gravitatoria. Tema 3: Movimiento ondulatorio. Tema 4: \u00d3ptica geom\u00e9trica. Tema 5.1: Interacci\u00f3n el\u00e9ctrica. Tema 5.2: Interacci\u00f3n magn\u00e9tica. Tema 5.3: Inducci\u00f3n electromagn\u00e9tica. Tema 6: F\u00edsica moderna.<\/p>\n","protected":false},"author":217,"featured_media":0,"parent":353,"menu_order":0,"comment_status":"closed","ping_status":"closed","template":"template-onecolumn.php","meta":[],"_links":{"self":[{"href":"https:\/\/multiblog.educacion.navarra.es\/lcordonm\/wp-json\/wp\/v2\/pages\/50"}],"collection":[{"href":"https:\/\/multiblog.educacion.navarra.es\/lcordonm\/wp-json\/wp\/v2\/pages"}],"about":[{"href":"https:\/\/multiblog.educacion.navarra.es\/lcordonm\/wp-json\/wp\/v2\/types\/page"}],"author":[{"embeddable":true,"href":"https:\/\/multiblog.educacion.navarra.es\/lcordonm\/wp-json\/wp\/v2\/users\/217"}],"replies":[{"embeddable":true,"href":"https:\/\/multiblog.educacion.navarra.es\/lcordonm\/wp-json\/wp\/v2\/comments?post=50"}],"version-history":[{"count":0,"href":"https:\/\/multiblog.educacion.navarra.es\/lcordonm\/wp-json\/wp\/v2\/pages\/50\/revisions"}],"up":[{"embeddable":true,"href":"https:\/\/multiblog.educacion.navarra.es\/lcordonm\/wp-json\/wp\/v2\/pages\/353"}],"wp:attachment":[{"href":"https:\/\/multiblog.educacion.navarra.es\/lcordonm\/wp-json\/wp\/v2\/media?parent=50"}],"curies":[{"name":"wp","href":"https:\/\/api.w.org\/{rel}","templated":true}]}}