


{"id":33,"date":"2011-05-04T19:25:30","date_gmt":"2011-05-04T18:25:30","guid":{"rendered":"http:\/\/multiblog.educacion.navarra.es\/lcordonm\/?page_id=33"},"modified":"2014-06-16T19:08:23","modified_gmt":"2014-06-16T18:08:23","slug":"utilidades-alumnos","status":"publish","type":"page","link":"https:\/\/multiblog.educacion.navarra.es\/lcordonm\/utilidades-alumnos\/","title":{"rendered":"Utilidades"},"content":{"rendered":"<ul>\n<li><a href=\"http:\/\/ntic.educacion.es\/w3\/eos\/MaterialesEducativos\/mem2002\/quimica\/\" target=\"_blank\"><strong>Tabla peri\u00f3dica de los elementos qu\u00edmicos<\/strong><\/a><\/li>\n<li><strong><a title=\"Representaci\u00f3n de funciones\" href=\"http:\/\/enebro.pntic.mec.es\/~fmag0006\/op_applet_15.htm\" target=\"_blank\">Representaci\u00f3n de funciones matem\u00e1ticas<\/a><\/strong><\/li>\n<li><strong><a href=\"http:\/\/multiblog.educacion.navarra.es\/lcordonm\/files\/2011\/05\/Binomio-de-Newton.pdf\" target=\"_blank\">Teorema del binomio de Newton<\/a><\/strong><\/li>\n<li><strong><a href=\"http:\/\/multiblog.educacion.navarra.es\/lcordonm\/files\/2011\/05\/Desarrollo-de-Taylor.pdf\" target=\"_blank\">F\u00f3rmulas de Taylor y Mac-Laurin<\/a><\/strong><\/li>\n<\/ul>\n","protected":false},"excerpt":{"rendered":"<p>Tabla peri\u00f3dica de los elementos qu\u00edmicos Representaci\u00f3n de funciones matem\u00e1ticas Teorema del binomio de Newton F\u00f3rmulas de Taylor y Mac-Laurin<\/p>\n","protected":false},"author":217,"featured_media":0,"parent":0,"menu_order":5,"comment_status":"open","ping_status":"closed","template":"template-onecolumn.php","meta":[],"_links":{"self":[{"href":"https:\/\/multiblog.educacion.navarra.es\/lcordonm\/wp-json\/wp\/v2\/pages\/33"}],"collection":[{"href":"https:\/\/multiblog.educacion.navarra.es\/lcordonm\/wp-json\/wp\/v2\/pages"}],"about":[{"href":"https:\/\/multiblog.educacion.navarra.es\/lcordonm\/wp-json\/wp\/v2\/types\/page"}],"author":[{"embeddable":true,"href":"https:\/\/multiblog.educacion.navarra.es\/lcordonm\/wp-json\/wp\/v2\/users\/217"}],"replies":[{"embeddable":true,"href":"https:\/\/multiblog.educacion.navarra.es\/lcordonm\/wp-json\/wp\/v2\/comments?post=33"}],"version-history":[{"count":0,"href":"https:\/\/multiblog.educacion.navarra.es\/lcordonm\/wp-json\/wp\/v2\/pages\/33\/revisions"}],"wp:attachment":[{"href":"https:\/\/multiblog.educacion.navarra.es\/lcordonm\/wp-json\/wp\/v2\/media?parent=33"}],"curies":[{"name":"wp","href":"https:\/\/api.w.org\/{rel}","templated":true}]}}