


{"id":322,"date":"2014-07-07T17:21:10","date_gmt":"2014-07-07T16:21:10","guid":{"rendered":"http:\/\/multiblog.educacion.navarra.es\/lcordonm\/?page_id=322"},"modified":"2020-08-17T13:30:01","modified_gmt":"2020-08-17T12:30:01","slug":"apuntes","status":"publish","type":"page","link":"https:\/\/multiblog.educacion.navarra.es\/lcordonm\/bachillerato\/1o-de-bachillerato\/apuntes\/","title":{"rendered":"Temas y problemas del curso"},"content":{"rendered":"<ul>\n<li><strong><a title=\"\" href=\"https:\/\/multiblog.educacion.navarra.es\/lcordonm\/files\/2020\/07\/T1-El-m\u00e9todo-cient\u00edfico.-La-medida-20-21.pdf\" target=\"_blank\" rel=\"noopener noreferrer\">Tema 1: El m\u00e9todo cient\u00edfico. La medida.<\/a><\/strong><\/li>\n<li><a title=\"\" href=\"https:\/\/multiblog.educacion.navarra.es\/lcordonm\/files\/2020\/07\/T2-Estudio-del-movimiento-20-21.pdf\" target=\"_blank\" rel=\"noopener noreferrer\"><strong>Tema 2: Estudio del movimiento.<\/strong><\/a><\/li>\n<li><a title=\"\" href=\"https:\/\/multiblog.educacion.navarra.es\/lcordonm\/files\/2020\/08\/T3-Las-fuerzas.-Leyes-de-la-Din\u00e1mica-20-21.pdf\" target=\"_blank\" rel=\"noopener noreferrer\"><strong>Tema 3: Las fuerzas. Leyes de la Din\u00e1mica.<\/strong><\/a><\/li>\n<li><a title=\"\" href=\"https:\/\/multiblog.educacion.navarra.es\/lcordonm\/files\/2020\/08\/T4-Trabajo-y-energ\u00eda-20-21.pdf\" target=\"_blank\" rel=\"noopener noreferrer\"><strong>Tema 4: Trabajo y energ\u00eda.<\/strong><\/a><\/li>\n<li><a title=\"\" href=\"https:\/\/multiblog.educacion.navarra.es\/lcordonm\/files\/2020\/08\/T5-Interacciones-gravitatoria-y-el\u00e9ctrica-19-20.pdf\" target=\"_blank\" rel=\"noopener noreferrer\"><strong>Tema 5: Interacciones gravitatoria y el\u00e9ctrica.<\/strong><\/a><\/li>\n<li><a title=\"\" href=\"https:\/\/multiblog.educacion.navarra.es\/lcordonm\/files\/2020\/08\/T6-Leyes-fundamentales-de-la-Quimica-20-21.pdf\" target=\"_blank\" rel=\"noopener noreferrer\"><strong>Tema 6: Leyes fundamentales de la qu\u00edmica.<\/strong><\/a><\/li>\n<li><strong><a title=\"\" href=\"https:\/\/multiblog.educacion.navarra.es\/lcordonm\/files\/2020\/08\/T7-Formulaci\u00f3n-inorg\u00e1nica-IUPAC-20-21.pdf\" target=\"_blank\" rel=\"noopener noreferrer\">Tema 7: Formulaci\u00f3n de qu\u00edmica inorg\u00e1nica<\/a>.<\/strong><\/li>\n<li><a title=\"\" href=\"https:\/\/multiblog.educacion.navarra.es\/lcordonm\/files\/2020\/08\/T8-Reacciones-qu\u00edmicas-20-21.pdf\" target=\"_blank\" rel=\"noopener noreferrer\"><strong>Tema 8: Reacciones qu\u00edmicas.<\/strong><\/a><\/li>\n<li><a title=\"\" href=\"https:\/\/multiblog.educacion.navarra.es\/lcordonm\/files\/2020\/08\/T9-Termodin\u00e1mica-Qu\u00edmica-20-21.pdf\" target=\"_blank\" rel=\"noopener noreferrer\"><strong>Tema 9: Termodin\u00e1mica qu\u00edmica.<\/strong><\/a><\/li>\n<li><a title=\"\" href=\"https:\/\/multiblog.educacion.navarra.es\/lcordonm\/files\/2020\/08\/Problemas-FQ1B-20-21.pdf\" target=\"_blank\" rel=\"noopener noreferrer\"><strong>Problemas del curso.<\/strong><\/a><\/li>\n<\/ul>\n\n\n<p><\/p>\n","protected":false},"excerpt":{"rendered":"<p>Tema 1: El m\u00e9todo cient\u00edfico. La medida. Tema 2: Estudio del movimiento. Tema 3: Las fuerzas. Leyes de la Din\u00e1mica. Tema 4: Trabajo y energ\u00eda. Tema 5: Interacciones gravitatoria y el\u00e9ctrica. Tema 6: Leyes fundamentales de la qu\u00edmica. Tema 7: Formulaci\u00f3n de qu\u00edmica inorg\u00e1nica. Tema 8: Reacciones qu\u00edmicas. Tema 9: Termodin\u00e1mica qu\u00edmica. Problemas del curso.<\/p>\n","protected":false},"author":217,"featured_media":0,"parent":351,"menu_order":0,"comment_status":"open","ping_status":"closed","template":"","meta":[],"_links":{"self":[{"href":"https:\/\/multiblog.educacion.navarra.es\/lcordonm\/wp-json\/wp\/v2\/pages\/322"}],"collection":[{"href":"https:\/\/multiblog.educacion.navarra.es\/lcordonm\/wp-json\/wp\/v2\/pages"}],"about":[{"href":"https:\/\/multiblog.educacion.navarra.es\/lcordonm\/wp-json\/wp\/v2\/types\/page"}],"author":[{"embeddable":true,"href":"https:\/\/multiblog.educacion.navarra.es\/lcordonm\/wp-json\/wp\/v2\/users\/217"}],"replies":[{"embeddable":true,"href":"https:\/\/multiblog.educacion.navarra.es\/lcordonm\/wp-json\/wp\/v2\/comments?post=322"}],"version-history":[{"count":0,"href":"https:\/\/multiblog.educacion.navarra.es\/lcordonm\/wp-json\/wp\/v2\/pages\/322\/revisions"}],"up":[{"embeddable":true,"href":"https:\/\/multiblog.educacion.navarra.es\/lcordonm\/wp-json\/wp\/v2\/pages\/351"}],"wp:attachment":[{"href":"https:\/\/multiblog.educacion.navarra.es\/lcordonm\/wp-json\/wp\/v2\/media?parent=322"}],"curies":[{"name":"wp","href":"https:\/\/api.w.org\/{rel}","templated":true}]}}