


{"id":138,"date":"2012-09-15T20:17:40","date_gmt":"2012-09-15T19:17:40","guid":{"rendered":"http:\/\/multiblog.educacion.navarra.es\/lcordonm\/?page_id=138"},"modified":"2020-07-30T12:23:11","modified_gmt":"2020-07-30T11:23:11","slug":"apuntes","status":"publish","type":"page","link":"https:\/\/multiblog.educacion.navarra.es\/lcordonm\/bachillerato\/segundo\/apuntes\/","title":{"rendered":"Temas y problemas del curso"},"content":{"rendered":"<ul>\n<li><a title=\"\" href=\"https:\/\/multiblog.educacion.navarra.es\/lcordonm\/files\/2020\/07\/T1-Introducci\u00f3n-a-la-F\u00edsica-20-21.pdf\" target=\"_blank\" rel=\"noopener noreferrer\"><strong>Tema 1: Introducci\u00f3n a la F\u00edsica.<\/strong><\/a><\/li>\n<li><a title=\"\" href=\"https:\/\/multiblog.educacion.navarra.es\/lcordonm\/files\/2020\/07\/T2-Interacci\u00f3n-gravitatoria-20-21.pdf\" target=\"_blank\" rel=\"noopener noreferrer\"><strong>Tema 2: Interacci\u00f3n gravitatoria.<\/strong><\/a><\/li>\n<li><a title=\"\" href=\"https:\/\/multiblog.educacion.navarra.es\/lcordonm\/files\/2020\/07\/T3-Movimiento-ondulatorio-20-21.pdf\" target=\"_blank\" rel=\"noopener noreferrer\"><strong>Tema 3: Movimiento ondulatorio.<\/strong><\/a><\/li>\n<li><a title=\"\" href=\"https:\/\/multiblog.educacion.navarra.es\/lcordonm\/files\/2020\/07\/T4-\u00d3ptica-geom\u00e9trica-20-21.pdf\" target=\"_blank\" rel=\"noopener noreferrer\"><strong>Tema 4: \u00d3ptica geom\u00e9trica.<\/strong><\/a><\/li>\n<li><a title=\"\" href=\"https:\/\/multiblog.educacion.navarra.es\/lcordonm\/files\/2020\/07\/T5.1-Interacci\u00f3n-el\u00e9ctrica-20-21.pdf\" target=\"_blank\" rel=\"noopener noreferrer\"><strong>Tema 5.1: Interacci\u00f3n el\u00e9ctrica.<\/strong><\/a><\/li>\n<li>\n<p style=\"text-align: left\"><a title=\"\" href=\"https:\/\/multiblog.educacion.navarra.es\/lcordonm\/files\/2020\/07\/T5.2-Interacci\u00f3n-magn\u00e9tica-20-21.pdf\" target=\"_blank\" rel=\"noopener noreferrer\"><strong>Tema 5.2: Interacci\u00f3n ma<\/strong><strong>g<\/strong><strong>n\u00e9tica.<\/strong><\/a><\/p>\n<\/li>\n<li><a title=\"\" href=\"https:\/\/multiblog.educacion.navarra.es\/lcordonm\/files\/2020\/07\/T5.3-Inducci\u00f3n-electromagn\u00e9tica-20-21.pdf\" target=\"_blank\" rel=\"noopener noreferrer\"><strong>Tema 5.3: Inducci\u00f3n electromagn\u00e9tica.<\/strong><\/a><\/li>\n<li><a title=\"\" href=\"https:\/\/multiblog.educacion.navarra.es\/lcordonm\/files\/2020\/07\/T6-F\u00edsica-moderna-20-21.pdf\" target=\"_blank\" rel=\"noopener noreferrer\"><strong>Tema 6: F\u00edsica moderna.<\/strong><\/a><\/li>\n<li><a title=\"\" href=\"https:\/\/multiblog.educacion.navarra.es\/lcordonm\/files\/2020\/07\/Problemas-F\u00edsica-2\u00ba-bachiller-20-21.pdf\" target=\"_blank\" rel=\"noopener noreferrer\"><strong>Problemas del curso.<\/strong><\/a><\/li>\n<\/ul>\n","protected":false},"excerpt":{"rendered":"<p>Tema 1: Introducci\u00f3n a la F\u00edsica. Tema 2: Interacci\u00f3n gravitatoria. Tema 3: Movimiento ondulatorio. Tema 4: \u00d3ptica geom\u00e9trica. Tema 5.1: Interacci\u00f3n el\u00e9ctrica. Tema 5.2: Interacci\u00f3n magn\u00e9tica. Tema 5.3: Inducci\u00f3n electromagn\u00e9tica. Tema 6: F\u00edsica moderna. Problemas del curso.<\/p>\n","protected":false},"author":217,"featured_media":0,"parent":353,"menu_order":0,"comment_status":"closed","ping_status":"closed","template":"","meta":[],"_links":{"self":[{"href":"https:\/\/multiblog.educacion.navarra.es\/lcordonm\/wp-json\/wp\/v2\/pages\/138"}],"collection":[{"href":"https:\/\/multiblog.educacion.navarra.es\/lcordonm\/wp-json\/wp\/v2\/pages"}],"about":[{"href":"https:\/\/multiblog.educacion.navarra.es\/lcordonm\/wp-json\/wp\/v2\/types\/page"}],"author":[{"embeddable":true,"href":"https:\/\/multiblog.educacion.navarra.es\/lcordonm\/wp-json\/wp\/v2\/users\/217"}],"replies":[{"embeddable":true,"href":"https:\/\/multiblog.educacion.navarra.es\/lcordonm\/wp-json\/wp\/v2\/comments?post=138"}],"version-history":[{"count":0,"href":"https:\/\/multiblog.educacion.navarra.es\/lcordonm\/wp-json\/wp\/v2\/pages\/138\/revisions"}],"up":[{"embeddable":true,"href":"https:\/\/multiblog.educacion.navarra.es\/lcordonm\/wp-json\/wp\/v2\/pages\/353"}],"wp:attachment":[{"href":"https:\/\/multiblog.educacion.navarra.es\/lcordonm\/wp-json\/wp\/v2\/media?parent=138"}],"curies":[{"name":"wp","href":"https:\/\/api.w.org\/{rel}","templated":true}]}}