


{"id":8,"date":"2008-10-03T18:17:58","date_gmt":"2008-10-03T16:17:58","guid":{"rendered":"http:\/\/irati.pnte.cfnavarra.es\/blogs\/lbermejo\/webs-interesantes\/"},"modified":"2008-10-03T18:17:58","modified_gmt":"2008-10-03T16:17:58","slug":"webs-interesantes","status":"publish","type":"page","link":"https:\/\/multiblog.educacion.navarra.es\/lbermejo\/webs-interesantes\/","title":{"rendered":"Webs interesantes"},"content":{"rendered":"<p>En esta p\u00e1gina pondremos enlaces  a webs interesantes para alumnadode 3\u00ba de ESO, si quienquiera que sea nos manda mas enlaces, los colocaremos.<\/p>\n<p>El objetivo es que cuando sea preciso buscar informaci\u00f3n para hacer trabajos de investigaci\u00f3n, tengamos unos enlaces r\u00e1pidos.<\/p>\n<p>Gracias.<\/p>\n<p>Una aplicaci\u00f3n que aunque esde bachiller puede ser de mucha utilidad: <a href=\"http:\/\/recursos.pnte.cfnavarra.es\/electrotecnia\/alumno.htm\">http:\/\/recursos.pnte.cfnavarra.es\/electrotecnia\/alumno.htm<\/a><\/p>\n<p>Un libro electr\u00f3nico sobre renovables en el aula: <a href=\"http:\/\/www.eve.es\/publi_energia\/cast\/indice.htm\">http:\/\/www.eve.es\/publi_energia\/cast\/indice.htm<\/a><\/p>\n<p>Una revista electr\u00f3nica sobre las renovables <a href=\"http:\/\/www.energias-renovables.com\/paginas\/index.asp?Nombre=Inicio\">http:\/\/www.energias-renovables.com\/paginas\/index.asp?Nombre=Inicio<\/a><\/p>\n<p>Un monton de infograf\u00edas que nospueden ayudar en cualquier presentaci\u00f3n: <a href=\"http:\/\/www.consumer.es\/medio-ambiente\/energia-y-ciencia\/\">http:\/\/www.consumer.es\/medio-ambiente\/energia-y-ciencia\/<\/a><\/p>\n<p>Una de ellas es sobre una casa bioclim\u00e1tica, uno de nuestros proyectos. <a href=\"http:\/\/www.consumer.es\/web\/es\/medio_ambiente\/urbano\/2003\/03\/18\/140046.php\">http:\/\/www.consumer.es\/web\/es\/medio_ambiente\/urbano\/2003\/03\/18\/140046.php<\/a><\/p>\n<p>Centro de Recursos Ambientales de Navarra<a href=\"http:\/\/www.crana.org\/contenido.asp?idBD=1&amp;idSubArea=721&amp;idDocumento=584\">\u00a0 http:\/\/www.crana.org\/<\/a><\/p>\n<p>Aula did\u00e1ctica del Ente Vasco de la Energ\u00eda<\/p>\n<p><a href=\"http:\/\/www.eve.es\/index_fc.asp\">http:\/\/www.eve.es\/index_fc.asp<\/a><\/p>\n<p>El Blog de un colega, como el nuestro pero&#8230;. mucho m\u00e1s completo<\/p>\n<p><a href=\"http:\/\/tecnotic.wordpress.com\/\">http:\/\/tecnotic.wordpress.com<\/a><\/p>\n<p>Moliner y el viento. Una p\u00e1gina muy did\u00e1ctica sobre la Energ\u00eda E\u00f3lica<\/p>\n<p><a href=\"http:\/\/www.windpower.org\/es\/kids\/index.htm\">http:\/\/www.windpower.org\/es\/kids\/index.htm<\/a><\/p>\n<p>P\u00e1ginas de Diferentes profesores de 3\u00ba ESO\u00a0 sobre la electricidad en la vivienda<\/p>\n<p><a href=\"http:\/\/newton.cnice.mec.es\/3eso\/electricidad3E\/hogar.htm\">http:\/\/newton.cnice.mec.es\/3eso\/electricidad3E\/hogar.htm <\/a><\/p>\n<p><a href=\"http:\/\/portaleso.homelinux.com\/usuarios\/Toni\/web_instalaciones\/unidad_instalaciones_electricas_indice.html#indice\">http:\/\/portaleso.homelinux.com\/usuarios\/Toni\/web_instalaciones\/unidad_instalaciones_electricas_indice.html#indice\u00a0<\/a><\/p>\n<p>Energ\u00edas renovables en el Ayuntamiento de Pamplona<\/p>\n<p><a href=\"http:\/\/www.pamplona.net\/VerPagina.asp?idPag=14&amp;idioma=1\">http:\/\/www.pamplona.net\/VerPagina.asp?idPag=14&amp;idioma=1<\/a><\/p>\n<p>Juego sobre el ahorro de energia en casa<\/p>\n<p><a href=\"http:\/\/www.aee.gouv.qc.ca\/en\/energuy\/game\/\">http:\/\/www.aee.gouv.qc.ca\/en\/energuy\/game\/<\/a><\/p>\n<p>Juego sobre el control de la red electrica espa\u00f1ola<\/p>\n<p><a href=\"http:\/\/www.ree.es\/educacion\/controla\/\">http:\/\/www.ree.es\/educacion\/controla\/ <\/a><\/p>\n","protected":false},"excerpt":{"rendered":"<p>En esta p\u00e1gina pondremos enlaces a webs interesantes para alumnadode 3\u00ba de ESO, si quienquiera que sea nos manda mas enlaces, los colocaremos. El objetivo es que cuando sea preciso buscar informaci\u00f3n para hacer trabajos de investigaci\u00f3n, tengamos unos enlaces r\u00e1pidos. Gracias. Una aplicaci\u00f3n que aunque esde bachiller puede ser de mucha utilidad: http:\/\/recursos.pnte.cfnavarra.es\/electrotecnia\/alumno.htm Un [&hellip;]<\/p>\n","protected":false},"author":86,"featured_media":0,"parent":0,"menu_order":0,"comment_status":"open","ping_status":"open","template":"","meta":[],"_links":{"self":[{"href":"https:\/\/multiblog.educacion.navarra.es\/lbermejo\/wp-json\/wp\/v2\/pages\/8"}],"collection":[{"href":"https:\/\/multiblog.educacion.navarra.es\/lbermejo\/wp-json\/wp\/v2\/pages"}],"about":[{"href":"https:\/\/multiblog.educacion.navarra.es\/lbermejo\/wp-json\/wp\/v2\/types\/page"}],"author":[{"embeddable":true,"href":"https:\/\/multiblog.educacion.navarra.es\/lbermejo\/wp-json\/wp\/v2\/users\/86"}],"replies":[{"embeddable":true,"href":"https:\/\/multiblog.educacion.navarra.es\/lbermejo\/wp-json\/wp\/v2\/comments?post=8"}],"version-history":[{"count":0,"href":"https:\/\/multiblog.educacion.navarra.es\/lbermejo\/wp-json\/wp\/v2\/pages\/8\/revisions"}],"wp:attachment":[{"href":"https:\/\/multiblog.educacion.navarra.es\/lbermejo\/wp-json\/wp\/v2\/media?parent=8"}],"curies":[{"name":"wp","href":"https:\/\/api.w.org\/{rel}","templated":true}]}}