


{"id":25,"date":"2009-05-27T10:49:09","date_gmt":"2009-05-27T08:49:09","guid":{"rendered":"http:\/\/irati.pnte.cfnavarra.es\/blogs\/lbermejo\/memoria-del-juguete-solar\/"},"modified":"2010-03-23T23:17:22","modified_gmt":"2010-03-23T21:17:22","slug":"memoria-del-juguete-solar","status":"publish","type":"page","link":"https:\/\/multiblog.educacion.navarra.es\/lbermejo\/memoria-del-juguete-solar\/","title":{"rendered":"Memoria del juguete solar"},"content":{"rendered":"<ol>\n<li>\n<p style=\"margin-bottom: 0cm\">Portada<\/p>\n<ul>\n<li>\n<p style=\"margin-bottom: 0cm\">T\u00edtulo<\/p>\n<\/li>\n<li>\n<p style=\"margin-bottom: 0cm\">foto<\/p>\n<\/li>\n<li>\n<p style=\"margin-bottom: 0cm\">Nombre<\/p>\n<\/li>\n<\/ul>\n<ul>\n<li>Grupo<\/li>\n<\/ul>\n<\/li>\n<li>\n<p style=\"margin-bottom: 0cm\">Definici\u00f3n del proyecto<\/p>\n<ol>\n<li>\n<p style=\"margin-bottom: 0cm\">\u00bfQu\u00e9 vamos a construir y qu\u00e9 condiciones debe tener?. Esta en las fotocopias entregadas a cada grupo en clase.<\/p>\n<\/li>\n<\/ol>\n<\/li>\n<li>\n<div style=\"margin-bottom: 0cm\">Dise\u00f1o del m\u00f3vil<\/div>\n<ol>\n<li>\n<p style=\"margin-bottom: 0cm\">Vistas, planta alzado y perfil del mismo<\/p>\n<\/li>\n<li>\n<p style=\"margin-bottom: 0cm\">Plano general.<\/p>\n<\/li>\n<\/ol>\n<\/li>\n<li>Aplicaci\u00f3n de los contenidos te\u00f3ricos aprendidos.\n<ol>\n<li>\n<p style=\"margin-bottom: 0cm\">\u00bfQu\u00e9 misi\u00f3n tienen las placas solares?<\/p>\n<\/li>\n<li>\n<p style=\"margin-bottom: 0cm\">\u00bfC\u00f3mo funcionan las placas solares?<\/p>\n<\/li>\n<li>\n<p style=\"margin-bottom: 0cm\">\u00bfQu\u00e9 voltaje proporcionan las placas solares?\u00bfC\u00f3mo lo compruebas?<\/p>\n<\/li>\n<li>\u00bfQu\u00e9 ventajas puede tener un m\u00f3vil solar frebte a un vehiculo de gasolina?<\/li>\n<li>\u00bfQu\u00e9 inconvenientes?<\/li>\n<li>Investiga que medios de transporte utilizan la energ\u00eda solar fotovolt\u00e1ica.<\/li>\n<\/ol>\n<\/li>\n<li>\n<p style=\"margin-bottom: 0cm\">Construcci\u00f3n<\/p>\n<ol>\n<li>\n<p style=\"margin-bottom: 0cm\">Descripci\u00f3n de todos los pasos realizados en la construcci\u00f3n<\/p>\n<\/li>\n<li>\n<p style=\"margin-bottom: 0cm\">Materiales necesarios para la realizaci\u00f3n de cada paso<\/p>\n<\/li>\n<li>\n<p style=\"margin-bottom: 0cm\">Herramientas utilizadas<\/p>\n<\/li>\n<\/ol>\n<\/li>\n<\/ol>\n<blockquote>\n<p style=\"margin-bottom: 0cm\">Completamos este apartado por medio de una tabla<\/p>\n<\/blockquote>\n<p style=\"margin-bottom: 0cm\">\n<dl>\n<dl>\n<dd>\n<table border=\"1\" cellspacing=\"0\" cellpadding=\"4\" width=\"413\">\n<tbody>\n<tr valign=\"top\">\n<td width=\"36\">N\u00ba<\/td>\n<td width=\"164\">Paso<\/td>\n<td width=\"77\">Materiales<\/td>\n<td width=\"102\">Herramientas<\/td>\n<\/tr>\n<\/tbody>\n<\/table>\n<\/dd>\n<\/dl>\n<\/dl>\n<p style=\"margin-bottom: 0cm\">\n<p style=\"margin-bottom: 0cm\">6. Materiales utilizados<\/p>\n<p style=\"margin-bottom: 0cm\">\n<dl>\n<dl>\n<dd>\n<table border=\"1\" cellspacing=\"0\" cellpadding=\"4\" width=\"413\">\n<tbody>\n<tr valign=\"top\">\n<td width=\"293\">Materiales<\/td>\n<td width=\"102\">Unidades<\/td>\n<\/tr>\n<\/tbody>\n<\/table>\n<\/dd>\n<\/dl>\n<\/dl>\n<p style=\"margin-bottom: 0cm;margin-left: 1.27cm\">\n<p>7. Valoraci\u00f3n personal:<\/p>\n<ol>\n<li>Cita las palabras clave de todo este proyecto. Al menos 15<\/li>\n<li>\n<p style=\"margin-bottom: 0cm\">Haz una peque\u00f1a redacci\u00f3n de al menos 3 p\u00e1rrafos que incluyan todas las palabras que has citado en la pregunta anterior<\/p>\n<\/li>\n<\/ol>\n","protected":false},"excerpt":{"rendered":"<p>Portada T\u00edtulo foto Nombre Grupo Definici\u00f3n del proyecto \u00bfQu\u00e9 vamos a construir y qu\u00e9 condiciones debe tener?. Esta en las fotocopias entregadas a cada grupo en clase. Dise\u00f1o del m\u00f3vil Vistas, planta alzado y perfil del mismo Plano general. Aplicaci\u00f3n de los contenidos te\u00f3ricos aprendidos. \u00bfQu\u00e9 misi\u00f3n tienen las placas solares? \u00bfC\u00f3mo funcionan las placas [&hellip;]<\/p>\n","protected":false},"author":86,"featured_media":0,"parent":0,"menu_order":0,"comment_status":"closed","ping_status":"closed","template":"","meta":[],"_links":{"self":[{"href":"https:\/\/multiblog.educacion.navarra.es\/lbermejo\/wp-json\/wp\/v2\/pages\/25"}],"collection":[{"href":"https:\/\/multiblog.educacion.navarra.es\/lbermejo\/wp-json\/wp\/v2\/pages"}],"about":[{"href":"https:\/\/multiblog.educacion.navarra.es\/lbermejo\/wp-json\/wp\/v2\/types\/page"}],"author":[{"embeddable":true,"href":"https:\/\/multiblog.educacion.navarra.es\/lbermejo\/wp-json\/wp\/v2\/users\/86"}],"replies":[{"embeddable":true,"href":"https:\/\/multiblog.educacion.navarra.es\/lbermejo\/wp-json\/wp\/v2\/comments?post=25"}],"version-history":[{"count":0,"href":"https:\/\/multiblog.educacion.navarra.es\/lbermejo\/wp-json\/wp\/v2\/pages\/25\/revisions"}],"wp:attachment":[{"href":"https:\/\/multiblog.educacion.navarra.es\/lbermejo\/wp-json\/wp\/v2\/media?parent=25"}],"curies":[{"name":"wp","href":"https:\/\/api.w.org\/{rel}","templated":true}]}}