


{"id":21,"date":"2009-03-04T20:18:39","date_gmt":"2009-03-04T18:18:39","guid":{"rendered":"http:\/\/irati.pnte.cfnavarra.es\/blogs\/lbermejo\/memoria-del-proyecto-de-vivienda-bioclimatica\/"},"modified":"2015-04-28T12:28:52","modified_gmt":"2015-04-28T10:28:52","slug":"memoria-del-proyecto-de-vivienda-bioclimatica","status":"publish","type":"page","link":"https:\/\/multiblog.educacion.navarra.es\/lbermejo\/memoria-del-proyecto-de-vivienda-bioclimatica\/","title":{"rendered":"Memoria del proyecto de vivienda bioclim\u00e1tica"},"content":{"rendered":"<p><!-- \t\t@page { margin: 2cm } \t\tTD P { margin-bottom: 0cm } \t\tP { margin-bottom: 0.21cm } \t--><\/p>\n<h1><strong><em><br \/>\n<\/em><\/strong><\/h1>\n<p><strong><em>Portada<\/em><\/strong><\/p>\n<ul>\n<li>T\u00edtulo<\/li>\n<li>Dibujo<\/li>\n<li>Nombre<\/li>\n<li>Grupo<\/li>\n<\/ul>\n<p><b><i>Indice<\/i><\/b><\/p>\n<p>&nbsp;<\/p>\n<ol>\n<li><b>Ubicaci\u00f3n.<\/b><\/li>\n<\/ol>\n<p>En que lugar vuestra construcci\u00f3n, debemos acompa\u00f1ar una descripci\u00f3n de:<\/p>\n<ol>\n<ol type=\"a\">\n<li>Clima del lugar<\/li>\n<li>Descripci\u00f3n general de su vegetaci\u00f3n<\/li>\n<\/ol>\n<\/ol>\n<ol start=\"2\">\n<li><b>Orientaci\u00f3n.<\/b><\/li>\n<\/ol>\n<p>Hacemos un dibujo completo del proyecto en perspectiva (3D) de nuestra casa indicando claramente donde estas los cuatro puntos cardinales.<\/p>\n<ol start=\"3\">\n<li><b>Distribuci\u00f3n.<\/b><\/li>\n<\/ol>\n<p>Los planos de la casa por plantas. Indicando donde va cada habitaci\u00f3n y el criterio utilizado para situar cada una en esa parte de la casa.<\/p>\n<p>Hay que explicar la raz\u00f3n de porque cada habitaci\u00f3n est\u00e1 en cada sitio, seg\u00fan intereses de temperatura, utilidad, comodidad.<\/p>\n<ol start=\"4\">\n<li><b>Materiales.<\/b><\/li>\n<\/ol>\n<p><b>Materiales de la maqueta: <\/b>Materiales utilizados y materiales equivalentes (Por Ej: Los muros de hormig\u00f3n ser\u00e1n de cart\u00f3n)<\/p>\n<ol start=\"5\">\n<li><b>Ahorro de energ\u00eda.<\/b><\/li>\n<\/ol>\n<p>Que medidas utilizaremos en la casa para ahorrar energ\u00eda<\/p>\n<ol start=\"6\">\n<li><b>Senerg\u00eda Solar t\u00e9rmica<\/b><\/li>\n<\/ol>\n<ul>\n<li>Esquema del sistema utilizado para el agua Caliente<\/li>\n<li>Explicaci\u00f3n del mismo<\/li>\n<\/ul>\n<ol start=\"7\">\n<li><b>Esquema electrico<\/b><\/li>\n<\/ol>\n<ul>\n<li>Cuadro general el\u00e9ctrico de la vivienda (Debes poner el de tu casa)<\/li>\n<li>Explicaci\u00f3n del mismo<\/li>\n<li>Esquema el\u00e9ctrico de la maqueta\n<ul>\n<li>Esquema de la conexi\u00f3n general<\/li>\n<li>Esquema del enchufe<\/li>\n<li>Esquema de la l\u00e1mpara<\/li>\n<\/ul>\n<\/li>\n<\/ul>\n<ol start=\"8\">\n<li><b>Proceso de trabajo<\/b><\/li>\n<\/ol>\n<ul>\n<li>Como en otras memorias debes incluir el diario de trabajo siguiendo el esquema:<\/li>\n<\/ul>\n<table width=\"100%\" cellspacing=\"0\" cellpadding=\"4\">\n<colgroup>\n<col width=\"51*\" \/>\n<col width=\"51*\" \/>\n<col width=\"51*\" \/>\n<col width=\"51*\" \/>\n<col width=\"51*\" \/> <\/colgroup>\n<tbody>\n<tr valign=\"TOP\">\n<td width=\"20%\">Fecha<\/td>\n<td width=\"20%\">\u00bfQu\u00e9 se ha hecho?<\/td>\n<td width=\"20%\">\u00bfC\u00f3mo?<\/td>\n<td width=\"20%\">\u00bfQui\u00e9n?<\/td>\n<td width=\"20%\">\u00bfCon qu\u00e9?<\/td>\n<\/tr>\n<tr valign=\"TOP\">\n<td width=\"20%\"><\/td>\n<td width=\"20%\"><\/td>\n<td width=\"20%\"><\/td>\n<td width=\"20%\"><\/td>\n<td width=\"20%\"><\/td>\n<\/tr>\n<\/tbody>\n<\/table>\n<p><strong><em><span style=\"color: #333333\"><span style=\"font-family: 'Liberation Serif', serif\"><span style=\"font-size: large\">Aplicaci\u00f3n de los contenidos te\u00f3ricos aprendidos.<\/span><\/span><\/span><\/em><\/strong><\/p>\n<ol>\n<li><span style=\"color: #333333\"><span style=\"font-family: 'Liberation Serif', serif\"><span style=\"font-size: medium\">\u00bfPor qu\u00e9 es importante la orientaci\u00f3n?<\/span><\/span><\/span><\/li>\n<\/ol>\n<ol start=\"2\">\n<li><span style=\"color: #333333\"><span style=\"font-family: 'Liberation Serif', serif\"><span style=\"font-size: medium\">\u00bfQu\u00e9 habitaciones deben estar orientadas hacia el sur y por qu\u00e9?<\/span><\/span><\/span><\/li>\n<\/ol>\n<ol start=\"3\">\n<li><span style=\"color: #333333\"><span style=\"font-family: 'Liberation Serif', serif\"><span style=\"font-size: medium\">\u00bfPor qu\u00e9 es as\u00ed el tejado?<\/span><\/span><\/span><\/li>\n<\/ol>\n<ol start=\"4\">\n<li><span style=\"color: #333333\"><span style=\"font-family: 'Liberation Serif', serif\"><span style=\"font-size: medium\">\u00bfPor qu\u00e9 son as\u00ed las ventanas?<\/span><\/span><\/span><\/li>\n<\/ol>\n<ol start=\"5\">\n<li><span style=\"color: #333333\"><span style=\"font-family: 'Liberation Serif', serif\"><span style=\"font-size: medium\">\u00bfQu\u00e9 tipo de\u00a0 energ\u00eda proporcionan cada tipo de panel solar?\u00bfC\u00f3mo funciona el panel de energ\u00eda solar t\u00e9rmica?<\/span><\/span><\/span><\/li>\n<\/ol>\n<ol start=\"6\">\n<li><span style=\"color: #333333\"><span style=\"font-family: 'Liberation Serif', serif\"><span style=\"font-size: medium\">El molino de viento \u00bfD\u00f3nde debe estar colocado? <\/span><\/span><\/span><\/li>\n<\/ol>\n<ol start=\"7\">\n<li><span style=\"color: #333333\"><span style=\"font-family: 'Liberation Serif', serif\"><span style=\"font-size: medium\">\u00bfC\u00f3mo consigo aire caliente en la vivienda en invierno y fr\u00edo en verano?<\/span><\/span><\/span><\/li>\n<\/ol>\n<ol start=\"8\">\n<li><span style=\"color: #333333\"><span style=\"font-family: 'Liberation Serif', serif\"><span style=\"font-size: medium\">\u00bfEl color de los cables en casa tiene importancia? Explica los tres tipos de colores de cables y para que sirven<\/span><\/span><\/span><\/li>\n<\/ol>\n<ol start=\"9\">\n<li><span style=\"color: #333333\"><span style=\"font-family: 'Liberation Serif', serif\"><span style=\"font-size: medium\">Que es el ICP, el Diferencial los PIA(peque\u00f1os interruptores autom\u00e1ticos que hay en tu casa?<\/span><\/span><\/span><\/li>\n<\/ol>\n<ol start=\"10\">\n<li><span style=\"color: #333333\"><span style=\"font-family: 'Liberation Serif', serif\"><span style=\"font-size: medium\">Por qu\u00e9 los cables del horno deben ser mas gruesos que los dem\u00e1s?<\/span><\/span><\/span><\/li>\n<\/ol>\n","protected":false},"excerpt":{"rendered":"<p>Portada T\u00edtulo Dibujo Nombre Grupo Indice &nbsp; Ubicaci\u00f3n. En que lugar vuestra construcci\u00f3n, debemos acompa\u00f1ar una descripci\u00f3n de: Clima del lugar Descripci\u00f3n general de su vegetaci\u00f3n Orientaci\u00f3n. Hacemos un dibujo completo del proyecto en perspectiva (3D) de nuestra casa indicando claramente donde estas los cuatro puntos cardinales. Distribuci\u00f3n. Los planos de la casa por plantas. [&hellip;]<\/p>\n","protected":false},"author":86,"featured_media":0,"parent":0,"menu_order":0,"comment_status":"closed","ping_status":"closed","template":"","meta":[],"_links":{"self":[{"href":"https:\/\/multiblog.educacion.navarra.es\/lbermejo\/wp-json\/wp\/v2\/pages\/21"}],"collection":[{"href":"https:\/\/multiblog.educacion.navarra.es\/lbermejo\/wp-json\/wp\/v2\/pages"}],"about":[{"href":"https:\/\/multiblog.educacion.navarra.es\/lbermejo\/wp-json\/wp\/v2\/types\/page"}],"author":[{"embeddable":true,"href":"https:\/\/multiblog.educacion.navarra.es\/lbermejo\/wp-json\/wp\/v2\/users\/86"}],"replies":[{"embeddable":true,"href":"https:\/\/multiblog.educacion.navarra.es\/lbermejo\/wp-json\/wp\/v2\/comments?post=21"}],"version-history":[{"count":0,"href":"https:\/\/multiblog.educacion.navarra.es\/lbermejo\/wp-json\/wp\/v2\/pages\/21\/revisions"}],"wp:attachment":[{"href":"https:\/\/multiblog.educacion.navarra.es\/lbermejo\/wp-json\/wp\/v2\/media?parent=21"}],"curies":[{"name":"wp","href":"https:\/\/api.w.org\/{rel}","templated":true}]}}