


{"id":2,"date":"2019-11-14T08:08:05","date_gmt":"2019-11-14T07:08:05","guid":{"rendered":"http:\/\/multiblog.educacion.navarra.es\/kmichaug\/?page_id=2"},"modified":"2020-04-01T13:22:50","modified_gmt":"2020-04-01T11:22:50","slug":"pagina-ejemplo","status":"publish","type":"page","link":"https:\/\/multiblog.educacion.navarra.es\/kmichaug\/","title":{"rendered":"Bonjour \u00e0 toutes et \u00e0 tous"},"content":{"rendered":"<p>Espero que est\u00e1is todos bien.<\/p>\n<p>Nuestro blog sigue funcionando. Arriba en el men\u00fa, puedes pinchar en <strong>&#8220;actividades realizadas durante el confinamiento&#8221;<\/strong> y ver fotos de tus compa\u00f1eras y compa\u00f1eros.<\/p>\n<p>Los profesores os echamos mucho de menos. Un abrazo a tod@s.<\/p>\n<p>Animo.<\/p>\n\n\n<figure class=\"wp-block-image size-large\"><img loading=\"lazy\" width=\"576\" height=\"1024\" src=\"https:\/\/multiblog.educacion.navarra.es\/kmichaug\/files\/2020\/04\/Marwa-2-576x1024.jpg\" alt=\"\" class=\"wp-image-153\" srcset=\"https:\/\/multiblog.educacion.navarra.es\/kmichaug\/files\/2020\/04\/Marwa-2-576x1024.jpg 576w, https:\/\/multiblog.educacion.navarra.es\/kmichaug\/files\/2020\/04\/Marwa-2-169x300.jpg 169w, https:\/\/multiblog.educacion.navarra.es\/kmichaug\/files\/2020\/04\/Marwa-2-768x1365.jpg 768w, https:\/\/multiblog.educacion.navarra.es\/kmichaug\/files\/2020\/04\/Marwa-2-864x1536.jpg 864w, https:\/\/multiblog.educacion.navarra.es\/kmichaug\/files\/2020\/04\/Marwa-2-1152x2048.jpg 1152w, https:\/\/multiblog.educacion.navarra.es\/kmichaug\/files\/2020\/04\/Marwa-2-scaled.jpg 1440w\" sizes=\"(max-width: 576px) 100vw, 576px\" \/><\/figure>\n","protected":false},"excerpt":{"rendered":"<p>Espero que est\u00e1is todos bien. Nuestro blog sigue funcionando. Arriba en el men\u00fa, puedes pinchar en &#8220;actividades realizadas durante el confinamiento&#8221; y ver fotos de tus compa\u00f1eras y compa\u00f1eros. Los profesores os echamos mucho de menos. Un abrazo a tod@s. Animo.<\/p>\n","protected":false},"author":313,"featured_media":0,"parent":0,"menu_order":0,"comment_status":"closed","ping_status":"open","template":"","meta":{"_genesis_hide_title":false,"_genesis_hide_breadcrumbs":false,"_genesis_hide_singular_image":false,"_genesis_hide_footer_widgets":false,"_genesis_custom_body_class":"","_genesis_custom_post_class":"","_genesis_layout":""},"_links":{"self":[{"href":"https:\/\/multiblog.educacion.navarra.es\/kmichaug\/wp-json\/wp\/v2\/pages\/2"}],"collection":[{"href":"https:\/\/multiblog.educacion.navarra.es\/kmichaug\/wp-json\/wp\/v2\/pages"}],"about":[{"href":"https:\/\/multiblog.educacion.navarra.es\/kmichaug\/wp-json\/wp\/v2\/types\/page"}],"author":[{"embeddable":true,"href":"https:\/\/multiblog.educacion.navarra.es\/kmichaug\/wp-json\/wp\/v2\/users\/313"}],"replies":[{"embeddable":true,"href":"https:\/\/multiblog.educacion.navarra.es\/kmichaug\/wp-json\/wp\/v2\/comments?post=2"}],"version-history":[{"count":0,"href":"https:\/\/multiblog.educacion.navarra.es\/kmichaug\/wp-json\/wp\/v2\/pages\/2\/revisions"}],"wp:attachment":[{"href":"https:\/\/multiblog.educacion.navarra.es\/kmichaug\/wp-json\/wp\/v2\/media?parent=2"}],"curies":[{"name":"wp","href":"https:\/\/api.w.org\/{rel}","templated":true}]}}