


{"id":30,"date":"2011-04-11T22:06:16","date_gmt":"2011-04-11T22:06:16","guid":{"rendered":"http:\/\/dpto.educacion.navarra.es\/blogsfad\/jpreciad\/?page_id=30"},"modified":"2011-04-11T22:06:16","modified_gmt":"2011-04-11T22:06:16","slug":"blogs_cursillistas_web-2-0","status":"publish","type":"page","link":"https:\/\/multiblog.educacion.navarra.es\/jpreciad\/blogs_cursillistas_web-2-0\/","title":{"rendered":"Blogs_cursillistas_Web 2.0"},"content":{"rendered":"<ul>\n<li><a title=\"Noticias y curiosidades sobre las ciencias naturales\" href=\"http:\/\/dpto.educacion.navarra.es\/blogsfad\/rsanche2\/\">8848 El blog de Roberto Sanchez<\/a><\/li>\n<li><a href=\"http:\/\/dpto.educacion.navarra.es\/blogsfad\/jsubizar\/\">Blog de Joxean Subizar<\/a><\/li>\n<li><a title=\"Blog de I\u00f1aki Ariz\" href=\"http:\/\/dpto.educacion.navarra.es\/blogsfad\/iarizmar\">Comunicaci\u00f3n empresarial y atenci\u00f3n al cliente por I\u00f1aki Ariz<\/a><\/li>\n<li><a title=\"RECURSOS DE ARTE PARA CUARTO DE LA ESO\" href=\"http:\/\/dpto.educacion.navarra.es\/blogsfad\/bagramoo\/\">CUARTO CON ARTE<\/a><\/li>\n<li><a href=\"http:\/\/dpto.educacion.navarra.es\/blogsfad\/ptirado1\/\">Cuestiones de tecnolog\u00eda. Un diario de tecnolog\u00eda para los alumnos de eso y bachillerato.<\/a><\/li>\n<li><a title=\"Aprendiendo a bloguear\" href=\"http:\/\/dpto.educacion.navarra.es\/blogsfad\/alopezva\/\">Curso de blogs<\/a><\/li>\n<li><a href=\"http:\/\/dpto.educacion.navarra.es\/blogsfad\/asantos1\/\">El blog de Aranzazu Santos<\/a><\/li>\n<li><a title=\"Aprendiendo a funcionar con un blog\" href=\"http:\/\/dpto.educacion.navarra.es\/blogsfad\/gmiranda\/\">El blog de Gemma Miranda<\/a><\/li>\n<li><a title=\"Blog de recursos para Ciencias del Medioambiente\" href=\"http:\/\/dpto.educacion.navarra.es\/blogsfad\/imarruea\/\">El blog de Iosu Marruedo<\/a><\/li>\n<li><a href=\"http:\/\/dpto.educacion.navarra.es\/blogsfad\/jgoicoe1\/\">El blog de Javier Goicoechea. Curso de blogs.<\/a><\/li>\n<li><a href=\"http:\/\/dpto.educacion.navarra.es\/blogsfad\/jpreciad\/\">La Diversidad. &#8220;aprender, adaptarse, ser feliz&#8230;&#8221;<\/a><\/li>\n<li><a title=\"Blog de Luis Lopez Martinez\" href=\"http:\/\/dpto.educacion.navarra.es\/blogsfad\/llopezma\/\">El blog de las instalaciones solares fotovoltaicas<\/a><\/li>\n<li><a href=\"http:\/\/dpto.educacion.navarra.es\/blogsfad\/luisdiez\/\">El blog de Luisdiezdeu<\/a><\/li>\n<li><a title=\"Otro sitio m\u00e1s de Blogs para la formaci\u00f3n a distancia\" href=\"http:\/\/dpto.educacion.navarra.es\/blogsfad\/mjimen18\/\">El blog de Miguel Angel Jimenez<\/a><\/li>\n<li><a title=\"Este blog se utilizara para el aprendizaje del manejo de Word Press\" href=\"http:\/\/dpto.educacion.navarra.es\/blogsfad\/mgerekaz\/\">El blog de Mikel Gereka. Coordinador Escuelas Rurales de Malerreka<\/a><\/li>\n<li><a title=\"Mi primer blog de aprendizaje\" href=\"http:\/\/dpto.educacion.navarra.es\/blogsfad\/narellao\/\">El blog de Nieves Arellano<\/a><\/li>\n<li><a title=\"Hilari\u00f3n Religi\u00f3n\" href=\"http:\/\/dpto.educacion.navarra.es\/blogsfad\/oorricop\/\">El blog de Religi\u00f3n Hilari\u00f3n Eslava por Olga Orrico,<\/a><\/li>\n<li><a title=\"Blog de Jos\u00e9 \u00c1ngel Saiz Aranguren\" href=\"http:\/\/dpto.educacion.navarra.es\/blogsfad\/jsaizara\">El rinc\u00f3n de atr\u00e1s<\/a><\/li>\n<li><a title=\"Aprendiendo a bloguear con intenci\u00f3n de usarlo en el \u00e1rea de lengua castellana y literatura\" href=\"http:\/\/dpto.educacion.navarra.es\/blogsfad\/mperezf1\">En un lugar de la blogosfera. Merche P\u00e9rez<\/a><\/li>\n<li><a href=\"http:\/\/dpto.educacion.navarra.es\/blogsfad\/mrubioga\">En-blog-arte. Blog sobre el arte en las aulas.<\/a><\/li>\n<li><a title=\"Necesidad de intercambio de ideas y recursos\" href=\"http:\/\/dpto.educacion.navarra.es\/blogsfad\/iripaara\/\">Escuela rural<\/a><\/li>\n<li><a title=\"aprendiendo a bloguear\" href=\"http:\/\/dpto.educacion.navarra.es\/blogsfad\/mrecald2\/\">Gazte eta Literatura<\/a><\/li>\n<li><a title=\"Blog para compartir con los alumnos\" href=\"http:\/\/dpto.educacion.navarra.es\/blogsfad\/olucioma\/\">GR\u00c1FICA PUBLICITARIA<\/a><\/li>\n<li><a title=\"Blog para la asignatura de lengua y literatura\" href=\"http:\/\/dpto.educacion.navarra.es\/blogsfad\/maretala\/\">Leng\u00fceando que es gerundio<\/a><\/li>\n<li><a title=\"Mantenimiento de equipos hidr\u00e1ulicos industriales bombas hidr\u00e1ulicas\" href=\"http:\/\/dpto.educacion.navarra.es\/blogsfad\/pflamari\/\">Mantenimiento de equipos industriales<\/a><\/li>\n<li><a href=\"http:\/\/dpto.educacion.navarra.es\/blogsfad\/ousunari\/\">Oihane Usunariz-en bloga: Teknologia<\/a><\/li>\n<li><a title=\"Blog de Marta Ibarrola Torres\" href=\"http:\/\/dpto.educacion.navarra.es\/blogsfad\/mibarrot\/\">Proyecto edificaci\u00f3n<\/a><\/li>\n<li><a title=\"Blog sobre el valle de Sakana\" href=\"http:\/\/dpto.educacion.navarra.es\/blogsfad\/ealegri2\/\" target=\"_blank\">SAKANA ZEIN EDERRA<\/a><\/li>\n<li><a title=\"Blog sobre contenidos de la asignatura de Tecnolog\u00eda\" href=\"http:\/\/dpto.educacion.navarra.es\/blogsfad\/dperezf1\/\">Si a la Tecnolog\u00eda<\/a><\/li>\n<li><a title=\"\u00a1Hablemos hasta por los codos!\" href=\"http:\/\/dpto.educacion.navarra.es\/blogsfad\/mgonig\/\">Talking up a storm!!<\/a><\/li>\n<li><a href=\"http:\/\/dpto.educacion.navarra.es\/blogsfad\/lcastinp\/\">Viendo el mundo con ojos matem\u00e1ticos<\/a><\/li>\n<\/ul>\n<p>&nbsp;<\/p>\n","protected":false},"excerpt":{"rendered":"<p>8848 El blog de Roberto Sanchez Blog de Joxean Subizar Comunicaci\u00f3n empresarial y atenci\u00f3n al cliente por I\u00f1aki Ariz CUARTO CON ARTE Cuestiones de tecnolog\u00eda. Un diario de tecnolog\u00eda para los alumnos de eso y bachillerato. Curso de blogs El blog de Aranzazu Santos El blog de Gemma Miranda El blog de Iosu Marruedo El [&hellip;]<\/p>\n","protected":false},"author":218,"featured_media":0,"parent":0,"menu_order":0,"comment_status":"open","ping_status":"open","template":"","meta":[],"_links":{"self":[{"href":"https:\/\/multiblog.educacion.navarra.es\/jpreciad\/wp-json\/wp\/v2\/pages\/30"}],"collection":[{"href":"https:\/\/multiblog.educacion.navarra.es\/jpreciad\/wp-json\/wp\/v2\/pages"}],"about":[{"href":"https:\/\/multiblog.educacion.navarra.es\/jpreciad\/wp-json\/wp\/v2\/types\/page"}],"author":[{"embeddable":true,"href":"https:\/\/multiblog.educacion.navarra.es\/jpreciad\/wp-json\/wp\/v2\/users\/218"}],"replies":[{"embeddable":true,"href":"https:\/\/multiblog.educacion.navarra.es\/jpreciad\/wp-json\/wp\/v2\/comments?post=30"}],"version-history":[{"count":0,"href":"https:\/\/multiblog.educacion.navarra.es\/jpreciad\/wp-json\/wp\/v2\/pages\/30\/revisions"}],"wp:attachment":[{"href":"https:\/\/multiblog.educacion.navarra.es\/jpreciad\/wp-json\/wp\/v2\/media?parent=30"}],"curies":[{"name":"wp","href":"https:\/\/api.w.org\/{rel}","templated":true}]}}