


{"id":96,"date":"2013-01-10T00:02:07","date_gmt":"2013-01-09T22:02:07","guid":{"rendered":"http:\/\/multiblog.educacion.navarra.es\/jballabr\/?page_id=96"},"modified":"2018-06-12T11:23:44","modified_gmt":"2018-06-12T09:23:44","slug":"1o-bachillerato-sociales","status":"publish","type":"page","link":"https:\/\/multiblog.educacion.navarra.es\/jballabr\/material-de-trabajo\/1o-bachillerato-sociales\/","title":{"rendered":"1\u00ba Bachillerato (Sociales)"},"content":{"rendered":"<p>Son hojas de problemas complementarias al libro de texto, para repasar o profundizar m\u00e1s, seg\u00fan el caso.<\/p>\n<table width=\"1037\" border=\"1\" cellspacing=\"0\" cellpadding=\"0\" align=\"left\">\n<tbody>\n<tr>\n<td rowspan=\"6\" valign=\"top\" width=\"149\"><b>1\u00ba Bachillerato (sociales)<\/b><\/td>\n<td width=\"248\"><a href=\"http:\/\/multiblog.educacion.navarra.es\/jballabr\/files\/2013\/01\/N\u00fameros-reales2.pdf\">N\u00fameros reales<\/a><\/td>\n<\/tr>\n<tr>\n<td width=\"248\"><a href=\"http:\/\/multiblog.educacion.navarra.es\/jballabr\/files\/2013\/01\/Logaritmos.pdf\">Logaritmos<\/a><\/td>\n<\/tr>\n<tr>\n<td width=\"248\"><a href=\"http:\/\/irati.pnte.cfnavarra.es\/multiblog\/jballabr\/files\/2013\/01\/Ecuaciones-e-inecuaciones1.pdf\">Ecuaciones e inecuaciones<\/a><\/td>\n<\/tr>\n<tr>\n<td width=\"248\"><a href=\"http:\/\/multiblog.educacion.navarra.es\/jballabr\/files\/2013\/01\/Progresiones-y-matem\u00e1tica-financiera.pdf\">Progresiones y matem\u00e1tica financiera<\/a><\/td>\n<\/tr>\n<tr>\n<td width=\"248\"><a href=\"http:\/\/multiblog.educacion.navarra.es\/jballabr\/files\/2013\/01\/Problemas-aritm\u00e9tica-mercantil.pdf\">Problemas aritm\u00e9tica mercantil<\/a><\/td>\n<\/tr>\n<tr>\n<td width=\"248\"><a href=\"http:\/\/multiblog.educacion.navarra.es\/jballabr\/files\/2013\/01\/Ejemplos-de-Matem\u00e1ticas-financieras.pdf\">Ejemplos de Matem\u00e1ticas financieras<\/a><\/td>\n<\/tr>\n<\/tbody>\n<\/table>\n","protected":false},"excerpt":{"rendered":"<p>Son hojas de problemas complementarias al libro de texto, para repasar o profundizar m\u00e1s, seg\u00fan el caso. 1\u00ba Bachillerato (sociales) N\u00fameros reales Logaritmos Ecuaciones e inecuaciones Progresiones y matem\u00e1tica financiera Problemas aritm\u00e9tica mercantil Ejemplos de Matem\u00e1ticas financieras<\/p>\n","protected":false},"author":59,"featured_media":0,"parent":79,"menu_order":6,"comment_status":"closed","ping_status":"closed","template":"","meta":[],"_links":{"self":[{"href":"https:\/\/multiblog.educacion.navarra.es\/jballabr\/wp-json\/wp\/v2\/pages\/96"}],"collection":[{"href":"https:\/\/multiblog.educacion.navarra.es\/jballabr\/wp-json\/wp\/v2\/pages"}],"about":[{"href":"https:\/\/multiblog.educacion.navarra.es\/jballabr\/wp-json\/wp\/v2\/types\/page"}],"author":[{"embeddable":true,"href":"https:\/\/multiblog.educacion.navarra.es\/jballabr\/wp-json\/wp\/v2\/users\/59"}],"replies":[{"embeddable":true,"href":"https:\/\/multiblog.educacion.navarra.es\/jballabr\/wp-json\/wp\/v2\/comments?post=96"}],"version-history":[{"count":0,"href":"https:\/\/multiblog.educacion.navarra.es\/jballabr\/wp-json\/wp\/v2\/pages\/96\/revisions"}],"up":[{"embeddable":true,"href":"https:\/\/multiblog.educacion.navarra.es\/jballabr\/wp-json\/wp\/v2\/pages\/79"}],"wp:attachment":[{"href":"https:\/\/multiblog.educacion.navarra.es\/jballabr\/wp-json\/wp\/v2\/media?parent=96"}],"curies":[{"name":"wp","href":"https:\/\/api.w.org\/{rel}","templated":true}]}}