


{"id":95,"date":"2013-01-10T00:00:38","date_gmt":"2013-01-09T22:00:38","guid":{"rendered":"http:\/\/multiblog.educacion.navarra.es\/jballabr\/?page_id=95"},"modified":"2018-06-12T11:23:34","modified_gmt":"2018-06-12T09:23:34","slug":"1o-bachillerato-ciencias","status":"publish","type":"page","link":"https:\/\/multiblog.educacion.navarra.es\/jballabr\/material-de-trabajo\/1o-bachillerato-ciencias\/","title":{"rendered":"1\u00ba Bachillerato (Ciencias)"},"content":{"rendered":"<p>Son hojas de problemas complementarias al libro de texto, para repasar o profundizar m\u00e1s, seg\u00fan el caso.<\/p>\n<table width=\"1037\" border=\"1\" cellspacing=\"0\" cellpadding=\"0\" align=\"left\">\n<tbody>\n<tr>\n<td rowspan=\"12\" valign=\"top\" width=\"149\"><b>1\u00ba Bachillerato (Ciencias)\u00a0\u00a0\u00a0\u00a0 <\/b><\/td>\n<td width=\"248\"><a href=\"http:\/\/multiblog.educacion.navarra.es\/jballabr\/files\/2013\/01\/N\u00fameros-reales1.pdf\">N\u00fameros reales<\/a><\/td>\n<\/tr>\n<tr>\n<td width=\"248\"><a href=\"http:\/\/multiblog.educacion.navarra.es\/jballabr\/files\/2013\/01\/Ecuaciones-e-inecuaciones.pdf\">Ecuaciones e inecuaciones<\/a><\/td>\n<\/tr>\n<tr>\n<td width=\"248\"><a href=\"http:\/\/multiblog.educacion.navarra.es\/jballabr\/files\/2013\/01\/Problemas-de-aplicaci\u00f3n.pdf\">Problemas de aplicaci\u00f3n<\/a><\/td>\n<\/tr>\n<tr>\n<td width=\"248\"><a href=\"http:\/\/multiblog.educacion.navarra.es\/jballabr\/files\/2013\/01\/Trigonometr\u00eda-1.pdf\">Trigonometr\u00eda (1)<\/a><\/td>\n<\/tr>\n<tr>\n<td width=\"248\"><a href=\"http:\/\/multiblog.educacion.navarra.es\/jballabr\/files\/2013\/01\/Trigonometr\u00eda-2.pdf\">Trigonometr\u00eda (2)<\/a><\/td>\n<\/tr>\n<tr>\n<td width=\"248\"><a href=\"http:\/\/multiblog.educacion.navarra.es\/jballabr\/files\/2013\/01\/Problemas-de-trigonometr\u00eda.pdf\">Problemas de trigonometr\u00eda<\/a><\/td>\n<\/tr>\n<tr>\n<td width=\"248\"><a href=\"http:\/\/multiblog.educacion.navarra.es\/jballabr\/files\/2013\/07\/N\u00fameros-complejos.pdf\">N\u00fameros complejos<\/a><\/td>\n<\/tr>\n<tr>\n<td width=\"248\"><a href=\"http:\/\/multiblog.educacion.navarra.es\/jballabr\/files\/2013\/07\/L\u00edmites-y-continuidad-1.pdf\">L\u00edmites y continuidad (1)<\/a><\/td>\n<\/tr>\n<tr>\n<td width=\"248\"><a href=\"http:\/\/multiblog.educacion.navarra.es\/jballabr\/files\/2013\/07\/L\u00edmites-y-continuidad-2.pdf\">L\u00edmites y continuidad (2)<\/a><\/td>\n<\/tr>\n<tr>\n<td width=\"248\"><a href=\"http:\/\/multiblog.educacion.navarra.es\/jballabr\/files\/2013\/07\/L\u00edmites-continuidad-y-derivaci\u00f3n.pdf\">L\u00edmites, continuidad y derivaci\u00f3n<\/a><\/td>\n<\/tr>\n<tr>\n<td width=\"248\"><a href=\"http:\/\/multiblog.educacion.navarra.es\/jballabr\/files\/2013\/07\/Derivaci\u00f3n.pdf\">Derivaci\u00f3n<\/a><\/td>\n<\/tr>\n<tr>\n<td width=\"248\"><a href=\"http:\/\/multiblog.educacion.navarra.es\/jballabr\/files\/2013\/07\/Problemas-optimizaci\u00f3n.pdf\">Problemas optimizaci\u00f3n<\/a><\/td>\n<\/tr>\n<\/tbody>\n<\/table>\n","protected":false},"excerpt":{"rendered":"<p>Son hojas de problemas complementarias al libro de texto, para repasar o profundizar m\u00e1s, seg\u00fan el caso. 1\u00ba Bachillerato (Ciencias)\u00a0\u00a0\u00a0\u00a0 N\u00fameros reales Ecuaciones e inecuaciones Problemas de aplicaci\u00f3n Trigonometr\u00eda (1) Trigonometr\u00eda (2) Problemas de trigonometr\u00eda N\u00fameros complejos L\u00edmites y continuidad &hellip; <a href=\"https:\/\/multiblog.educacion.navarra.es\/jballabr\/material-de-trabajo\/1o-bachillerato-ciencias\/\">Sigue leyendo <span class=\"meta-nav\">&rarr;<\/span><\/a><\/p>\n","protected":false},"author":59,"featured_media":0,"parent":79,"menu_order":5,"comment_status":"closed","ping_status":"closed","template":"","meta":[],"_links":{"self":[{"href":"https:\/\/multiblog.educacion.navarra.es\/jballabr\/wp-json\/wp\/v2\/pages\/95"}],"collection":[{"href":"https:\/\/multiblog.educacion.navarra.es\/jballabr\/wp-json\/wp\/v2\/pages"}],"about":[{"href":"https:\/\/multiblog.educacion.navarra.es\/jballabr\/wp-json\/wp\/v2\/types\/page"}],"author":[{"embeddable":true,"href":"https:\/\/multiblog.educacion.navarra.es\/jballabr\/wp-json\/wp\/v2\/users\/59"}],"replies":[{"embeddable":true,"href":"https:\/\/multiblog.educacion.navarra.es\/jballabr\/wp-json\/wp\/v2\/comments?post=95"}],"version-history":[{"count":0,"href":"https:\/\/multiblog.educacion.navarra.es\/jballabr\/wp-json\/wp\/v2\/pages\/95\/revisions"}],"up":[{"embeddable":true,"href":"https:\/\/multiblog.educacion.navarra.es\/jballabr\/wp-json\/wp\/v2\/pages\/79"}],"wp:attachment":[{"href":"https:\/\/multiblog.educacion.navarra.es\/jballabr\/wp-json\/wp\/v2\/media?parent=95"}],"curies":[{"name":"wp","href":"https:\/\/api.w.org\/{rel}","templated":true}]}}