


{"id":94,"date":"2013-01-09T23:59:50","date_gmt":"2013-01-09T21:59:50","guid":{"rendered":"http:\/\/multiblog.educacion.navarra.es\/jballabr\/?page_id=94"},"modified":"2018-06-12T11:24:42","modified_gmt":"2018-06-12T09:24:42","slug":"4o-eso","status":"publish","type":"page","link":"https:\/\/multiblog.educacion.navarra.es\/jballabr\/material-de-trabajo\/4o-eso\/","title":{"rendered":"4\u00ba ESO"},"content":{"rendered":"<p>Os dejo hojas de problemas por si pueden ser de utilidad<\/p>\n<table border=\"1\" width=\"1037\" cellspacing=\"0\" cellpadding=\"0\" align=\"left\">\n<tbody>\n<tr>\n<td rowspan=\"10\" valign=\"top\" width=\"149\"><b>4\u00ba ESO\u00a0<\/b><\/p>\n<p><b>Opci\u00f3n acad\u00e9micas<\/b><\/td>\n<td width=\"248\"><a href=\"http:\/\/multiblog.educacion.navarra.es\/jballabr\/files\/2013\/01\/Repaso-inicial1.pdf\">Repaso inicial<\/a><\/td>\n<\/tr>\n<tr>\n<td width=\"248\"><a href=\"http:\/\/multiblog.educacion.navarra.es\/jballabr\/files\/2013\/01\/N\u00fameros-reales3.pdf\">N\u00fameros reales<\/a><\/td>\n<\/tr>\n<tr>\n<td width=\"248\"><a href=\"http:\/\/multiblog.educacion.navarra.es\/jballabr\/files\/2013\/01\/Ecuaciones-resueltas.pdf\">Ecuaciones resueltas<\/a><\/td>\n<\/tr>\n<tr>\n<td width=\"248\"><a href=\"http:\/\/multiblog.educacion.navarra.es\/jballabr\/files\/2013\/01\/Inecuaciones.pdf\">Inecuaciones<\/a><\/td>\n<\/tr>\n<tr>\n<td width=\"248\"><a href=\"http:\/\/multiblog.educacion.navarra.es\/jballabr\/files\/2013\/01\/Problemas.pdf\">Problemas<\/a><\/td>\n<\/tr>\n<tr>\n<td width=\"248\"><a href=\"http:\/\/multiblog.educacion.navarra.es\/jballabr\/files\/2013\/01\/Progresiones1.pdf\">Progresiones<\/a><\/td>\n<\/tr>\n<tr>\n<td width=\"248\"><a href=\"http:\/\/multiblog.educacion.navarra.es\/jballabr\/files\/2013\/01\/Problemas-trigonometr\u00eda.pdf\">Problemas trigonometr\u00eda<\/a><\/td>\n<\/tr>\n<tr>\n<td width=\"248\"><a href=\"http:\/\/multiblog.educacion.navarra.es\/jballabr\/files\/2013\/01\/Probabilidad-y-Combinatoria.pdf\">Probabilidad y Combinatoria<\/a><\/td>\n<\/tr>\n<tr>\n<td width=\"248\"><a href=\"http:\/\/multiblog.educacion.navarra.es\/jballabr\/files\/2013\/01\/Combinatoria.pdf\">Combinatoria<\/a><\/td>\n<\/tr>\n<tr>\n<td width=\"248\"><\/td>\n<\/tr>\n<tr>\n<td rowspan=\"7\" valign=\"top\" width=\"149\"><b>4\u00ba ESO\u00a0<\/b><\/p>\n<p><b>Matem\u00e1ticas aplicadas<\/b><\/td>\n<td width=\"248\"><a href=\"http:\/\/multiblog.educacion.navarra.es\/jballabr\/files\/2013\/01\/Repaso-inicial2.pdf\">Repaso inicial<\/a><\/td>\n<\/tr>\n<tr>\n<td width=\"248\"><a href=\"http:\/\/multiblog.educacion.navarra.es\/jballabr\/files\/2013\/01\/Radicales1.pdf\">Radicales<\/a><\/td>\n<\/tr>\n<tr>\n<td width=\"248\"><a href=\"http:\/\/multiblog.educacion.navarra.es\/jballabr\/files\/2013\/01\/Ecuaciones-resueltas1.pdf\">Ecuaciones resueltas<\/a><\/td>\n<\/tr>\n<tr>\n<td width=\"248\"><a href=\"http:\/\/multiblog.educacion.navarra.es\/jballabr\/files\/2013\/01\/Inecuaciones1.pdf\">Inecuaciones<\/a><\/td>\n<\/tr>\n<tr>\n<td width=\"248\"><a href=\"http:\/\/multiblog.educacion.navarra.es\/jballabr\/files\/2013\/01\/Problemas1.pdf\">Problemas<\/a><\/td>\n<\/tr>\n<tr>\n<td width=\"248\"><a href=\"http:\/\/multiblog.educacion.navarra.es\/jballabr\/files\/2013\/01\/Progresiones2.pdf\">Progresiones<\/a><\/td>\n<\/tr>\n<tr>\n<td width=\"248\"><a href=\"http:\/\/multiblog.educacion.navarra.es\/jballabr\/files\/2013\/01\/Combinatoria1.pdf\">Combinatoria<\/a><\/td>\n<\/tr>\n<\/tbody>\n<\/table>\n","protected":false},"excerpt":{"rendered":"<p>Os dejo hojas de problemas por si pueden ser de utilidad 4\u00ba ESO\u00a0 Opci\u00f3n acad\u00e9micas Repaso inicial N\u00fameros reales Ecuaciones resueltas Inecuaciones Problemas Progresiones Problemas trigonometr\u00eda Probabilidad y Combinatoria Combinatoria 4\u00ba ESO\u00a0 Matem\u00e1ticas aplicadas Repaso inicial Radicales Ecuaciones resueltas Inecuaciones &hellip; <a href=\"https:\/\/multiblog.educacion.navarra.es\/jballabr\/material-de-trabajo\/4o-eso\/\">Sigue leyendo <span class=\"meta-nav\">&rarr;<\/span><\/a><\/p>\n","protected":false},"author":59,"featured_media":0,"parent":79,"menu_order":4,"comment_status":"closed","ping_status":"closed","template":"","meta":[],"_links":{"self":[{"href":"https:\/\/multiblog.educacion.navarra.es\/jballabr\/wp-json\/wp\/v2\/pages\/94"}],"collection":[{"href":"https:\/\/multiblog.educacion.navarra.es\/jballabr\/wp-json\/wp\/v2\/pages"}],"about":[{"href":"https:\/\/multiblog.educacion.navarra.es\/jballabr\/wp-json\/wp\/v2\/types\/page"}],"author":[{"embeddable":true,"href":"https:\/\/multiblog.educacion.navarra.es\/jballabr\/wp-json\/wp\/v2\/users\/59"}],"replies":[{"embeddable":true,"href":"https:\/\/multiblog.educacion.navarra.es\/jballabr\/wp-json\/wp\/v2\/comments?post=94"}],"version-history":[{"count":0,"href":"https:\/\/multiblog.educacion.navarra.es\/jballabr\/wp-json\/wp\/v2\/pages\/94\/revisions"}],"up":[{"embeddable":true,"href":"https:\/\/multiblog.educacion.navarra.es\/jballabr\/wp-json\/wp\/v2\/pages\/79"}],"wp:attachment":[{"href":"https:\/\/multiblog.educacion.navarra.es\/jballabr\/wp-json\/wp\/v2\/media?parent=94"}],"curies":[{"name":"wp","href":"https:\/\/api.w.org\/{rel}","templated":true}]}}