


{"id":93,"date":"2013-01-09T23:58:37","date_gmt":"2013-01-09T21:58:37","guid":{"rendered":"http:\/\/multiblog.educacion.navarra.es\/jballabr\/?page_id=93"},"modified":"2018-06-12T11:23:18","modified_gmt":"2018-06-12T09:23:18","slug":"3o-eso","status":"publish","type":"page","link":"https:\/\/multiblog.educacion.navarra.es\/jballabr\/material-de-trabajo\/3o-eso\/","title":{"rendered":"3\u00ba ESO"},"content":{"rendered":"<p>Son hojas de problemas complementarias al libro de texto, para repasar o profundizar m\u00e1s, seg\u00fan el caso.<\/p>\n<table width=\"1037\" border=\"1\" cellspacing=\"0\" cellpadding=\"0\" align=\"left\">\n<tbody>\n<tr>\n<td rowspan=\"13\" valign=\"top\" width=\"149\"><b>3\u00ba ESO:<\/b><\/td>\n<td width=\"248\"><a href=\"http:\/\/multiblog.educacion.navarra.es\/jballabr\/files\/2013\/01\/Repaso-inicial.pdf\">Repaso inicial<\/a><\/td>\n<\/tr>\n<tr>\n<td width=\"248\"><a href=\"http:\/\/multiblog.educacion.navarra.es\/jballabr\/files\/2013\/01\/N\u00fameros-reales.pdf\">N\u00fameros reales<\/a><\/td>\n<\/tr>\n<tr>\n<td width=\"248\"><a href=\"http:\/\/irati.pnte.cfnavarra.es\/multiblog\/jballabr\/files\/2013\/01\/Radicales.pdf\">Radicales<\/a><\/td>\n<\/tr>\n<tr>\n<td width=\"248\"><a href=\"http:\/\/multiblog.educacion.navarra.es\/jballabr\/files\/2013\/01\/Aplicaciones-proporcionalidad.pdf\">Aplicaciones proporcionalidad<\/a><\/td>\n<\/tr>\n<tr>\n<td width=\"248\"><a href=\"http:\/\/multiblog.educacion.navarra.es\/jballabr\/files\/2013\/01\/Ecuaciones-y-problemas-1.pdf\">Ecuaciones y problemas (1)<\/a><\/td>\n<\/tr>\n<tr>\n<td width=\"248\"><a href=\"http:\/\/multiblog.educacion.navarra.es\/jballabr\/files\/2013\/01\/Polinomios.pdf\">Polinomios<\/a><\/td>\n<\/tr>\n<tr>\n<td width=\"248\"><a href=\"http:\/\/multiblog.educacion.navarra.es\/jballabr\/files\/2013\/01\/Progresiones.pdf\">Progresiones<\/a><\/td>\n<\/tr>\n<tr>\n<td width=\"248\"><a href=\"http:\/\/multiblog.educacion.navarra.es\/jballabr\/files\/2013\/07\/Problemas.pdf\">Problemas<\/a><\/td>\n<\/tr>\n<tr>\n<td width=\"248\"><a href=\"http:\/\/multiblog.educacion.navarra.es\/jballabr\/files\/2013\/07\/Movimientos.pdf\">Movimientos<\/a><\/td>\n<\/tr>\n<tr>\n<td width=\"248\"><a href=\"http:\/\/multiblog.educacion.navarra.es\/jballabr\/files\/2013\/07\/Interpretaci\u00f3n-funciones.pdf\">Interpretaci\u00f3n funciones<\/a><\/td>\n<\/tr>\n<tr>\n<td width=\"248\"><a href=\"http:\/\/multiblog.educacion.navarra.es\/jballabr\/files\/2013\/07\/Interpretaci\u00f3n-funciones.pdf\">Funciones elementales<\/a><\/td>\n<\/tr>\n<tr>\n<td width=\"248\"><a href=\"http:\/\/multiblog.educacion.navarra.es\/jballabr\/files\/2013\/07\/Funci\u00f3n-cuadr\u00e1tica.pdf\">Funci\u00f3n cuadr\u00e1tica<\/a><\/td>\n<\/tr>\n<tr>\n<td width=\"248\"><a href=\"http:\/\/multiblog.educacion.navarra.es\/jballabr\/files\/2013\/07\/Estad\u00edstica.pdf\">Estad\u00edstica<\/a><\/td>\n<\/tr>\n<\/tbody>\n<\/table>\n","protected":false},"excerpt":{"rendered":"<p>Son hojas de problemas complementarias al libro de texto, para repasar o profundizar m\u00e1s, seg\u00fan el caso. 3\u00ba ESO: Repaso inicial N\u00fameros reales Radicales Aplicaciones proporcionalidad Ecuaciones y problemas (1) Polinomios Progresiones Problemas Movimientos Interpretaci\u00f3n funciones Funciones elementales Funci\u00f3n cuadr\u00e1tica &hellip; <a href=\"https:\/\/multiblog.educacion.navarra.es\/jballabr\/material-de-trabajo\/3o-eso\/\">Sigue leyendo <span class=\"meta-nav\">&rarr;<\/span><\/a><\/p>\n","protected":false},"author":59,"featured_media":0,"parent":79,"menu_order":3,"comment_status":"closed","ping_status":"closed","template":"","meta":[],"_links":{"self":[{"href":"https:\/\/multiblog.educacion.navarra.es\/jballabr\/wp-json\/wp\/v2\/pages\/93"}],"collection":[{"href":"https:\/\/multiblog.educacion.navarra.es\/jballabr\/wp-json\/wp\/v2\/pages"}],"about":[{"href":"https:\/\/multiblog.educacion.navarra.es\/jballabr\/wp-json\/wp\/v2\/types\/page"}],"author":[{"embeddable":true,"href":"https:\/\/multiblog.educacion.navarra.es\/jballabr\/wp-json\/wp\/v2\/users\/59"}],"replies":[{"embeddable":true,"href":"https:\/\/multiblog.educacion.navarra.es\/jballabr\/wp-json\/wp\/v2\/comments?post=93"}],"version-history":[{"count":0,"href":"https:\/\/multiblog.educacion.navarra.es\/jballabr\/wp-json\/wp\/v2\/pages\/93\/revisions"}],"up":[{"embeddable":true,"href":"https:\/\/multiblog.educacion.navarra.es\/jballabr\/wp-json\/wp\/v2\/pages\/79"}],"wp:attachment":[{"href":"https:\/\/multiblog.educacion.navarra.es\/jballabr\/wp-json\/wp\/v2\/media?parent=93"}],"curies":[{"name":"wp","href":"https:\/\/api.w.org\/{rel}","templated":true}]}}