


{"id":92,"date":"2013-01-09T23:58:17","date_gmt":"2013-01-09T21:58:17","guid":{"rendered":"http:\/\/multiblog.educacion.navarra.es\/jballabr\/?page_id=92"},"modified":"2018-06-12T11:23:03","modified_gmt":"2018-06-12T09:23:03","slug":"2o-eso","status":"publish","type":"page","link":"https:\/\/multiblog.educacion.navarra.es\/jballabr\/material-de-trabajo\/2o-eso\/","title":{"rendered":"2\u00ba ESO"},"content":{"rendered":"<table width=\"1076\">\n<tbody>\n<tr>\n<td rowspan=\"16\" width=\"108\"><strong>2\u00ba ESO<\/strong><\/td>\n<td width=\"315\"><a href=\"http:\/\/multiblog.educacion.navarra.es\/jballabr\/files\/2013\/12\/N\u00fameros-enteros.pdf\">N\u00fameros enteros<\/a><\/td>\n<\/tr>\n<tr>\n<td width=\"315\"><a href=\"http:\/\/multiblog.educacion.navarra.es\/jballabr\/files\/2013\/12\/N\u00fameros-enteros.-Resumen.pdf\">N\u00fameros enteros. Resumen<\/a><\/td>\n<\/tr>\n<tr>\n<td width=\"315\"><a href=\"http:\/\/multiblog.educacion.navarra.es\/jballabr\/files\/2013\/12\/N\u00fameros-enteros.-Potencias-y-problemas.pdf\">N\u00fameros enteros. Potencias y problemas<\/a><\/td>\n<\/tr>\n<tr>\n<td width=\"315\"><a href=\"http:\/\/multiblog.educacion.navarra.es\/jballabr\/files\/2013\/12\/N\u00fameros-enteros.Problemas.pdf\">N\u00fameros enteros. Problemas<\/a><\/td>\n<\/tr>\n<tr>\n<td width=\"315\"><a href=\"http:\/\/multiblog.educacion.navarra.es\/jballabr\/files\/2013\/12\/Enteros.-Potencias.-Fracciones-y-porcentajes.pdf\">Enteros. Potencias. Fracciones y porcentajes<\/a><\/td>\n<\/tr>\n<tr>\n<td width=\"315\"><a href=\"http:\/\/multiblog.educacion.navarra.es\/jballabr\/files\/2013\/12\/Repaso-porcentajes-y-crucigrama.pdf\">Repaso porcentajes y crucigrama<\/a><\/td>\n<\/tr>\n<tr>\n<td width=\"315\"><a href=\"http:\/\/multiblog.educacion.navarra.es\/jballabr\/files\/2013\/12\/Ampliaci\u00f3n.pdf\">Ampliaci\u00f3n<\/a><\/td>\n<\/tr>\n<tr>\n<td width=\"315\"><a href=\"http:\/\/multiblog.educacion.navarra.es\/jballabr\/files\/2013\/12\/Problemas-n\u00fameros-enteros.pdf\">Problemas n\u00fameros enteros<\/a><\/td>\n<\/tr>\n<tr>\n<td width=\"315\"><a href=\"http:\/\/multiblog.educacion.navarra.es\/jballabr\/files\/2014\/06\/Problemas-de-probabilidad.pdf\">Problemas de probabilidad<\/a><\/td>\n<\/tr>\n<tr>\n<td width=\"315\"><a href=\"http:\/\/multiblog.educacion.navarra.es\/jballabr\/files\/2014\/06\/Repaso-\u00e1lgebra.pdf\">Repaso \u00e1lgebra<\/a><\/td>\n<\/tr>\n<tr>\n<td width=\"315\"><a href=\"http:\/\/multiblog.educacion.navarra.es\/jballabr\/files\/2014\/06\/Ecuaciones.-Sistemas.pdf\">Ecuaciones. Sistemas<\/a><\/td>\n<\/tr>\n<tr>\n<td width=\"315\"><a href=\"http:\/\/multiblog.educacion.navarra.es\/jballabr\/files\/2014\/06\/Interpretaci\u00f3n-de-gr\u00e1ficas.pdf\">Interpretaci\u00f3n de gr\u00e1ficas<\/a><\/td>\n<\/tr>\n<tr>\n<td width=\"315\"><a href=\"http:\/\/multiblog.educacion.navarra.es\/jballabr\/files\/2014\/06\/Sistemas-y-problemas.pdf\">Sistemas y problemas<\/a><\/td>\n<\/tr>\n<tr>\n<td width=\"315\"><a href=\"http:\/\/multiblog.educacion.navarra.es\/jballabr\/files\/2014\/06\/Semejanza-y-Pit\u00e1goras.pdf\">Semejanza y Pit\u00e1goras<\/a><\/td>\n<\/tr>\n<tr>\n<td width=\"315\"><a href=\"http:\/\/multiblog.educacion.navarra.es\/jballabr\/files\/2014\/06\/Superficies-y-vol\u00famenes.pdf\">Superficies y vol\u00famenes<\/a><\/td>\n<\/tr>\n<tr>\n<td width=\"315\"><a href=\"http:\/\/multiblog.educacion.navarra.es\/jballabr\/files\/2014\/06\/\u00c1reas-superficies-y-vol\u00famenes.pdf\">\u00c1reas. Superficies y vol\u00famenes<\/a><\/td>\n<\/tr>\n<\/tbody>\n<\/table>\n","protected":false},"excerpt":{"rendered":"<p>2\u00ba ESO N\u00fameros enteros N\u00fameros enteros. Resumen N\u00fameros enteros. Potencias y problemas N\u00fameros enteros. Problemas Enteros. Potencias. Fracciones y porcentajes Repaso porcentajes y crucigrama Ampliaci\u00f3n Problemas n\u00fameros enteros Problemas de probabilidad Repaso \u00e1lgebra Ecuaciones. Sistemas Interpretaci\u00f3n de gr\u00e1ficas Sistemas y &hellip; <a href=\"https:\/\/multiblog.educacion.navarra.es\/jballabr\/material-de-trabajo\/2o-eso\/\">Sigue leyendo <span class=\"meta-nav\">&rarr;<\/span><\/a><\/p>\n","protected":false},"author":59,"featured_media":0,"parent":79,"menu_order":2,"comment_status":"closed","ping_status":"closed","template":"","meta":[],"_links":{"self":[{"href":"https:\/\/multiblog.educacion.navarra.es\/jballabr\/wp-json\/wp\/v2\/pages\/92"}],"collection":[{"href":"https:\/\/multiblog.educacion.navarra.es\/jballabr\/wp-json\/wp\/v2\/pages"}],"about":[{"href":"https:\/\/multiblog.educacion.navarra.es\/jballabr\/wp-json\/wp\/v2\/types\/page"}],"author":[{"embeddable":true,"href":"https:\/\/multiblog.educacion.navarra.es\/jballabr\/wp-json\/wp\/v2\/users\/59"}],"replies":[{"embeddable":true,"href":"https:\/\/multiblog.educacion.navarra.es\/jballabr\/wp-json\/wp\/v2\/comments?post=92"}],"version-history":[{"count":0,"href":"https:\/\/multiblog.educacion.navarra.es\/jballabr\/wp-json\/wp\/v2\/pages\/92\/revisions"}],"up":[{"embeddable":true,"href":"https:\/\/multiblog.educacion.navarra.es\/jballabr\/wp-json\/wp\/v2\/pages\/79"}],"wp:attachment":[{"href":"https:\/\/multiblog.educacion.navarra.es\/jballabr\/wp-json\/wp\/v2\/media?parent=92"}],"curies":[{"name":"wp","href":"https:\/\/api.w.org\/{rel}","templated":true}]}}