


{"id":89,"date":"2013-01-09T23:47:12","date_gmt":"2013-01-09T21:47:12","guid":{"rendered":"http:\/\/multiblog.educacion.navarra.es\/jballabr\/?page_id=89"},"modified":"2013-01-09T23:47:12","modified_gmt":"2013-01-09T21:47:12","slug":"curiosidades-matematicas","status":"publish","type":"page","link":"https:\/\/multiblog.educacion.navarra.es\/jballabr\/curiosidades-matematicas\/","title":{"rendered":"Curiosidades Matem\u00e1ticas"},"content":{"rendered":"<p>En esta secci\u00f3n os mostrar\u00e9 algunas de las curiosidades que m\u00e1s juego me dan para proporcionar a los alumnos una visi\u00f3n diferente de las matem\u00e1ticas y tomarlo como un punto de partida para hacer peque\u00f1\u00e1s investigaciones sobre estos temas.<\/p>\n<p>Solo pretendo mostrar otras posibilidades y esforzarme por intentar que las matem\u00e1ticas no sean solo un instrumento &#8220;odiado&#8221; sino algo propio y que nos puede dar mucho juego<\/p>\n<p><a href=\"http:\/\/multiblog.educacion.navarra.es\/jballabr\/anamorfosis\/\">Anamorf\u00f3sis<\/a>:\u00a0 Como la realidad puede &#8220;deformarse&#8221; por placer o por necesidad<\/p>\n<p><a href=\"http:\/\/multiblog.educacion.navarra.es\/jballabr\/escher\/ \u200e\">Escher<\/a>: Autor famoso por sus dibujos imposibles, pero tambi\u00e9n un gran estudioso de la geomer\u00eda<\/p>\n<p><a href=\"http:\/\/multiblog.educacion.navarra.es\/jballabr\/ilusiones-opticas\/\">Ilusiones \u00f3pticas<\/a>: \u00bfEnga\u00f1amos al ojo?<\/p>\n","protected":false},"excerpt":{"rendered":"<p>En esta secci\u00f3n os mostrar\u00e9 algunas de las curiosidades que m\u00e1s juego me dan para proporcionar a los alumnos una visi\u00f3n diferente de las matem\u00e1ticas y tomarlo como un punto de partida para hacer peque\u00f1\u00e1s investigaciones sobre estos temas. Solo &hellip; <a href=\"https:\/\/multiblog.educacion.navarra.es\/jballabr\/curiosidades-matematicas\/\">Sigue leyendo <span class=\"meta-nav\">&rarr;<\/span><\/a><\/p>\n","protected":false},"author":59,"featured_media":0,"parent":0,"menu_order":0,"comment_status":"open","ping_status":"open","template":"","meta":[],"_links":{"self":[{"href":"https:\/\/multiblog.educacion.navarra.es\/jballabr\/wp-json\/wp\/v2\/pages\/89"}],"collection":[{"href":"https:\/\/multiblog.educacion.navarra.es\/jballabr\/wp-json\/wp\/v2\/pages"}],"about":[{"href":"https:\/\/multiblog.educacion.navarra.es\/jballabr\/wp-json\/wp\/v2\/types\/page"}],"author":[{"embeddable":true,"href":"https:\/\/multiblog.educacion.navarra.es\/jballabr\/wp-json\/wp\/v2\/users\/59"}],"replies":[{"embeddable":true,"href":"https:\/\/multiblog.educacion.navarra.es\/jballabr\/wp-json\/wp\/v2\/comments?post=89"}],"version-history":[{"count":0,"href":"https:\/\/multiblog.educacion.navarra.es\/jballabr\/wp-json\/wp\/v2\/pages\/89\/revisions"}],"wp:attachment":[{"href":"https:\/\/multiblog.educacion.navarra.es\/jballabr\/wp-json\/wp\/v2\/media?parent=89"}],"curies":[{"name":"wp","href":"https:\/\/api.w.org\/{rel}","templated":true}]}}