


{"id":79,"date":"2013-01-08T23:06:39","date_gmt":"2013-01-08T21:06:39","guid":{"rendered":"http:\/\/multiblog.educacion.navarra.es\/jballabr\/?page_id=79"},"modified":"2018-06-13T09:21:30","modified_gmt":"2018-06-13T07:21:30","slug":"material-de-trabajo","status":"publish","type":"page","link":"https:\/\/multiblog.educacion.navarra.es\/jballabr\/material-de-trabajo\/","title":{"rendered":"Material de trabajo"},"content":{"rendered":"<p>En esta p\u00e1gina os pongo diferentes documentos para trabajar en clase. Por supuesto cada uno recopilamos el material seg\u00fan creemos que vamos a llevarlo a clase. Si os sirve bien y si no tendr\u00e9is otros problemas para probar.<\/p>\n<table width=\"1076\">\n<tbody>\n<tr>\n<td rowspan=\"15\" width=\"108\"><strong>1\u00ba ESO:\u00a0\u00a0<\/strong><\/td>\n<td width=\"315\"><a href=\"http:\/\/irati.pnte.cfnavarra.es\/multiblog\/jballabr\/files\/2013\/01\/n\u00fameros-naturales.pdf\">N\u00fameros naturales<\/a><\/td>\n<\/tr>\n<tr>\n<td width=\"315\"><a href=\"http:\/\/irati.pnte.cfnavarra.es\/multiblog\/jballabr\/files\/2013\/01\/Potencias.pdf\">Potencias\u00a0\u00a0\u00a0\u00a0\u00a0\u00a0<\/a><\/td>\n<\/tr>\n<tr>\n<td width=\"315\"><a href=\"http:\/\/irati.pnte.cfnavarra.es\/multiblog\/jballabr\/files\/2013\/01\/N\u00fameros-enteros.pdf\">N\u00fameros enteros<\/a><\/td>\n<\/tr>\n<tr>\n<td width=\"315\"><a href=\"http:\/\/irati.pnte.cfnavarra.es\/multiblog\/jballabr\/files\/2013\/01\/N\u00fameros-decimales.pdf\">N\u00fameros decimales<\/a><\/td>\n<\/tr>\n<tr>\n<td width=\"315\"><a href=\"http:\/\/multiblog.educacion.navarra.es\/jballabr\/files\/2018\/06\/Enteros-y-naturales.pdf\">Enteros y naturales<\/a><\/td>\n<\/tr>\n<tr>\n<td width=\"315\"><a href=\"http:\/\/multiblog.educacion.navarra.es\/jballabr\/files\/2018\/06\/Problemas-divisibilidad.pdf\">Problemas divisibilidad<\/a><\/td>\n<\/tr>\n<tr>\n<td width=\"315\"><a href=\"http:\/\/multiblog.educacion.navarra.es\/jballabr\/files\/2013\/07\/Fracciones.pdf\">Fracciones<\/a><\/td>\n<\/tr>\n<tr>\n<td width=\"315\"><a href=\"http:\/\/multiblog.educacion.navarra.es\/jballabr\/files\/2013\/07\/Fracciones.-Problemas.pdf\">Fracciones. Problemas<\/a><\/td>\n<\/tr>\n<tr>\n<td width=\"315\"><a href=\"http:\/\/multiblog.educacion.navarra.es\/jballabr\/files\/2018\/06\/Porcentaje-y-porporcionalidad.pdf\">Porcentaje y porporcionalidad<\/a><\/td>\n<\/tr>\n<tr>\n<td width=\"315\"><a href=\"http:\/\/multiblog.educacion.navarra.es\/jballabr\/files\/2013\/07\/\u00c1lgebra.pdf\">\u00c1lgebra<\/a><\/td>\n<\/tr>\n<tr>\n<td width=\"315\"><a href=\"http:\/\/multiblog.educacion.navarra.es\/jballabr\/files\/2018\/06\/Repaso-\u00e1lgebra.pdf\">Repaso \u00e1lgebra<\/a><\/td>\n<\/tr>\n<tr>\n<td width=\"315\"><a href=\"http:\/\/multiblog.educacion.navarra.es\/jballabr\/files\/2013\/07\/Ecuaciones-grado-1.pdf\">Ecuaciones grado 1<\/a><\/td>\n<\/tr>\n<tr>\n<td width=\"315\"><a href=\"http:\/\/multiblog.educacion.navarra.es\/jballabr\/files\/2013\/07\/Problemas-ecuaciones-grado-1.pdf\">Problemas ecuaciones grado 1<\/a><\/td>\n<\/tr>\n<tr>\n<td width=\"315\"><a href=\"http:\/\/multiblog.educacion.navarra.es\/jballabr\/files\/2018\/06\/Repaso-problemas.pdf\">Repaso problemas<\/a><\/td>\n<\/tr>\n<tr>\n<td width=\"315\"><a href=\"http:\/\/irati.pnte.cfnavarra.es\/multiblog\/jballabr\/files\/2013\/01\/Curiosidades.pdf\">Curiosidades<\/a><\/td>\n<\/tr>\n<tr>\n<td rowspan=\"16\" width=\"108\"><strong>2\u00ba ESO<\/strong><\/td>\n<td width=\"315\"><a href=\"http:\/\/multiblog.educacion.navarra.es\/jballabr\/files\/2013\/12\/N\u00fameros-enteros.pdf\">N\u00fameros enteros<\/a><\/td>\n<\/tr>\n<tr>\n<td width=\"315\"><a href=\"http:\/\/multiblog.educacion.navarra.es\/jballabr\/files\/2013\/12\/N\u00fameros-enteros.-Resumen.pdf\">N\u00fameros enteros. Resumen<\/a><\/td>\n<\/tr>\n<tr>\n<td width=\"315\"><a href=\"http:\/\/multiblog.educacion.navarra.es\/jballabr\/files\/2013\/12\/N\u00fameros-enteros.-Potencias-y-problemas.pdf\">N\u00fameros enteros. Potencias y problemas<\/a><\/td>\n<\/tr>\n<tr>\n<td width=\"315\"><a href=\"http:\/\/multiblog.educacion.navarra.es\/jballabr\/files\/2013\/12\/N\u00fameros-enteros.Problemas.pdf\">N\u00fameros enteros. Problemas<\/a><\/td>\n<\/tr>\n<tr>\n<td width=\"315\"><a href=\"http:\/\/multiblog.educacion.navarra.es\/jballabr\/files\/2013\/12\/Enteros.-Potencias.-Fracciones-y-porcentajes.pdf\">Enteros. Potencias. Fracciones y porcentajes<\/a><\/td>\n<\/tr>\n<tr>\n<td width=\"315\"><a href=\"http:\/\/multiblog.educacion.navarra.es\/jballabr\/files\/2013\/12\/Repaso-porcentajes-y-crucigrama.pdf\">Repaso porcentajes y crucigrama<\/a><\/td>\n<\/tr>\n<tr>\n<td width=\"315\"><a href=\"http:\/\/multiblog.educacion.navarra.es\/jballabr\/files\/2013\/12\/Ampliaci\u00f3n.pdf\">Ampliaci\u00f3n<\/a><\/td>\n<\/tr>\n<tr>\n<td width=\"315\"><a href=\"http:\/\/multiblog.educacion.navarra.es\/jballabr\/files\/2013\/12\/Problemas-n\u00fameros-enteros.pdf\">Problemas n\u00fameros enteros<\/a><\/td>\n<\/tr>\n<tr>\n<td width=\"315\"><a href=\"http:\/\/multiblog.educacion.navarra.es\/jballabr\/files\/2014\/06\/Problemas-de-probabilidad.pdf\">Problemas de probabilidad<\/a><\/td>\n<\/tr>\n<tr>\n<td width=\"315\"><a href=\"http:\/\/multiblog.educacion.navarra.es\/jballabr\/files\/2014\/06\/Repaso-\u00e1lgebra.pdf\">Repaso \u00e1lgebra<\/a><\/td>\n<\/tr>\n<tr>\n<td width=\"315\"><a href=\"http:\/\/multiblog.educacion.navarra.es\/jballabr\/files\/2014\/06\/Ecuaciones.-Sistemas.pdf\">Ecuaciones. Sistemas<\/a><\/td>\n<\/tr>\n<tr>\n<td width=\"315\"><a href=\"http:\/\/multiblog.educacion.navarra.es\/jballabr\/files\/2014\/06\/Interpretaci\u00f3n-de-gr\u00e1ficas.pdf\">Interpretaci\u00f3n de gr\u00e1ficas<\/a><\/td>\n<\/tr>\n<tr>\n<td width=\"315\"><a href=\"http:\/\/multiblog.educacion.navarra.es\/jballabr\/files\/2014\/06\/Sistemas-y-problemas.pdf\">Sistemas y problemas<\/a><\/td>\n<\/tr>\n<tr>\n<td width=\"315\"><a href=\"http:\/\/multiblog.educacion.navarra.es\/jballabr\/files\/2014\/06\/Semejanza-y-Pit\u00e1goras.pdf\">Semejanza y Pit\u00e1goras<\/a><\/td>\n<\/tr>\n<tr>\n<td width=\"315\"><a href=\"http:\/\/multiblog.educacion.navarra.es\/jballabr\/files\/2014\/06\/Superficies-y-vol\u00famenes.pdf\">Superficies y vol\u00famenes<\/a><\/td>\n<\/tr>\n<tr>\n<td width=\"315\"><a href=\"http:\/\/multiblog.educacion.navarra.es\/jballabr\/files\/2014\/06\/\u00c1reas-superficies-y-vol\u00famenes.pdf\">\u00c1reas. Superficies y vol\u00famenes<\/a><\/td>\n<\/tr>\n<tr>\n<td rowspan=\"13\" width=\"108\"><strong>3\u00ba ESO:<\/strong><\/td>\n<td width=\"315\"><a href=\"http:\/\/irati.pnte.cfnavarra.es\/multiblog\/jballabr\/files\/2013\/01\/Repaso-inicial.pdf\">Repaso inicial<\/a><\/td>\n<\/tr>\n<tr>\n<td width=\"315\"><a href=\"http:\/\/irati.pnte.cfnavarra.es\/multiblog\/jballabr\/files\/2013\/01\/N\u00fameros-reales.pdf\">N\u00fameros reales<\/a><\/td>\n<\/tr>\n<tr>\n<td width=\"315\"><a href=\"http:\/\/irati.pnte.cfnavarra.es\/multiblog\/jballabr\/files\/2013\/01\/Radicales.pdf\">Radicales<\/a><\/td>\n<\/tr>\n<tr>\n<td width=\"315\"><a href=\"http:\/\/irati.pnte.cfnavarra.es\/multiblog\/jballabr\/files\/2013\/01\/Aplicaciones-proporcionalidad.pdf\">Aplicaciones proporcionalidad<\/a><\/td>\n<\/tr>\n<tr>\n<td width=\"315\"><a href=\"http:\/\/irati.pnte.cfnavarra.es\/multiblog\/jballabr\/files\/2013\/01\/Ecuaciones-y-problemas-1.pdf\">Ecuaciones y problemas (1)<\/a><\/td>\n<\/tr>\n<tr>\n<td width=\"315\"><a href=\"http:\/\/irati.pnte.cfnavarra.es\/multiblog\/jballabr\/files\/2013\/01\/Polinomios.pdf\">Polinomios<\/a><\/td>\n<\/tr>\n<tr>\n<td width=\"315\"><a href=\"http:\/\/irati.pnte.cfnavarra.es\/multiblog\/jballabr\/files\/2013\/01\/Progresiones.pdf\">Progresiones<\/a><\/td>\n<\/tr>\n<tr>\n<td width=\"315\"><a href=\"http:\/\/multiblog.educacion.navarra.es\/jballabr\/files\/2013\/07\/Problemas.pdf\">Problemas<\/a><\/td>\n<\/tr>\n<tr>\n<td width=\"315\"><a href=\"http:\/\/multiblog.educacion.navarra.es\/jballabr\/files\/2013\/07\/Movimientos.pdf\">Movimientos<\/a><\/td>\n<\/tr>\n<tr>\n<td width=\"315\"><a href=\"http:\/\/multiblog.educacion.navarra.es\/jballabr\/files\/2013\/07\/Interpretaci\u00f3n-funciones.pdf\">Interpretaci\u00f3n funciones<\/a><\/td>\n<\/tr>\n<tr>\n<td width=\"315\"><a href=\"http:\/\/multiblog.educacion.navarra.es\/jballabr\/files\/2013\/07\/Interpretaci\u00f3n-funciones.pdf\">Funciones elementales<\/a><\/td>\n<\/tr>\n<tr>\n<td width=\"315\"><a href=\"http:\/\/multiblog.educacion.navarra.es\/jballabr\/files\/2013\/07\/Funci\u00f3n-cuadr\u00e1tica.pdf\">Funci\u00f3n cuadr\u00e1tica<\/a><\/td>\n<\/tr>\n<tr>\n<td width=\"315\"><a href=\"http:\/\/multiblog.educacion.navarra.es\/jballabr\/files\/2013\/07\/Estad\u00edstica.pdf\">Estad\u00edstica<\/a><\/td>\n<\/tr>\n<tr>\n<td rowspan=\"10\" width=\"108\"><strong>4\u00ba ESO (Matem\u00e1ticas B)<\/strong><\/p>\n<p><strong>Opci\u00f3n ciencias<\/strong><\/td>\n<td width=\"315\"><a href=\"http:\/\/irati.pnte.cfnavarra.es\/multiblog\/jballabr\/files\/2013\/01\/Repaso-inicial1.pdf\">Repaso inicial<\/a><\/td>\n<\/tr>\n<tr>\n<td width=\"315\"><a href=\"http:\/\/irati.pnte.cfnavarra.es\/multiblog\/jballabr\/files\/2013\/01\/N\u00fameros-reales3.pdf\">N\u00fameros reales<\/a><\/td>\n<\/tr>\n<tr>\n<td width=\"315\"><a href=\"http:\/\/irati.pnte.cfnavarra.es\/multiblog\/jballabr\/files\/2013\/01\/Ecuaciones-resueltas.pdf\">Ecuaciones resueltas<\/a><\/td>\n<\/tr>\n<tr>\n<td width=\"315\"><a href=\"http:\/\/irati.pnte.cfnavarra.es\/multiblog\/jballabr\/files\/2013\/01\/Inecuaciones.pdf\">Inecuaciones<\/a><\/td>\n<\/tr>\n<tr>\n<td width=\"315\"><a href=\"http:\/\/irati.pnte.cfnavarra.es\/multiblog\/jballabr\/files\/2013\/01\/Problemas.pdf\">Problemas<\/a><\/td>\n<\/tr>\n<tr>\n<td width=\"315\"><a href=\"http:\/\/irati.pnte.cfnavarra.es\/multiblog\/jballabr\/files\/2013\/01\/Progresiones1.pdf\">Progresiones<\/a><\/td>\n<\/tr>\n<tr>\n<td width=\"315\"><a href=\"http:\/\/irati.pnte.cfnavarra.es\/multiblog\/jballabr\/files\/2013\/01\/Problemas-trigonometr\u00eda.pdf\">Problemas trigonometr\u00eda<\/a><\/td>\n<\/tr>\n<tr>\n<td width=\"315\"><a href=\"http:\/\/irati.pnte.cfnavarra.es\/multiblog\/jballabr\/files\/2013\/01\/Probabilidad-y-Combinatoria.pdf\">Probabilidad y Combinatoria<\/a><\/td>\n<\/tr>\n<tr>\n<td width=\"315\"><a href=\"http:\/\/irati.pnte.cfnavarra.es\/multiblog\/jballabr\/files\/2013\/01\/Combinatoria.pdf\">Combinatoria<\/a><\/td>\n<\/tr>\n<tr>\n<td width=\"315\">&nbsp;<\/td>\n<\/tr>\n<tr>\n<td rowspan=\"10\" width=\"108\"><strong>4\u00ba ESO (Matem\u00e1ticas A)<\/strong><\/p>\n<p><strong>Opci\u00f3n sociales<\/strong><\/td>\n<td width=\"315\"><a href=\"http:\/\/irati.pnte.cfnavarra.es\/multiblog\/jballabr\/files\/2013\/01\/Repaso-inicial2.pdf\">Repaso inicial<\/a><\/td>\n<\/tr>\n<tr>\n<td width=\"315\"><a href=\"http:\/\/irati.pnte.cfnavarra.es\/multiblog\/jballabr\/files\/2013\/01\/Radicales1.pdf\">Radicales<\/a><\/td>\n<\/tr>\n<tr>\n<td width=\"315\"><a href=\"http:\/\/irati.pnte.cfnavarra.es\/multiblog\/jballabr\/files\/2013\/01\/Ecuaciones-resueltas1.pdf\">Ecuaciones resueltas<\/a><\/td>\n<\/tr>\n<tr>\n<td width=\"315\"><a href=\"http:\/\/irati.pnte.cfnavarra.es\/multiblog\/jballabr\/files\/2013\/01\/Inecuaciones1.pdf\">Inecuaciones<\/a><\/td>\n<\/tr>\n<tr>\n<td width=\"315\"><a href=\"http:\/\/irati.pnte.cfnavarra.es\/multiblog\/jballabr\/files\/2013\/01\/Problemas1.pdf\">Problemas<\/a><\/td>\n<\/tr>\n<tr>\n<td width=\"315\"><a href=\"http:\/\/irati.pnte.cfnavarra.es\/multiblog\/jballabr\/files\/2013\/01\/Progresiones2.pdf\">Progresiones<\/a><\/td>\n<\/tr>\n<tr>\n<td width=\"315\"><a href=\"http:\/\/irati.pnte.cfnavarra.es\/multiblog\/jballabr\/files\/2013\/01\/Combinatoria1.pdf\">Combinatoria<\/a><\/td>\n<\/tr>\n<tr>\n<td width=\"315\">&nbsp;<\/td>\n<\/tr>\n<tr>\n<td width=\"315\">&nbsp;<\/td>\n<\/tr>\n<tr>\n<td width=\"315\">&nbsp;<\/td>\n<\/tr>\n<tr>\n<td rowspan=\"12\" width=\"108\"><strong>1\u00ba Bachillerato (Ciencias)\u00a0\u00a0\u00a0\u00a0 <\/strong><\/td>\n<td width=\"315\"><a href=\"http:\/\/irati.pnte.cfnavarra.es\/multiblog\/jballabr\/files\/2013\/01\/N\u00fameros-reales1.pdf\">N\u00fameros reales<\/a><\/td>\n<\/tr>\n<tr>\n<td width=\"315\"><a href=\"http:\/\/irati.pnte.cfnavarra.es\/multiblog\/jballabr\/files\/2013\/01\/Ecuaciones-e-inecuaciones.pdf\">Ecuaciones e inecuaciones<\/a><\/td>\n<\/tr>\n<tr>\n<td width=\"315\"><a href=\"http:\/\/irati.pnte.cfnavarra.es\/multiblog\/jballabr\/files\/2013\/01\/Problemas-de-aplicaci\u00f3n.pdf\">Problemas de aplicaci\u00f3n<\/a><\/td>\n<\/tr>\n<tr>\n<td width=\"315\"><a href=\"http:\/\/irati.pnte.cfnavarra.es\/multiblog\/jballabr\/files\/2013\/01\/Trigonometr\u00eda-1.pdf\">Trigonometr\u00eda (1)<\/a><\/td>\n<\/tr>\n<tr>\n<td width=\"315\"><a href=\"http:\/\/irati.pnte.cfnavarra.es\/multiblog\/jballabr\/files\/2013\/01\/Trigonometr\u00eda-2.pdf\">Trigonometr\u00eda (2)<\/a><\/td>\n<\/tr>\n<tr>\n<td width=\"315\"><a href=\"http:\/\/irati.pnte.cfnavarra.es\/multiblog\/jballabr\/files\/2013\/01\/Problemas-de-trigonometr\u00eda.pdf\">Problemas de trigonometr\u00eda<\/a><\/td>\n<\/tr>\n<tr>\n<td width=\"315\"><a href=\"http:\/\/multiblog.educacion.navarra.es\/jballabr\/files\/2013\/07\/N\u00fameros-complejos.pdf\">N\u00fameros complejos<\/a><\/td>\n<\/tr>\n<tr>\n<td width=\"315\"><a href=\"http:\/\/multiblog.educacion.navarra.es\/jballabr\/files\/2013\/07\/L\u00edmites-y-continuidad-1.pdf\">L\u00edmites y continuidad (1)<\/a><\/td>\n<\/tr>\n<tr>\n<td width=\"315\"><a href=\"http:\/\/multiblog.educacion.navarra.es\/jballabr\/files\/2013\/07\/L\u00edmites-y-continuidad-2.pdf\">L\u00edmites y continuidad (2)<\/a><\/td>\n<\/tr>\n<tr>\n<td width=\"315\"><a href=\"http:\/\/multiblog.educacion.navarra.es\/jballabr\/files\/2013\/07\/L\u00edmites-continuidad-y-derivaci\u00f3n.pdf\">L\u00edmites, continuidad y derivaci\u00f3n<\/a><\/td>\n<\/tr>\n<tr>\n<td width=\"315\"><a href=\"http:\/\/multiblog.educacion.navarra.es\/jballabr\/files\/2013\/07\/Derivaci\u00f3n.pdf\">Derivaci\u00f3n<\/a><\/td>\n<\/tr>\n<tr>\n<td width=\"315\"><a href=\"http:\/\/multiblog.educacion.navarra.es\/jballabr\/files\/2013\/07\/Problemas-optimizaci\u00f3n.pdf\">Problemas optimizaci\u00f3n<\/a><\/td>\n<\/tr>\n<tr>\n<td rowspan=\"6\" width=\"108\"><strong>1\u00ba Bachillerato (sociales)<\/strong><\/td>\n<td width=\"315\"><a href=\"http:\/\/irati.pnte.cfnavarra.es\/multiblog\/jballabr\/files\/2013\/01\/N\u00fameros-reales2.pdf\">N\u00fameros reales<\/a><\/td>\n<\/tr>\n<tr>\n<td width=\"315\"><a href=\"http:\/\/irati.pnte.cfnavarra.es\/multiblog\/jballabr\/files\/2013\/01\/Logaritmos.pdf\">Logaritmos<\/a><\/td>\n<\/tr>\n<tr>\n<td width=\"315\"><a href=\"http:\/\/irati.pnte.cfnavarra.es\/multiblog\/jballabr\/files\/2013\/01\/Ecuaciones-e-inecuaciones1.pdf\">Ecuaciones e inecuaciones<\/a><\/td>\n<\/tr>\n<tr>\n<td width=\"315\"><a href=\"http:\/\/irati.pnte.cfnavarra.es\/multiblog\/jballabr\/files\/2013\/01\/Progresiones-y-matem\u00e1tica-financiera.pdf\">Progresiones y matem\u00e1tica financiera<\/a><\/td>\n<\/tr>\n<tr>\n<td width=\"315\"><a href=\"http:\/\/irati.pnte.cfnavarra.es\/multiblog\/jballabr\/files\/2013\/01\/Problemas-aritm\u00e9tica-mercantil.pdf\">Problemas aritm\u00e9tica mercantil<\/a><\/td>\n<\/tr>\n<tr>\n<td width=\"315\"><a href=\"http:\/\/irati.pnte.cfnavarra.es\/multiblog\/jballabr\/files\/2013\/01\/Ejemplos-de-Matem\u00e1ticas-financieras.pdf\">Ejemplos de Matem\u00e1ticas financieras<\/a><\/td>\n<\/tr>\n<tr>\n<td rowspan=\"7\" width=\"108\"><strong>2\u00ba Bachillerato<\/strong><\/p>\n<p><strong>(Ciencias Sociales)<\/strong><\/td>\n<td width=\"315\"><a href=\"http:\/\/multiblog.educacion.navarra.es\/jballabr\/files\/2013\/12\/Matrices.pdf\">Matrices<\/a><\/td>\n<\/tr>\n<tr>\n<td width=\"315\"><a href=\"http:\/\/multiblog.educacion.navarra.es\/jballabr\/files\/2013\/12\/Matrices.-aplicaciones.pdf\">Matrices. aplicaciones<\/a><\/td>\n<\/tr>\n<tr>\n<td width=\"315\"><a href=\"http:\/\/multiblog.educacion.navarra.es\/jballabr\/files\/2013\/12\/Problemas-resueltos-matrices.pdf\">Problemas resueltos matrices<\/a><\/td>\n<\/tr>\n<tr>\n<td width=\"315\"><a href=\"http:\/\/multiblog.educacion.navarra.es\/jballabr\/files\/2013\/12\/Sistemas-de-ecuaciones.pdf\">Sistemas de ecuaciones<\/a><\/td>\n<\/tr>\n<tr>\n<td width=\"315\"><a href=\"http:\/\/multiblog.educacion.navarra.es\/jballabr\/files\/2013\/12\/Determinantes.pdf\">Determinantes<\/a><\/td>\n<\/tr>\n<tr>\n<td width=\"315\"><a href=\"http:\/\/multiblog.educacion.navarra.es\/jballabr\/files\/2013\/12\/Programaci\u00f3n-lineal.pdf\">Programaci\u00f3n lineal<\/a><\/td>\n<\/tr>\n<tr>\n<td width=\"315\"><a href=\"http:\/\/multiblog.educacion.navarra.es\/jballabr\/files\/2013\/12\/L\u00edmites-y-continuidad.pdf\">L\u00edmites y continuidad<\/a><\/td>\n<\/tr>\n<tr>\n<td rowspan=\"13\" width=\"108\"><strong>2\u00ba Bachillerato<\/strong><\/p>\n<p><strong>(Ciencias)<\/strong><\/td>\n<td width=\"315\"><a href=\"http:\/\/multiblog.educacion.navarra.es\/jballabr\/files\/2018\/06\/Matrices_operaciones-ecuaciones.pdf\">Matrices_operaciones, ecuaciones<\/a><\/td>\n<\/tr>\n<tr>\n<td width=\"315\"><a href=\"http:\/\/multiblog.educacion.navarra.es\/jballabr\/files\/2018\/06\/Matrices_aplicaciones.pdf\">Matrices_aplicaciones<\/a><\/td>\n<\/tr>\n<tr>\n<td width=\"315\"><a href=\"http:\/\/multiblog.educacion.navarra.es\/jballabr\/files\/2018\/06\/Matrices.-Problemas.pdf\">Matrices. Problemas<\/a><\/td>\n<\/tr>\n<tr>\n<td width=\"315\"><a href=\"http:\/\/multiblog.educacion.navarra.es\/jballabr\/files\/2018\/06\/Determinantes.pdf\">Determinantes<\/a><\/td>\n<\/tr>\n<tr>\n<td width=\"315\"><a href=\"http:\/\/multiblog.educacion.navarra.es\/jballabr\/files\/2018\/06\/Sistemas-de-ecuaciones.pdf\">Sistemas de ecuaciones<\/a><\/td>\n<\/tr>\n<tr>\n<td width=\"315\"><a href=\"http:\/\/multiblog.educacion.navarra.es\/jballabr\/files\/2018\/06\/Sistemas-de-ecuaciones.Repaso.pdf\">Sistemas de ecuaciones.Repaso<\/a><\/td>\n<\/tr>\n<tr>\n<td width=\"315\"><a href=\"http:\/\/multiblog.educacion.navarra.es\/jballabr\/files\/2018\/06\/Ejercicios-vectores-espacio.pdf\">Ejercicios vectores espacio<\/a><\/td>\n<\/tr>\n<tr>\n<td width=\"315\"><a href=\"http:\/\/multiblog.educacion.navarra.es\/jballabr\/files\/2018\/06\/Geometr\u00eda-m\u00e9trica-_I_.pdf\">Geometr\u00eda m\u00e9trica _I_<\/a><\/td>\n<\/tr>\n<tr>\n<td width=\"315\"><a href=\"http:\/\/multiblog.educacion.navarra.es\/jballabr\/files\/2018\/06\/Geometr\u00eda-m\u00e9trica-_II_.pdf\">Geometr\u00eda m\u00e9trica _II_<\/a><\/td>\n<\/tr>\n<tr>\n<td width=\"315\"><a href=\"http:\/\/multiblog.educacion.navarra.es\/jballabr\/files\/2018\/06\/continuidad_derivadas_II_.pdf\">continuidad_derivadas_II_<\/a><\/td>\n<\/tr>\n<tr>\n<td width=\"315\"><a href=\"http:\/\/multiblog.educacion.navarra.es\/jballabr\/files\/2018\/06\/L\u00a8Hopital.pdf\">L\u00b4h\u00f4pital<\/a><\/td>\n<\/tr>\n<tr>\n<td width=\"315\"><a href=\"http:\/\/multiblog.educacion.navarra.es\/jballabr\/files\/2018\/06\/Tabla-de-integrales-inmediatas.pdf\">Tabla de integrales inmediatas<\/a><\/td>\n<\/tr>\n<tr>\n<td width=\"315\"><a href=\"http:\/\/multiblog.educacion.navarra.es\/jballabr\/files\/2018\/06\/Integral-indefinida-_I_.pdf\">Integral indefinida _I_<\/a><\/td>\n<\/tr>\n<tr>\n<td rowspan=\"5\" width=\"108\"><strong>\u00a0<\/strong><\/td>\n<td width=\"315\"><a href=\"http:\/\/multiblog.educacion.navarra.es\/jballabr\/files\/2018\/06\/Integral-indefinida-_II_.pdf\">Integral indefinida _II_<\/a><\/td>\n<\/tr>\n<tr>\n<td width=\"315\"><a href=\"http:\/\/multiblog.educacion.navarra.es\/jballabr\/files\/2018\/06\/Problemas-selectividad_soluciones.pdf\">Problemas selectividad_soluciones<\/a><\/td>\n<\/tr>\n<tr>\n<td width=\"315\"><a href=\"http:\/\/multiblog.educacion.navarra.es\/jballabr\/files\/2018\/06\/Geometr\u00eda-selectividad-_I_.pdf\">Geometr\u00eda selectividad _I_<\/a><\/td>\n<\/tr>\n<tr>\n<td width=\"315\"><a href=\"http:\/\/multiblog.educacion.navarra.es\/jballabr\/files\/2018\/06\/Geometr\u00eda-selectividad-_II_.pdf\">Geometr\u00eda selectividad _II_<\/a><\/td>\n<\/tr>\n<tr>\n<td width=\"315\"><a href=\"http:\/\/multiblog.educacion.navarra.es\/jballabr\/files\/2018\/06\/Integraci\u00f3n-selectividad.pdf\">Integraci\u00f3n selectividad<\/a><\/td>\n<\/tr>\n<tr>\n<td rowspan=\"17\" width=\"108\"><strong>Matem\u00e1ticas B\u00e1sicas 1\u00ba ESO<\/strong><\/td>\n<td width=\"315\"><a href=\"http:\/\/multiblog.educacion.navarra.es\/jballabr\/files\/2018\/06\/N\u00fameros-naturales-_1_.pdf\">N\u00fameros naturales (1)<\/a><\/td>\n<\/tr>\n<tr>\n<td width=\"315\"><a href=\"http:\/\/multiblog.educacion.navarra.es\/jballabr\/files\/2018\/06\/N\u00fameros-naturales-_2_.pdf\">N\u00fameros naturales (2)<\/a><\/td>\n<\/tr>\n<tr>\n<td width=\"315\"><a href=\"http:\/\/multiblog.educacion.navarra.es\/jballabr\/files\/2018\/06\/N\u00fameros-naturales-_3_.pdf\">N\u00fameros naturales (3)<\/a><\/td>\n<\/tr>\n<tr>\n<td width=\"315\"><a href=\"http:\/\/multiblog.educacion.navarra.es\/jballabr\/files\/2018\/06\/N\u00fameros-naturales-_4_.pdf\">N\u00fameros naturales (4)<\/a><\/td>\n<\/tr>\n<tr>\n<td width=\"315\"><a href=\"http:\/\/multiblog.educacion.navarra.es\/jballabr\/files\/2018\/06\/Problemas-sencillos.pdf\">Problemas sencillos<\/a><\/td>\n<\/tr>\n<tr>\n<td width=\"315\"><a href=\"http:\/\/multiblog.educacion.navarra.es\/jballabr\/files\/2018\/06\/Enteros-_1_.pdf\">Enteros (1)<\/a><\/td>\n<\/tr>\n<tr>\n<td width=\"315\"><a href=\"http:\/\/multiblog.educacion.navarra.es\/jballabr\/files\/2018\/06\/Enteros-_2_.pdf\">Enteros (2)<\/a><\/td>\n<\/tr>\n<tr>\n<td width=\"315\"><a href=\"http:\/\/multiblog.educacion.navarra.es\/jballabr\/files\/2018\/06\/Tablas-de-operaciones.pdf\">Tablas de operaciones<\/a><\/td>\n<\/tr>\n<tr>\n<td width=\"315\"><a href=\"http:\/\/multiblog.educacion.navarra.es\/jballabr\/files\/2018\/06\/Fracciones-_1_.pdf\">Fracciones (1)<\/a><\/td>\n<\/tr>\n<tr>\n<td width=\"315\"><a href=\"http:\/\/multiblog.educacion.navarra.es\/jballabr\/files\/2018\/06\/Fracciones-_2_.pdf\">Fracciones (2)<\/a><\/td>\n<\/tr>\n<tr>\n<td width=\"315\"><a href=\"http:\/\/multiblog.educacion.navarra.es\/jballabr\/files\/2018\/06\/Fracciones-_3_.pdf\">Fracciones (3)<\/a><\/td>\n<\/tr>\n<tr>\n<td width=\"315\"><a href=\"http:\/\/multiblog.educacion.navarra.es\/jballabr\/files\/2018\/06\/Juegos-num\u00e9ricos.pdf\">Juegos num\u00e9ricos<\/a><\/td>\n<\/tr>\n<tr>\n<td width=\"315\"><a href=\"http:\/\/multiblog.educacion.navarra.es\/jballabr\/files\/2018\/06\/Mensajes-cifrados.pdf\">Mensajes cifrados<\/a><\/td>\n<\/tr>\n<tr>\n<td width=\"315\"><a href=\"http:\/\/multiblog.educacion.navarra.es\/jballabr\/files\/2018\/06\/SUDOKUS.pdf\">SUDOKUS<\/a><\/td>\n<\/tr>\n<tr>\n<td width=\"315\"><a href=\"http:\/\/multiblog.educacion.navarra.es\/jballabr\/files\/2018\/06\/Decimales-_1_.pdf\">Decimales (1)<\/a><\/td>\n<\/tr>\n<tr>\n<td width=\"315\"><a href=\"http:\/\/multiblog.educacion.navarra.es\/jballabr\/files\/2018\/06\/\u00c1lgebra-_1_.pdf\">\u00c1lgebra (1)<\/a><\/td>\n<\/tr>\n<tr>\n<td width=\"315\"><a href=\"http:\/\/multiblog.educacion.navarra.es\/jballabr\/files\/2018\/06\/\u00c1lgebra-_2_.pdf\">\u00c1lgebra (2)<\/a><\/td>\n<\/tr>\n<\/tbody>\n<\/table>\n","protected":false},"excerpt":{"rendered":"<p>En esta p\u00e1gina os pongo diferentes documentos para trabajar en clase. Por supuesto cada uno recopilamos el material seg\u00fan creemos que vamos a llevarlo a clase. Si os sirve bien y si no tendr\u00e9is otros problemas para probar. 1\u00ba ESO:\u00a0\u00a0 &hellip; <a href=\"https:\/\/multiblog.educacion.navarra.es\/jballabr\/material-de-trabajo\/\">Sigue leyendo <span class=\"meta-nav\">&rarr;<\/span><\/a><\/p>\n","protected":false},"author":59,"featured_media":0,"parent":0,"menu_order":0,"comment_status":"open","ping_status":"open","template":"","meta":[],"_links":{"self":[{"href":"https:\/\/multiblog.educacion.navarra.es\/jballabr\/wp-json\/wp\/v2\/pages\/79"}],"collection":[{"href":"https:\/\/multiblog.educacion.navarra.es\/jballabr\/wp-json\/wp\/v2\/pages"}],"about":[{"href":"https:\/\/multiblog.educacion.navarra.es\/jballabr\/wp-json\/wp\/v2\/types\/page"}],"author":[{"embeddable":true,"href":"https:\/\/multiblog.educacion.navarra.es\/jballabr\/wp-json\/wp\/v2\/users\/59"}],"replies":[{"embeddable":true,"href":"https:\/\/multiblog.educacion.navarra.es\/jballabr\/wp-json\/wp\/v2\/comments?post=79"}],"version-history":[{"count":0,"href":"https:\/\/multiblog.educacion.navarra.es\/jballabr\/wp-json\/wp\/v2\/pages\/79\/revisions"}],"wp:attachment":[{"href":"https:\/\/multiblog.educacion.navarra.es\/jballabr\/wp-json\/wp\/v2\/media?parent=79"}],"curies":[{"name":"wp","href":"https:\/\/api.w.org\/{rel}","templated":true}]}}