


{"id":43,"date":"2012-12-23T11:59:19","date_gmt":"2012-12-23T09:59:19","guid":{"rendered":"http:\/\/multiblog.educacion.navarra.es\/jballabr\/?page_id=43"},"modified":"2013-01-09T23:47:33","modified_gmt":"2013-01-09T21:47:33","slug":"anamorfosis","status":"publish","type":"page","link":"https:\/\/multiblog.educacion.navarra.es\/jballabr\/curiosidades-matematicas\/anamorfosis\/","title":{"rendered":"Anamorf\u00f3sis"},"content":{"rendered":"<p style=\"text-align: center\"><strong>Modificando la realidad aparecen algunas curiosidades y utilidades<\/strong><\/p>\n<p>Es una t\u00e9cnica ingeniosa de perspectiva usada para dar una imagen distorsionada de la realidad, las representaciones\u00a0 se &#8220;ven&#8221; bien cuando miramos desde un punto muy especial y cuando miramos desde otro punto vemos la realidad que muchas veces no reconocemos normal. Los primeros ejemplos se encuentran en las notas de Leonardo da Vinci. Se consideraba un despliegue de virtuosismo t\u00e9cnico, y se inclu\u00eda en la mayor parte de los manuales de dibujo de los siglos XVI y XVII. Uno de los ejemplos m\u00e1s conocidos es el siguiente cuadro titulado<\/p>\n<div align=\"left\">\u00a0&#8220;Los embajadores&#8221; de Hans Holbein el Joven (1533, Galer\u00eda Nacional, Londres).<\/div>\n<div align=\"left\"><a href=\"http:\/\/multiblog.educacion.navarra.es\/jballabr\/anamorfosis\/embajadores0\/\" rel=\"attachment wp-att-49\"><img loading=\"lazy\" class=\"aligncenter\" alt=\"embajadores0\" src=\"http:\/\/multiblog.educacion.navarra.es\/jballabr\/files\/2012\/12\/embajadores0-300x295.jpg\" width=\"300\" height=\"295\" \/><\/a><\/div>\n<p><span style=\"font-family: Arial\">En este cuadro aparentemente &#8220;inocente&#8221; esconde algo en un sitio que es capaz de sorprender. Intenta observar con atenci\u00f3n todo el cuadro y f\u00edjate en alg\u00fan detalle que no &#8220;cuadre&#8221; en \u00e9l.<\/span><\/p>\n<p><span style=\"font-family: Arial\">Int\u00e9ntalo un rato y si no lo ves, un poco m\u00e1s abajo encontrar\u00e1s la soluci\u00f3n y explicaci\u00f3n de esta curiosidad<\/span><\/p>\n<p><a href=\"http:\/\/multiblog.educacion.navarra.es\/jballabr\/anamorfosis\/embajadores1\/\" rel=\"attachment wp-att-50\"><img loading=\"lazy\" class=\"size-medium wp-image-50 alignright\" alt=\"embajadores1\" src=\"http:\/\/multiblog.educacion.navarra.es\/jballabr\/files\/2012\/12\/embajadores1-253x300.jpg\" width=\"183\" height=\"217\" srcset=\"https:\/\/multiblog.educacion.navarra.es\/jballabr\/files\/2012\/12\/embajadores1-253x300.jpg 253w, https:\/\/multiblog.educacion.navarra.es\/jballabr\/files\/2012\/12\/embajadores1.jpg 338w\" sizes=\"(max-width: 183px) 100vw, 183px\" \/><\/a>Si el espectador se aproxima al cuadro por un lado y lo mira desde unos pocos cent\u00edmetros a la derecha, a ras de los ojos de los embajadores, aparece la calavera. En los dos fragmentos se puede apreciar\u00a0 la diferencia entre la vista frontal y lo que vemos desde el punto adecuado.<br \/>\nE<span style=\"font-family: Arial\">n muchos casos las obras tienen agujeros especiales para que se pueda ver el cuadro rectificado. En t\u00e9rminos matem\u00e1ticos, la anamorfosis pone de manifiesto el hecho de que la composici\u00f3n de dos perspectivas no es en general una perspectiva.<\/span><\/p>\n<p><span style=\"font-family: Arial\"><a href=\"http:\/\/multiblog.educacion.navarra.es\/jballabr\/anamorfosis\/anamor1\/\" rel=\"attachment wp-att-44\"><img loading=\"lazy\" class=\"size-medium wp-image-44 alignleft\" alt=\"Anamor1\" src=\"http:\/\/multiblog.educacion.navarra.es\/jballabr\/files\/2012\/12\/Anamor1-300x200.jpg\" width=\"300\" height=\"200\" srcset=\"https:\/\/multiblog.educacion.navarra.es\/jballabr\/files\/2012\/12\/Anamor1-300x200.jpg 300w, https:\/\/multiblog.educacion.navarra.es\/jballabr\/files\/2012\/12\/Anamor1.jpg 450w\" sizes=\"(max-width: 300px) 100vw, 300px\" \/><\/a>Un autor que utiliza mucho esta t\u00e9cnica es Julian Beever que es conocido por sus dibujos en el suelo, de los que os muestro unos ejemplos<\/span><\/p>\n<p><span style=\"font-family: Arial\">Aqu\u00ed se observa como pare<\/span><span style=\"font-family: Arial\">ce una chica en una piscina, pero para que podamos verla as\u00ed el autor tuvo que pintar la imagen que aparece abajo . Es decir para poder &#8220;ver bien&#8221; una pintura nos tenemos que colocar en un determinado sitio, y el autor, pinta deformando la realidad para que esto sea as\u00ed.<\/span><\/p>\n<p style=\"text-align: center\"><a href=\"http:\/\/multiblog.educacion.navarra.es\/jballabr\/anamorfosis\/anamor2\/\" rel=\"attachment wp-att-45\"><img loading=\"lazy\" class=\"size-medium wp-image-45 aligncenter\" alt=\"Anamor2\" src=\"http:\/\/multiblog.educacion.navarra.es\/jballabr\/files\/2012\/12\/Anamor2-300x225.jpg\" width=\"300\" height=\"225\" srcset=\"https:\/\/multiblog.educacion.navarra.es\/jballabr\/files\/2012\/12\/Anamor2-300x225.jpg 300w, https:\/\/multiblog.educacion.navarra.es\/jballabr\/files\/2012\/12\/Anamor2.jpg 400w\" sizes=\"(max-width: 300px) 100vw, 300px\" \/><\/a><\/p>\n<p><span style=\"font-family: Arial\">Si quer\u00e9is ver m\u00e1s im\u00e1genes sorprendentes id a esta p\u00e1gina<\/span><\/p>\n<p><a href=\"http:\/\/users.skynet.be\/J.Beever\/pave.htm\" target=\"_blank\">http:\/\/users.skynet.be\/J.Beever\/pave.htm<\/a><\/p>\n<p>En esta imagen se aprecia que para poder visualizarla es necesario colocar un espejo cil\u00edndrico y mirar el espejo<\/p>\n<p><a href=\"http:\/\/multiblog.educacion.navarra.es\/jballabr\/anamorfosis\/anamor3\/\" rel=\"attachment wp-att-46\"><img loading=\"lazy\" class=\"size-medium wp-image-46 aligncenter\" alt=\"Anamor3\" src=\"http:\/\/multiblog.educacion.navarra.es\/jballabr\/files\/2012\/12\/Anamor3-274x300.jpg\" width=\"274\" height=\"300\" srcset=\"https:\/\/multiblog.educacion.navarra.es\/jballabr\/files\/2012\/12\/Anamor3-274x300.jpg 274w, https:\/\/multiblog.educacion.navarra.es\/jballabr\/files\/2012\/12\/Anamor3.jpg 280w\" sizes=\"(max-width: 274px) 100vw, 274px\" \/><\/a><\/p>\n<p><span style=\"font-family: Arial\">\u00a0\u00a0\u00a0\u00a0\u00a0 Y aqu\u00ed ten\u00e9is el mismo retrato (de Eduardo VI) visto desde el frente y de perfil<\/span><\/p>\n<p><span style=\"font-family: Arial\"><a href=\"http:\/\/multiblog.educacion.navarra.es\/jballabr\/anamorfosis\/anamor5\/\" rel=\"attachment wp-att-48\"><img loading=\"lazy\" class=\"alignnone size-medium wp-image-48\" alt=\"Anamor5\" src=\"http:\/\/multiblog.educacion.navarra.es\/jballabr\/files\/2012\/12\/Anamor5-300x63.jpg\" width=\"300\" height=\"63\" srcset=\"https:\/\/multiblog.educacion.navarra.es\/jballabr\/files\/2012\/12\/Anamor5-300x63.jpg 300w, https:\/\/multiblog.educacion.navarra.es\/jballabr\/files\/2012\/12\/Anamor5.jpg 600w\" sizes=\"(max-width: 300px) 100vw, 300px\" \/><\/a><a href=\"http:\/\/multiblog.educacion.navarra.es\/jballabr\/anamorfosis\/anamor4\/\" rel=\"attachment wp-att-47\"><img loading=\"lazy\" class=\"size-medium wp-image-47 alignright\" alt=\"Anamor4\" src=\"http:\/\/multiblog.educacion.navarra.es\/jballabr\/files\/2012\/12\/Anamor4-158x300.jpg\" width=\"119\" height=\"226\" srcset=\"https:\/\/multiblog.educacion.navarra.es\/jballabr\/files\/2012\/12\/Anamor4-158x300.jpg 158w, https:\/\/multiblog.educacion.navarra.es\/jballabr\/files\/2012\/12\/Anamor4.jpg 315w\" sizes=\"(max-width: 119px) 100vw, 119px\" \/><\/a><\/span><\/p>\n<p><span style=\"font-family: Arial\"><br \/>\n<\/span><\/p>\n<p>En la vida coridiana tambi\u00e9n vemos algunas aplicaciones, por ejemplo en las se\u00f1ales de tr\u00e1fico. Se dise\u00f1ana para que sea le conductor qui\u00e9n las vea correctamente. Vemos dos ejemplos<\/p>\n<p><a href=\"http:\/\/multiblog.educacion.navarra.es\/jballabr\/anamorfosis\/stop\/\" rel=\"attachment wp-att-53\"><img loading=\"lazy\" class=\" wp-image-53 alignleft\" alt=\"stop\" src=\"http:\/\/multiblog.educacion.navarra.es\/jballabr\/files\/2012\/12\/stop-300x226.jpg\" width=\"273\" height=\"205\" srcset=\"https:\/\/multiblog.educacion.navarra.es\/jballabr\/files\/2012\/12\/stop-300x226.jpg 300w, https:\/\/multiblog.educacion.navarra.es\/jballabr\/files\/2012\/12\/stop.jpg 500w\" sizes=\"(max-width: 273px) 100vw, 273px\" \/><\/a><\/p>\n<p>Esta se\u00f1al de stop &#8220;alargada&#8221; sirve para que el conductor desde su punta de vista la vea perfectamente.<\/p>\n<p>Esta flecha de salida de la autopista tambi\u00e9n est\u00e1 &#8220;deformada&#8221; para verse mejor si vas conduciendo<\/p>\n<p style=\"text-align: center\"><a href=\"http:\/\/multiblog.educacion.navarra.es\/jballabr\/anamorfosis\/salida\/\" rel=\"attachment wp-att-52\"><img loading=\"lazy\" class=\"size-medium wp-image-52 aligncenter\" alt=\"salida\" src=\"http:\/\/multiblog.educacion.navarra.es\/jballabr\/files\/2012\/12\/salida-201x300.jpg\" width=\"201\" height=\"300\" srcset=\"https:\/\/multiblog.educacion.navarra.es\/jballabr\/files\/2012\/12\/salida-201x300.jpg 201w, https:\/\/multiblog.educacion.navarra.es\/jballabr\/files\/2012\/12\/salida.jpg 269w\" sizes=\"(max-width: 201px) 100vw, 201px\" \/><\/a><\/p>\n","protected":false},"excerpt":{"rendered":"<p>Modificando la realidad aparecen algunas curiosidades y utilidades Es una t\u00e9cnica ingeniosa de perspectiva usada para dar una imagen distorsionada de la realidad, las representaciones\u00a0 se &#8220;ven&#8221; bien cuando miramos desde un punto muy especial y cuando miramos desde otro &hellip; <a href=\"https:\/\/multiblog.educacion.navarra.es\/jballabr\/curiosidades-matematicas\/anamorfosis\/\">Sigue leyendo <span class=\"meta-nav\">&rarr;<\/span><\/a><\/p>\n","protected":false},"author":59,"featured_media":0,"parent":89,"menu_order":0,"comment_status":"open","ping_status":"open","template":"","meta":[],"_links":{"self":[{"href":"https:\/\/multiblog.educacion.navarra.es\/jballabr\/wp-json\/wp\/v2\/pages\/43"}],"collection":[{"href":"https:\/\/multiblog.educacion.navarra.es\/jballabr\/wp-json\/wp\/v2\/pages"}],"about":[{"href":"https:\/\/multiblog.educacion.navarra.es\/jballabr\/wp-json\/wp\/v2\/types\/page"}],"author":[{"embeddable":true,"href":"https:\/\/multiblog.educacion.navarra.es\/jballabr\/wp-json\/wp\/v2\/users\/59"}],"replies":[{"embeddable":true,"href":"https:\/\/multiblog.educacion.navarra.es\/jballabr\/wp-json\/wp\/v2\/comments?post=43"}],"version-history":[{"count":0,"href":"https:\/\/multiblog.educacion.navarra.es\/jballabr\/wp-json\/wp\/v2\/pages\/43\/revisions"}],"up":[{"embeddable":true,"href":"https:\/\/multiblog.educacion.navarra.es\/jballabr\/wp-json\/wp\/v2\/pages\/89"}],"wp:attachment":[{"href":"https:\/\/multiblog.educacion.navarra.es\/jballabr\/wp-json\/wp\/v2\/media?parent=43"}],"curies":[{"name":"wp","href":"https:\/\/api.w.org\/{rel}","templated":true}]}}