


{"id":371,"date":"2018-06-13T09:19:54","date_gmt":"2018-06-13T07:19:54","guid":{"rendered":"http:\/\/multiblog.educacion.navarra.es\/jballabr\/?page_id=371"},"modified":"2018-06-13T09:19:54","modified_gmt":"2018-06-13T07:19:54","slug":"matematicas-basicas-1o-eso","status":"publish","type":"page","link":"https:\/\/multiblog.educacion.navarra.es\/jballabr\/material-de-trabajo\/matematicas-basicas-1o-eso\/","title":{"rendered":"Matem\u00e1ticas b\u00e1sicas (1\u00ba ESO)"},"content":{"rendered":"<p>Las siguientes fichas son de apoyo y refuerzo<\/p>\n<table width=\"1076\">\n<tbody>\n<tr>\n<td rowspan=\"17\" width=\"108\"><strong>Matem\u00e1ticas B\u00e1sicas 1\u00ba ESO<\/strong><\/td>\n<td width=\"315\"><a href=\"http:\/\/multiblog.educacion.navarra.es\/jballabr\/files\/2018\/06\/N\u00fameros-naturales-_1_.pdf\">N\u00fameros naturales (1)<\/a><\/td>\n<\/tr>\n<tr>\n<td width=\"315\"><a href=\"http:\/\/multiblog.educacion.navarra.es\/jballabr\/files\/2018\/06\/N\u00fameros-naturales-_2_.pdf\">N\u00fameros naturales (2)<\/a><\/td>\n<\/tr>\n<tr>\n<td width=\"315\"><a href=\"http:\/\/multiblog.educacion.navarra.es\/jballabr\/files\/2018\/06\/N\u00fameros-naturales-_3_.pdf\">N\u00fameros naturales (3)<\/a><\/td>\n<\/tr>\n<tr>\n<td width=\"315\"><a href=\"http:\/\/multiblog.educacion.navarra.es\/jballabr\/files\/2018\/06\/N\u00fameros-naturales-_4_.pdf\">N\u00fameros naturales (4)<\/a><\/td>\n<\/tr>\n<tr>\n<td width=\"315\"><a href=\"http:\/\/multiblog.educacion.navarra.es\/jballabr\/files\/2018\/06\/Problemas-sencillos.pdf\">Problemas sencillos<\/a><\/td>\n<\/tr>\n<tr>\n<td width=\"315\"><a href=\"http:\/\/multiblog.educacion.navarra.es\/jballabr\/files\/2018\/06\/Enteros-_1_.pdf\">Enteros (1)<\/a><\/td>\n<\/tr>\n<tr>\n<td width=\"315\"><a href=\"http:\/\/multiblog.educacion.navarra.es\/jballabr\/files\/2018\/06\/Enteros-_2_.pdf\">Enteros (2)<\/a><\/td>\n<\/tr>\n<tr>\n<td width=\"315\"><a href=\"http:\/\/multiblog.educacion.navarra.es\/jballabr\/files\/2018\/06\/Tablas-de-operaciones.pdf\">Tablas de operaciones<\/a><\/td>\n<\/tr>\n<tr>\n<td width=\"315\"><a href=\"http:\/\/multiblog.educacion.navarra.es\/jballabr\/files\/2018\/06\/Fracciones-_1_.pdf\">Fracciones (1)<\/a><\/td>\n<\/tr>\n<tr>\n<td width=\"315\"><a href=\"http:\/\/multiblog.educacion.navarra.es\/jballabr\/files\/2018\/06\/Fracciones-_2_.pdf\">Fracciones (2)<\/a><\/td>\n<\/tr>\n<tr>\n<td width=\"315\"><a href=\"http:\/\/multiblog.educacion.navarra.es\/jballabr\/files\/2018\/06\/Fracciones-_3_.pdf\">Fracciones (3)<\/a><\/td>\n<\/tr>\n<tr>\n<td width=\"315\"><a href=\"http:\/\/multiblog.educacion.navarra.es\/jballabr\/files\/2018\/06\/Juegos-num\u00e9ricos.pdf\">Juegos num\u00e9ricos<\/a><\/td>\n<\/tr>\n<tr>\n<td width=\"315\"><a href=\"http:\/\/multiblog.educacion.navarra.es\/jballabr\/files\/2018\/06\/Mensajes-cifrados.pdf\">Mensajes cifrados<\/a><\/td>\n<\/tr>\n<tr>\n<td width=\"315\"><a href=\"http:\/\/multiblog.educacion.navarra.es\/jballabr\/files\/2018\/06\/SUDOKUS.pdf\">SUDOKUS<\/a><\/td>\n<\/tr>\n<tr>\n<td width=\"315\"><a href=\"http:\/\/multiblog.educacion.navarra.es\/jballabr\/files\/2018\/06\/Decimales-_1_.pdf\">Decimales (1)<\/a><\/td>\n<\/tr>\n<tr>\n<td width=\"315\"><a href=\"http:\/\/multiblog.educacion.navarra.es\/jballabr\/files\/2018\/06\/\u00c1lgebra-_1_.pdf\">\u00c1lgebra (1)<\/a><\/td>\n<\/tr>\n<tr>\n<td width=\"315\"><a href=\"http:\/\/multiblog.educacion.navarra.es\/jballabr\/files\/2018\/06\/\u00c1lgebra-_2_.pdf\">\u00c1lgebra (2)<\/a><\/td>\n<\/tr>\n<\/tbody>\n<\/table>\n","protected":false},"excerpt":{"rendered":"<p>Las siguientes fichas son de apoyo y refuerzo Matem\u00e1ticas B\u00e1sicas 1\u00ba ESO N\u00fameros naturales (1) N\u00fameros naturales (2) N\u00fameros naturales (3) N\u00fameros naturales (4) Problemas sencillos Enteros (1) Enteros (2) Tablas de operaciones Fracciones (1) Fracciones (2) Fracciones (3) Juegos &hellip; <a href=\"https:\/\/multiblog.educacion.navarra.es\/jballabr\/material-de-trabajo\/matematicas-basicas-1o-eso\/\">Sigue leyendo <span class=\"meta-nav\">&rarr;<\/span><\/a><\/p>\n","protected":false},"author":59,"featured_media":0,"parent":79,"menu_order":9,"comment_status":"closed","ping_status":"closed","template":"","meta":[],"_links":{"self":[{"href":"https:\/\/multiblog.educacion.navarra.es\/jballabr\/wp-json\/wp\/v2\/pages\/371"}],"collection":[{"href":"https:\/\/multiblog.educacion.navarra.es\/jballabr\/wp-json\/wp\/v2\/pages"}],"about":[{"href":"https:\/\/multiblog.educacion.navarra.es\/jballabr\/wp-json\/wp\/v2\/types\/page"}],"author":[{"embeddable":true,"href":"https:\/\/multiblog.educacion.navarra.es\/jballabr\/wp-json\/wp\/v2\/users\/59"}],"replies":[{"embeddable":true,"href":"https:\/\/multiblog.educacion.navarra.es\/jballabr\/wp-json\/wp\/v2\/comments?post=371"}],"version-history":[{"count":0,"href":"https:\/\/multiblog.educacion.navarra.es\/jballabr\/wp-json\/wp\/v2\/pages\/371\/revisions"}],"up":[{"embeddable":true,"href":"https:\/\/multiblog.educacion.navarra.es\/jballabr\/wp-json\/wp\/v2\/pages\/79"}],"wp:attachment":[{"href":"https:\/\/multiblog.educacion.navarra.es\/jballabr\/wp-json\/wp\/v2\/media?parent=371"}],"curies":[{"name":"wp","href":"https:\/\/api.w.org\/{rel}","templated":true}]}}