


{"id":329,"date":"2018-06-11T09:30:42","date_gmt":"2018-06-11T07:30:42","guid":{"rendered":"http:\/\/multiblog.educacion.navarra.es\/jballabr\/?page_id=329"},"modified":"2018-06-12T11:24:07","modified_gmt":"2018-06-12T09:24:07","slug":"2o-bachillerato-ciencias","status":"publish","type":"page","link":"https:\/\/multiblog.educacion.navarra.es\/jballabr\/material-de-trabajo\/2o-bachillerato-ciencias\/","title":{"rendered":"2\u00ba Bachillerato (ciencias)"},"content":{"rendered":"<p>&nbsp;<\/p>\n<p>&nbsp;<\/p>\n<table width=\"1076\">\n<tbody>\n<tr>\n<td rowspan=\"13\" width=\"108\"><strong>2\u00ba Bachillerato<\/strong><\/p>\n<p><strong>(Ciencias)<\/strong><\/td>\n<td width=\"315\"><a href=\"http:\/\/multiblog.educacion.navarra.es\/jballabr\/files\/2018\/06\/Matrices_operaciones-ecuaciones.pdf\">Matrices_operaciones, ecuaciones<\/a><\/td>\n<\/tr>\n<tr>\n<td width=\"315\"><a href=\"http:\/\/multiblog.educacion.navarra.es\/jballabr\/files\/2018\/06\/Matrices_aplicaciones.pdf\">Matrices_aplicaciones<\/a><\/td>\n<\/tr>\n<tr>\n<td width=\"315\"><a href=\"http:\/\/multiblog.educacion.navarra.es\/jballabr\/files\/2018\/06\/Matrices.-Problemas.pdf\">Matrices. Problemas<\/a><\/td>\n<\/tr>\n<tr>\n<td width=\"315\"><a href=\"http:\/\/multiblog.educacion.navarra.es\/jballabr\/files\/2018\/06\/Determinantes.pdf\">Determinantes<\/a><\/td>\n<\/tr>\n<tr>\n<td width=\"315\"><a href=\"http:\/\/multiblog.educacion.navarra.es\/jballabr\/files\/2018\/06\/Sistemas-de-ecuaciones.pdf\">Sistemas de ecuaciones<\/a><\/td>\n<\/tr>\n<tr>\n<td width=\"315\"><a href=\"http:\/\/multiblog.educacion.navarra.es\/jballabr\/files\/2018\/06\/Sistemas-de-ecuaciones.Repaso.pdf\">Sistemas de ecuaciones.Repaso<\/a><\/td>\n<\/tr>\n<tr>\n<td width=\"315\"><a href=\"http:\/\/multiblog.educacion.navarra.es\/jballabr\/files\/2018\/06\/Ejercicios-vectores-espacio.pdf\">Ejercicios vectores espacio<\/a><\/td>\n<\/tr>\n<tr>\n<td width=\"315\"><a href=\"http:\/\/multiblog.educacion.navarra.es\/jballabr\/files\/2018\/06\/Geometr\u00eda-m\u00e9trica-_I_.pdf\">Geometr\u00eda m\u00e9trica _I_<\/a><\/td>\n<\/tr>\n<tr>\n<td width=\"315\"><a href=\"http:\/\/multiblog.educacion.navarra.es\/jballabr\/files\/2018\/06\/Geometr\u00eda-m\u00e9trica-_II_.pdf\">Geometr\u00eda m\u00e9trica _II_<\/a><\/td>\n<\/tr>\n<tr>\n<td width=\"315\"><a href=\"http:\/\/multiblog.educacion.navarra.es\/jballabr\/files\/2018\/06\/continuidad_derivadas_II_.pdf\">continuidad_derivadas_II_<\/a><\/td>\n<\/tr>\n<tr>\n<td width=\"315\"><a href=\"http:\/\/multiblog.educacion.navarra.es\/jballabr\/files\/2018\/06\/L\u00a8Hopital.pdf\">L\u00b4h\u00f4pital<\/a><\/td>\n<\/tr>\n<tr>\n<td width=\"315\"><a href=\"http:\/\/multiblog.educacion.navarra.es\/jballabr\/files\/2018\/06\/Tabla-de-integrales-inmediatas.pdf\">Tabla de integrales inmediatas<\/a><\/td>\n<\/tr>\n<tr>\n<td width=\"315\"><a href=\"http:\/\/multiblog.educacion.navarra.es\/jballabr\/files\/2018\/06\/Integral-indefinida-_I_.pdf\">Integral indefinida _I_<\/a><\/td>\n<\/tr>\n<tr>\n<td width=\"108\"><strong>\u00a0<\/strong><\/td>\n<td width=\"315\"><a href=\"http:\/\/multiblog.educacion.navarra.es\/jballabr\/files\/2018\/06\/Integral-indefinida-_II_.pdf\">Integral indefinida _II_<\/a><\/td>\n<\/tr>\n<tr>\n<td width=\"108\"><strong>\u00a0<\/strong><\/td>\n<td width=\"315\"><a href=\"http:\/\/multiblog.educacion.navarra.es\/jballabr\/files\/2018\/06\/Problemas-selectividad_soluciones.pdf\">Problemas selectividad_soluciones<\/a><\/td>\n<\/tr>\n<tr>\n<td width=\"108\"><strong>\u00a0<\/strong><\/td>\n<td width=\"315\"><a href=\"http:\/\/multiblog.educacion.navarra.es\/jballabr\/files\/2018\/06\/Geometr\u00eda-selectividad-_I_.pdf\">Geometr\u00eda selectividad _I_<\/a><\/td>\n<\/tr>\n<tr>\n<td width=\"108\"><strong>\u00a0<\/strong><\/td>\n<td width=\"315\"><a href=\"http:\/\/multiblog.educacion.navarra.es\/jballabr\/files\/2018\/06\/Geometr\u00eda-selectividad-_II_.pdf\">Geometr\u00eda selectividad _II_<\/a><\/td>\n<\/tr>\n<tr>\n<td width=\"108\"><strong>\u00a0<\/strong><\/td>\n<td width=\"315\"><a href=\"http:\/\/multiblog.educacion.navarra.es\/jballabr\/files\/2018\/06\/Integraci\u00f3n-selectividad.pdf\">Integraci\u00f3n selectividad<\/a><\/td>\n<\/tr>\n<\/tbody>\n<\/table>\n","protected":false},"excerpt":{"rendered":"<p>&nbsp; &nbsp; 2\u00ba Bachillerato (Ciencias) Matrices_operaciones, ecuaciones Matrices_aplicaciones Matrices. Problemas Determinantes Sistemas de ecuaciones Sistemas de ecuaciones.Repaso Ejercicios vectores espacio Geometr\u00eda m\u00e9trica _I_ Geometr\u00eda m\u00e9trica _II_ continuidad_derivadas_II_ L\u00b4h\u00f4pital Tabla de integrales inmediatas Integral indefinida _I_ \u00a0 Integral indefinida _II_ \u00a0 &hellip; <a href=\"https:\/\/multiblog.educacion.navarra.es\/jballabr\/material-de-trabajo\/2o-bachillerato-ciencias\/\">Sigue leyendo <span class=\"meta-nav\">&rarr;<\/span><\/a><\/p>\n","protected":false},"author":59,"featured_media":0,"parent":79,"menu_order":7,"comment_status":"closed","ping_status":"closed","template":"","meta":[],"_links":{"self":[{"href":"https:\/\/multiblog.educacion.navarra.es\/jballabr\/wp-json\/wp\/v2\/pages\/329"}],"collection":[{"href":"https:\/\/multiblog.educacion.navarra.es\/jballabr\/wp-json\/wp\/v2\/pages"}],"about":[{"href":"https:\/\/multiblog.educacion.navarra.es\/jballabr\/wp-json\/wp\/v2\/types\/page"}],"author":[{"embeddable":true,"href":"https:\/\/multiblog.educacion.navarra.es\/jballabr\/wp-json\/wp\/v2\/users\/59"}],"replies":[{"embeddable":true,"href":"https:\/\/multiblog.educacion.navarra.es\/jballabr\/wp-json\/wp\/v2\/comments?post=329"}],"version-history":[{"count":0,"href":"https:\/\/multiblog.educacion.navarra.es\/jballabr\/wp-json\/wp\/v2\/pages\/329\/revisions"}],"up":[{"embeddable":true,"href":"https:\/\/multiblog.educacion.navarra.es\/jballabr\/wp-json\/wp\/v2\/pages\/79"}],"wp:attachment":[{"href":"https:\/\/multiblog.educacion.navarra.es\/jballabr\/wp-json\/wp\/v2\/media?parent=329"}],"curies":[{"name":"wp","href":"https:\/\/api.w.org\/{rel}","templated":true}]}}