


{"id":325,"date":"2018-06-15T12:34:42","date_gmt":"2018-06-15T10:34:42","guid":{"rendered":"http:\/\/multiblog.educacion.navarra.es\/jballabr\/?page_id=325"},"modified":"2021-12-19T22:25:39","modified_gmt":"2021-12-19T20:25:39","slug":"geogebra","status":"publish","type":"page","link":"https:\/\/multiblog.educacion.navarra.es\/jballabr\/geogebra\/","title":{"rendered":"Geogebra"},"content":{"rendered":"\n<p>Geogebra es una herramienta imprescindible para el aprendizaje de las matem\u00e1ticas. Aqu\u00ed os dejo unas actividades y varios enlaces para que pod\u00e1is investigar:<\/p>\n\n\n<table>\n<tbody>\n<tr>\n<td colspan=\"5\" width=\"836\"><strong>ACTIVIDADES GEOGEBRA<\/strong><\/td>\n<\/tr>\n<tr>\n<td width=\"163\"><strong>Actividad<\/strong><\/td>\n<td width=\"163\"><strong>Descripci\u00f3n<\/strong><\/td>\n<td width=\"163\"><strong>Enlace<\/strong><\/td>\n<td width=\"163\"><strong>Curso (como referencia el m\u00e1s bajo)<\/strong><\/td>\n<td width=\"182\">\u00a0<\/td>\n<\/tr>\n<tr>\n<td width=\"163\"><strong>Funciones polin\u00f3micas<\/strong><\/td>\n<td width=\"163\">Diferentes funciones polin\u00f3micas para estudiar el comportamiento de los par\u00e1metros que la definen<\/td>\n<td width=\"163\"><a href=\"https:\/\/ggbm.at\/dRGWgRgG\">Funciones polin\u00f3micas<\/a><\/td>\n<td width=\"163\">4\u00ba Acad\u00e9micas<\/td>\n<td width=\"182\">\u00a0<\/td>\n<\/tr>\n<tr>\n<td width=\"163\"><strong>Funciones elementales<\/strong><\/td>\n<td width=\"163\">Se pueden seleccionar varias funciones elementales y ver como var\u00edan al cambiar los par\u00e1metros<\/td>\n<td width=\"163\"><a href=\"https:\/\/ggbm.at\/PyvZKYPN\">Funciones elementales<\/a><\/td>\n<td width=\"163\">1\u00ba ESO<\/td>\n<td width=\"182\">\u00a0<\/td>\n<\/tr>\n<tr>\n<td width=\"163\"><strong>Desplazamiento de funciones<\/strong><\/td>\n<td width=\"163\">Podemos estudiar los desplazamientos en los ejes y ver la expresi\u00f3n anal\u00edtica de la funci\u00f3n<\/td>\n<td width=\"163\"><a href=\"https:\/\/ggbm.at\/FMUjBYpq\">Desplazamiento de funciones<\/a><\/td>\n<td width=\"163\">4\u00ba ESO<\/td>\n<td width=\"182\">\u00a0<\/td>\n<\/tr>\n<tr>\n<td width=\"163\"><strong>Test funciones<\/strong><\/td>\n<td width=\"163\">Un peque\u00f1o test para afianzar conceptos sobre funciones<\/td>\n<td width=\"163\"><a href=\"https:\/\/ggbm.at\/Pt2gQAdM\">Test funciones<\/a><\/td>\n<td width=\"163\">3\u00ba ESO<\/td>\n<td width=\"182\">\u00a0<\/td>\n<\/tr>\n<tr>\n<td width=\"163\"><strong>Posici\u00f3n relativa de 3 planos en el espacio<\/strong><\/td>\n<td width=\"163\">Introduciendo los coeficientes e los planos analiza su posici\u00f3 relativa y en su caso la ecuaci\u00f3n correspondiente<\/td>\n<td width=\"163\"><a href=\"https:\/\/ggbm.at\/m3DJpXQy\">Posici\u00f3n relativa de 3 planos en el espacio<\/a><\/td>\n<td width=\"163\">2\u00ba Bachillerato Ciencias<\/td>\n<td width=\"182\">\u00a0<\/td>\n<\/tr>\n<tr>\n<td width=\"163\"><strong>Aproximaci\u00f3n trigonometr\u00eda<\/strong><\/td>\n<td width=\"163\">A trav\u00e9s de la semejanza pod\u00e9is definir y justificar las razones trigonom\u00e9tricas<\/td>\n<td width=\"163\"><a href=\"https:\/\/ggbm.at\/umFHJGaN\">Aproximaci\u00f3n trigonometr\u00eda<\/a><\/td>\n<td width=\"163\">4\u00ba ESO<\/td>\n<td width=\"182\">\u00a0<\/td>\n<\/tr>\n<tr>\n<td width=\"163\"><strong>Razones trigonom\u00e9tricas<\/strong><\/td>\n<td width=\"163\">Pod\u00e9is comprobar la definici\u00f3n de las razones trigonom\u00e9tricas<\/td>\n<td width=\"163\"><a href=\"https:\/\/ggbm.at\/kQfRrzv6\">Razones trigonom\u00e9tricas<\/a><\/td>\n<td width=\"163\">4\u00ba ESO<\/td>\n<td width=\"182\">\u00a0<\/td>\n<\/tr>\n<tr>\n<td width=\"163\"><strong>Ondas en el espacio<\/strong><\/td>\n<td width=\"163\">Pod\u00e9is visualizar y modificar la ecuaci\u00f3n de una onda y la interferencia de 2 ondas<\/td>\n<td width=\"163\"><a href=\"https:\/\/ggbm.at\/af6mvyxa\">Ondas<\/a><\/td>\n<td width=\"163\">1\u00ba Bachillerato Ciencias<\/td>\n<td width=\"182\">\u00a0<\/td>\n<\/tr>\n<tr>\n<td width=\"163\"><strong>Recta de Euler<\/strong><\/td>\n<td width=\"163\">Podemos comprobar los puntos fundamentales de un tri\u00e1ngulo y comprobar como tres de ellos est\u00e1 siempre alineados<\/td>\n<td width=\"163\"><a href=\"https:\/\/ggbm.at\/EX2g85fq\">Recta de Euler<\/a><\/td>\n<td width=\"163\">1\u00ba ESO<\/td>\n<td width=\"182\">\u00a0<\/td>\n<\/tr>\n<tr>\n<td width=\"163\"><strong>Resoluci\u00f3n de sistemas de inecuaciones con dos variales<\/strong><\/td>\n<td width=\"163\">Resuelve sistemas de hasta 6 inecuaciones<\/td>\n<td width=\"163\"><a href=\"https:\/\/ggbm.at\/amrr4whs\">Sistemas de inecuaciones<\/a><\/td>\n<td width=\"163\">4\u00ba ESO<\/td>\n<td width=\"182\">\u00a0<\/td>\n<\/tr>\n<tr>\n<td width=\"163\"><strong>Programaci\u00f3n lineal<\/strong><\/td>\n<td width=\"163\">Puedes resdolver problemas de programaci\u00f3n lineal de hasta 6 restricciones, rellena los campos y ejecuta las ordenes<\/td>\n<td width=\"163\"><a href=\"https:\/\/ggbm.at\/av36fqg3\">Programaci\u00f3n lineal<\/a><\/td>\n<td width=\"163\">2\u00ba Bachillerato<\/td>\n<td width=\"182\">\u00a0<\/td>\n<\/tr>\n<\/tbody>\n<\/table>","protected":false},"excerpt":{"rendered":"<p>Geogebra es una herramienta imprescindible para el aprendizaje de las matem\u00e1ticas. Aqu\u00ed os dejo unas actividades y varios enlaces para que pod\u00e1is investigar: ACTIVIDADES GEOGEBRA Actividad Descripci\u00f3n Enlace Curso (como referencia el m\u00e1s bajo) \u00a0 Funciones polin\u00f3micas Diferentes funciones polin\u00f3micas &hellip; <a href=\"https:\/\/multiblog.educacion.navarra.es\/jballabr\/geogebra\/\">Sigue leyendo <span class=\"meta-nav\">&rarr;<\/span><\/a><\/p>\n","protected":false},"author":59,"featured_media":0,"parent":0,"menu_order":0,"comment_status":"open","ping_status":"open","template":"","meta":[],"_links":{"self":[{"href":"https:\/\/multiblog.educacion.navarra.es\/jballabr\/wp-json\/wp\/v2\/pages\/325"}],"collection":[{"href":"https:\/\/multiblog.educacion.navarra.es\/jballabr\/wp-json\/wp\/v2\/pages"}],"about":[{"href":"https:\/\/multiblog.educacion.navarra.es\/jballabr\/wp-json\/wp\/v2\/types\/page"}],"author":[{"embeddable":true,"href":"https:\/\/multiblog.educacion.navarra.es\/jballabr\/wp-json\/wp\/v2\/users\/59"}],"replies":[{"embeddable":true,"href":"https:\/\/multiblog.educacion.navarra.es\/jballabr\/wp-json\/wp\/v2\/comments?post=325"}],"version-history":[{"count":0,"href":"https:\/\/multiblog.educacion.navarra.es\/jballabr\/wp-json\/wp\/v2\/pages\/325\/revisions"}],"wp:attachment":[{"href":"https:\/\/multiblog.educacion.navarra.es\/jballabr\/wp-json\/wp\/v2\/media?parent=325"}],"curies":[{"name":"wp","href":"https:\/\/api.w.org\/{rel}","templated":true}]}}