


{"id":2,"date":"2009-04-01T12:06:11","date_gmt":"2009-04-01T10:06:11","guid":{"rendered":""},"modified":"2018-09-26T21:29:11","modified_gmt":"2018-09-26T19:29:11","slug":"informacion","status":"publish","type":"page","link":"https:\/\/multiblog.educacion.navarra.es\/jballabr\/informacion\/","title":{"rendered":"Presentaci\u00f3n"},"content":{"rendered":"<p>Hola a todos, me llamo Carlos y soy profesor de matem\u00e1ticas de secundaria. El objetivo de este Blog no es otro que intentar acercar las matem\u00e1ticas a todos. Ir\u00e9 subiendo problemas, materiales y curiosidades. Espero que os resulte ameno y \u00fatil<\/p>\n","protected":false},"excerpt":{"rendered":"<p>Hola a todos, me llamo Carlos y soy profesor de matem\u00e1ticas de secundaria. El objetivo de este Blog no es otro que intentar acercar las matem\u00e1ticas a todos. Ir\u00e9 subiendo problemas, materiales y curiosidades. Espero que os resulte ameno y &hellip; <a href=\"https:\/\/multiblog.educacion.navarra.es\/jballabr\/informacion\/\">Sigue leyendo <span class=\"meta-nav\">&rarr;<\/span><\/a><\/p>\n","protected":false},"author":59,"featured_media":0,"parent":0,"menu_order":0,"comment_status":"open","ping_status":"open","template":"","meta":[],"_links":{"self":[{"href":"https:\/\/multiblog.educacion.navarra.es\/jballabr\/wp-json\/wp\/v2\/pages\/2"}],"collection":[{"href":"https:\/\/multiblog.educacion.navarra.es\/jballabr\/wp-json\/wp\/v2\/pages"}],"about":[{"href":"https:\/\/multiblog.educacion.navarra.es\/jballabr\/wp-json\/wp\/v2\/types\/page"}],"author":[{"embeddable":true,"href":"https:\/\/multiblog.educacion.navarra.es\/jballabr\/wp-json\/wp\/v2\/users\/59"}],"replies":[{"embeddable":true,"href":"https:\/\/multiblog.educacion.navarra.es\/jballabr\/wp-json\/wp\/v2\/comments?post=2"}],"version-history":[{"count":0,"href":"https:\/\/multiblog.educacion.navarra.es\/jballabr\/wp-json\/wp\/v2\/pages\/2\/revisions"}],"wp:attachment":[{"href":"https:\/\/multiblog.educacion.navarra.es\/jballabr\/wp-json\/wp\/v2\/media?parent=2"}],"curies":[{"name":"wp","href":"https:\/\/api.w.org\/{rel}","templated":true}]}}