


{"id":155,"date":"2013-01-23T18:20:57","date_gmt":"2013-01-23T16:20:57","guid":{"rendered":"http:\/\/multiblog.educacion.navarra.es\/jballabr\/?page_id=155"},"modified":"2018-06-07T12:42:45","modified_gmt":"2018-06-07T10:42:45","slug":"numeros-primos","status":"publish","type":"page","link":"https:\/\/multiblog.educacion.navarra.es\/jballabr\/algunas-aplicaciones-de-las-matematicas\/numeros-primos\/","title":{"rendered":"N\u00fameros primos"},"content":{"rendered":"<p>Los n\u00fameros primos han sido desde siempre admirados y utilizados. Vamos a ver como pueden sernos \u00fatiles, pero antes un poco de historia:<\/p>\n<ul>\n<li><i>N\u00fameros primos<\/i>: Aqu\u00e9l que solo es divisible por \u00e9l mismo y por 1.<\/li>\n<li>Los primeros son<\/li>\n<\/ul>\n<p>2, 3, 5, 7, 11, 13, 17, 19, 23, 29 &#8230;<\/p>\n<p><a href=\"http:\/\/multiblog.educacion.navarra.es\/jballabr\/algunas-aplicaciones-de-las-matematicas\/numeros-primos\/esuclides\/\" rel=\"attachment wp-att-157\"><img loading=\"lazy\" class=\"size-full wp-image-157 alignleft\" src=\"http:\/\/multiblog.educacion.navarra.es\/jballabr\/files\/2013\/01\/esuclides.jpg\" alt=\"esuclides\" width=\"195\" height=\"307\" srcset=\"https:\/\/multiblog.educacion.navarra.es\/jballabr\/files\/2013\/01\/esuclides.jpg 255w, https:\/\/multiblog.educacion.navarra.es\/jballabr\/files\/2013\/01\/esuclides-190x300.jpg 190w\" sizes=\"(max-width: 195px) 100vw, 195px\" \/><\/a>Euclides: demostr\u00f3 que hay infinitos n\u00fameros primos y desde entonces los matem\u00e1ticos est\u00e1n \u201cbuscando\u201d n\u00fameros primos grandes<\/p>\n<p>La propiedad fundamental de la aritm\u00e9tica dice que: \u201ctodo n\u00famero natural se puede expresar de forma \u00fanica como producto de n\u00fameros primos\u201d<\/p>\n<p>Como consecuencia inmediata podemos deducir los procedimientos para obtener el m\u00e1ximo com\u00fan divisor y m\u00ednimo com\u00fan m\u00faltiplo de 2 \u00f3 m\u00e1s n\u00fameros como bien saben nuestros alumnos<\/p>\n<p>Erat\u00f3stenes ide\u00f3 \u00a0de un m\u00e9todo para identificar los primeros \u00a0n\u00fameros primos, llamada la criba de Erat\u00f3stenes<\/p>\n<p><a href=\"http:\/\/multiblog.educacion.navarra.es\/jballabr\/algunas-aplicaciones-de-las-matematicas\/numeros-primos\/criba\/\" rel=\"attachment wp-att-156\"><img loading=\"lazy\" class=\"size-full wp-image-156 aligncenter\" src=\"http:\/\/multiblog.educacion.navarra.es\/jballabr\/files\/2013\/01\/criba.png\" alt=\"criba\" width=\"484\" height=\"307\" srcset=\"https:\/\/multiblog.educacion.navarra.es\/jballabr\/files\/2013\/01\/criba.png 859w, https:\/\/multiblog.educacion.navarra.es\/jballabr\/files\/2013\/01\/criba-300x190.png 300w\" sizes=\"(max-width: 484px) 100vw, 484px\" \/><\/a><\/p>\n<p>Lo curioso es que aparentemente no hay una f\u00f3rmula ni un procedimiento para deducir n\u00famero primos. Los matem\u00e1ticos se dedican a intentar ver alguna \u201cregularidad\u201d en ellos. De momento es un problema abierto<\/p>\n<p>\u00bfY para que podemos usarlos?<\/p>\n<p>Los primos son claves para la seguridad de Internet: seguridad nacional, transacciones bancarias, etc. \u00a0Reducir un n\u00famero al producto de sus factores primos es un problema muy dif\u00edcil cuando el n\u00famero es muy grande como este<\/p>\n<p>135066410865995223349603216278805969938881475605667027524485143851526510604859533833940287150571909441798207282164471551373680419703964191743046496589274256239341020864383202110372958725762358509643110564073501508187510676594629205563685529475213500852879416377328533906109750544334999811150056977236890927563<\/p>\n<p>Este n\u00famero es producto de dos primos pero ni el m\u00e1s potente ordenador es capaz de hacerlo en un tiempo razonable<\/p>\n<p><strong>Criptograf\u00eda<\/strong><\/p>\n<p>En criptograf\u00eda, <b>RSA<\/b> <i>(Rivest, Shamir y Adleman)<\/i> es un sistema criptogr\u00e1fico de clave p\u00fablica desarrollado en 1977. \u00a0La seguridad de este algoritmo radica en el problema de la factorizaci\u00f3n de n\u00fameros enteros. Los mensajes enviados se representan mediante n\u00fameros, y el funcionamiento se basa en el producto, conocido, de dos n\u00fameros primos grandes elegidos al azar y mantenidos en secreto. Actualmente estos primos son del orden de 10<sup>200<\/sup>, y se prev\u00e9 que su tama\u00f1o aumente con el aumento de la capacidad de c\u00e1lculo de los ordenadores.<\/p>\n<p>Como en todo sistema de clave p\u00fablica, cada usuario posee dos claves de cifrado: una p\u00fablica y otra privada. Cuando se quiere enviar un mensaje, el emisor busca la clave p\u00fablica del receptor, cifra su mensaje con esa clave, y una vez que el mensaje cifrado llega al receptor, este se ocupa de descifrarlo usando su clave privada.<\/p>\n<p>Se cree que RSA ser\u00e1 seguro mientras no se conozcan formas r\u00e1pidas de descomponer un n\u00famero grande en producto de primos. La computaci\u00f3n cu\u00e1ntica podr\u00eda proveer de una soluci\u00f3n a este problema de factorizaci\u00f3n.<\/p>\n<p><b>Ejemplo<\/b><\/p>\n<p>Aqu\u00ed tenemos un ejemplo de cifrado\/descifrado con RSA. Los par\u00e1metros usados aqu\u00ed son peque\u00f1os y orientativos con respecto a los que maneja el algoritmo<\/p>\n<p>La clave p\u00fablica (e, n). La clave privada es (d, n). La funci\u00f3n de cifrado es:<\/p>\n<p><i>encrypt<\/i>(<i>m<\/i>) = <i>m<sup>e<\/sup><\/i>(mod <i>n<\/i>) = <i>m<\/i><sup>17<\/sup>(mod 3233)<\/p>\n<p>Donde m es el texto sin cifrar. La funci\u00f3n de descifrado es:<\/p>\n<p><i>decrypt<\/i>(<i>c<\/i>) = <i>c<sup>d<\/sup><\/i>(mod <i>n<\/i>) = <i>c<\/i><sup>2753<\/sup>(mod 3233)<\/p>\n<p>Donde c es el texto cifrado. Para cifrar el valor del texto sin cifrar 123, nosotros calculamos:<\/p>\n<p><i>encrypt<\/i>(123) = 123<sup>17<\/sup>(mod 3233) = 855<\/p>\n<p>Para descifrar el valor del texto cifrado, nosotros calculamos:<\/p>\n<p><i>decrypt<\/i>(855) = 855<sup>2753<\/sup>(mod 3233) = 123<\/p>\n<p><strong>Tambi\u00e9n en el arte y literatura<\/strong><\/p>\n<p>\u2022El compositor franc\u00e9s Olivier Messiaen se vali\u00f3 de ellos para crear m\u00fasica no m\u00e9trica. En obras tales como La Nativit\u00e9 du Seigneur (1935) o Quatre \u00e9tudes de rythme (1949-50) emplea simult\u00e1neamente motivos cuya duraci\u00f3n es un n\u00famero primo para crear ritmos impredecibles. Seg\u00fan Messiaen, esta forma de componer fue \u00abinspirada por los movimientos de la naturaleza, movimientos de duraciones libres y desiguales\u00bb<\/p>\n<p>\u2022El curioso incidente del perro a medianoche, de Mark Haddon, que describe en primera persona la vida de un joven autista muy dotado en matem\u00e1ticas y c\u00e1lculo mental, utiliza \u00fanicamente los n\u00fameros primos para numerar los cap\u00edtulos.<\/p>\n<p>\u2022La soledad de los n\u00fameros primos, novela escrita por Paolo Giordano, gan\u00f3 el premio Strega en 2008.<\/p>\n<p>\u2022Tambi\u00e9n son muchas las pel\u00edculas que reflejan la fascinaci\u00f3n popular hacia los misterios de los n\u00fameros primos y la criptograf\u00eda, por ejemplo:<\/p>\n<p>\u2013Cube,<\/p>\n<p>\u2013Sneakers,<\/p>\n<p>\u2013El amor tiene dos caras<\/p>\n<p>\u2013 Una mente maravillosa. Esta \u00faltima se basa en la biograf\u00eda del matem\u00e1tico y premio Nobel John Forbes Nash,<\/p>\n","protected":false},"excerpt":{"rendered":"<p>Los n\u00fameros primos han sido desde siempre admirados y utilizados. Vamos a ver como pueden sernos \u00fatiles, pero antes un poco de historia: N\u00fameros primos: Aqu\u00e9l que solo es divisible por \u00e9l mismo y por 1. Los primeros son 2, &hellip; <a href=\"https:\/\/multiblog.educacion.navarra.es\/jballabr\/algunas-aplicaciones-de-las-matematicas\/numeros-primos\/\">Sigue leyendo <span class=\"meta-nav\">&rarr;<\/span><\/a><\/p>\n","protected":false},"author":59,"featured_media":0,"parent":121,"menu_order":0,"comment_status":"open","ping_status":"open","template":"","meta":[],"_links":{"self":[{"href":"https:\/\/multiblog.educacion.navarra.es\/jballabr\/wp-json\/wp\/v2\/pages\/155"}],"collection":[{"href":"https:\/\/multiblog.educacion.navarra.es\/jballabr\/wp-json\/wp\/v2\/pages"}],"about":[{"href":"https:\/\/multiblog.educacion.navarra.es\/jballabr\/wp-json\/wp\/v2\/types\/page"}],"author":[{"embeddable":true,"href":"https:\/\/multiblog.educacion.navarra.es\/jballabr\/wp-json\/wp\/v2\/users\/59"}],"replies":[{"embeddable":true,"href":"https:\/\/multiblog.educacion.navarra.es\/jballabr\/wp-json\/wp\/v2\/comments?post=155"}],"version-history":[{"count":0,"href":"https:\/\/multiblog.educacion.navarra.es\/jballabr\/wp-json\/wp\/v2\/pages\/155\/revisions"}],"up":[{"embeddable":true,"href":"https:\/\/multiblog.educacion.navarra.es\/jballabr\/wp-json\/wp\/v2\/pages\/121"}],"wp:attachment":[{"href":"https:\/\/multiblog.educacion.navarra.es\/jballabr\/wp-json\/wp\/v2\/media?parent=155"}],"curies":[{"name":"wp","href":"https:\/\/api.w.org\/{rel}","templated":true}]}}