


{"id":140,"date":"2013-01-19T18:02:56","date_gmt":"2013-01-19T16:02:56","guid":{"rendered":"http:\/\/multiblog.educacion.navarra.es\/jballabr\/?page_id=140"},"modified":"2013-01-19T18:02:56","modified_gmt":"2013-01-19T16:02:56","slug":"aritmetica-mercantil","status":"publish","type":"page","link":"https:\/\/multiblog.educacion.navarra.es\/jballabr\/material-de-trabajo\/presentaciones\/aritmetica-mercantil\/","title":{"rendered":"Aritm\u00e9tica mercantil"},"content":{"rendered":"<p>En 1\u00ba de bachillerato de Ciencias Sociales, se estudian entre otras cosas, como saber cu\u00e1nto dinero obtendremos a un determinado inter\u00e9s, o a cu\u00e1nto asciende la cuota de la hipoteca. Un tema que creo que es muy \u00fatil y por el que a veces pasamops demasiado r\u00e1pidos<\/p>\n<iframe src=\"https:\/\/www.slideshare.net\/slideshow\/embed_code\/16010161\" width=\"640\" height=\"519\" frameborder=\"0\" marginwidth=\"0\" marginheight=\"0\" scrolling=\"no\"><\/iframe><br\/>\n","protected":false},"excerpt":{"rendered":"<p>En 1\u00ba de bachillerato de Ciencias Sociales, se estudian entre otras cosas, como saber cu\u00e1nto dinero obtendremos a un determinado inter\u00e9s, o a cu\u00e1nto asciende la cuota de la hipoteca. Un tema que creo que es muy \u00fatil y por &hellip; <a href=\"https:\/\/multiblog.educacion.navarra.es\/jballabr\/material-de-trabajo\/presentaciones\/aritmetica-mercantil\/\">Sigue leyendo <span class=\"meta-nav\">&rarr;<\/span><\/a><\/p>\n","protected":false},"author":59,"featured_media":0,"parent":102,"menu_order":0,"comment_status":"open","ping_status":"open","template":"","meta":[],"_links":{"self":[{"href":"https:\/\/multiblog.educacion.navarra.es\/jballabr\/wp-json\/wp\/v2\/pages\/140"}],"collection":[{"href":"https:\/\/multiblog.educacion.navarra.es\/jballabr\/wp-json\/wp\/v2\/pages"}],"about":[{"href":"https:\/\/multiblog.educacion.navarra.es\/jballabr\/wp-json\/wp\/v2\/types\/page"}],"author":[{"embeddable":true,"href":"https:\/\/multiblog.educacion.navarra.es\/jballabr\/wp-json\/wp\/v2\/users\/59"}],"replies":[{"embeddable":true,"href":"https:\/\/multiblog.educacion.navarra.es\/jballabr\/wp-json\/wp\/v2\/comments?post=140"}],"version-history":[{"count":0,"href":"https:\/\/multiblog.educacion.navarra.es\/jballabr\/wp-json\/wp\/v2\/pages\/140\/revisions"}],"up":[{"embeddable":true,"href":"https:\/\/multiblog.educacion.navarra.es\/jballabr\/wp-json\/wp\/v2\/pages\/102"}],"wp:attachment":[{"href":"https:\/\/multiblog.educacion.navarra.es\/jballabr\/wp-json\/wp\/v2\/media?parent=140"}],"curies":[{"name":"wp","href":"https:\/\/api.w.org\/{rel}","templated":true}]}}