


{"id":138,"date":"2013-01-19T17:59:05","date_gmt":"2013-01-19T15:59:05","guid":{"rendered":"http:\/\/multiblog.educacion.navarra.es\/jballabr\/?page_id=138"},"modified":"2013-01-19T17:59:05","modified_gmt":"2013-01-19T15:59:05","slug":"conicas-bachillerato","status":"publish","type":"page","link":"https:\/\/multiblog.educacion.navarra.es\/jballabr\/material-de-trabajo\/presentaciones\/conicas-bachillerato\/","title":{"rendered":"C\u00f3nicas Bachillerato"},"content":{"rendered":"<p>A diferencia de la presentaci\u00f3n de las c\u00f3nicas en la ESO ahora profundizamos un poco m\u00e1s en el aspecto anal\u00edtico. Deduciendo las ecuaciones y algunas d las propiedades<\/p>\n<iframe src=\"https:\/\/www.slideshare.net\/slideshow\/embed_code\/16010167\" width=\"640\" height=\"519\" frameborder=\"0\" marginwidth=\"0\" marginheight=\"0\" scrolling=\"no\"><\/iframe><br\/>\n","protected":false},"excerpt":{"rendered":"<p>A diferencia de la presentaci\u00f3n de las c\u00f3nicas en la ESO ahora profundizamos un poco m\u00e1s en el aspecto anal\u00edtico. Deduciendo las ecuaciones y algunas d las propiedades<\/p>\n","protected":false},"author":59,"featured_media":0,"parent":102,"menu_order":0,"comment_status":"open","ping_status":"open","template":"","meta":[],"_links":{"self":[{"href":"https:\/\/multiblog.educacion.navarra.es\/jballabr\/wp-json\/wp\/v2\/pages\/138"}],"collection":[{"href":"https:\/\/multiblog.educacion.navarra.es\/jballabr\/wp-json\/wp\/v2\/pages"}],"about":[{"href":"https:\/\/multiblog.educacion.navarra.es\/jballabr\/wp-json\/wp\/v2\/types\/page"}],"author":[{"embeddable":true,"href":"https:\/\/multiblog.educacion.navarra.es\/jballabr\/wp-json\/wp\/v2\/users\/59"}],"replies":[{"embeddable":true,"href":"https:\/\/multiblog.educacion.navarra.es\/jballabr\/wp-json\/wp\/v2\/comments?post=138"}],"version-history":[{"count":0,"href":"https:\/\/multiblog.educacion.navarra.es\/jballabr\/wp-json\/wp\/v2\/pages\/138\/revisions"}],"up":[{"embeddable":true,"href":"https:\/\/multiblog.educacion.navarra.es\/jballabr\/wp-json\/wp\/v2\/pages\/102"}],"wp:attachment":[{"href":"https:\/\/multiblog.educacion.navarra.es\/jballabr\/wp-json\/wp\/v2\/media?parent=138"}],"curies":[{"name":"wp","href":"https:\/\/api.w.org\/{rel}","templated":true}]}}