


{"id":135,"date":"2013-01-15T23:27:38","date_gmt":"2013-01-15T21:27:38","guid":{"rendered":"http:\/\/multiblog.educacion.navarra.es\/jballabr\/?page_id=135"},"modified":"2013-01-19T17:55:12","modified_gmt":"2013-01-19T15:55:12","slug":"conicas-eso","status":"publish","type":"page","link":"https:\/\/multiblog.educacion.navarra.es\/jballabr\/material-de-trabajo\/presentaciones\/conicas-eso\/","title":{"rendered":"C\u00f3nicas ESO"},"content":{"rendered":"<p>Una presentaci\u00f3n que sin entrar en demasiados detalles anal\u00edticos hace un repaso por todas las c\u00f3nicas<br \/>\n<iframe src=\"https:\/\/www.slideshare.net\/slideshow\/embed_code\/16010169\" width=\"640\" height=\"519\" frameborder=\"0\" marginwidth=\"0\" marginheight=\"0\" scrolling=\"no\"><\/iframe><br\/><\/p>\n","protected":false},"excerpt":{"rendered":"<p>Una presentaci\u00f3n que sin entrar en demasiados detalles anal\u00edticos hace un repaso por todas las c\u00f3nicas<\/p>\n","protected":false},"author":59,"featured_media":0,"parent":102,"menu_order":0,"comment_status":"closed","ping_status":"closed","template":"","meta":[],"_links":{"self":[{"href":"https:\/\/multiblog.educacion.navarra.es\/jballabr\/wp-json\/wp\/v2\/pages\/135"}],"collection":[{"href":"https:\/\/multiblog.educacion.navarra.es\/jballabr\/wp-json\/wp\/v2\/pages"}],"about":[{"href":"https:\/\/multiblog.educacion.navarra.es\/jballabr\/wp-json\/wp\/v2\/types\/page"}],"author":[{"embeddable":true,"href":"https:\/\/multiblog.educacion.navarra.es\/jballabr\/wp-json\/wp\/v2\/users\/59"}],"replies":[{"embeddable":true,"href":"https:\/\/multiblog.educacion.navarra.es\/jballabr\/wp-json\/wp\/v2\/comments?post=135"}],"version-history":[{"count":0,"href":"https:\/\/multiblog.educacion.navarra.es\/jballabr\/wp-json\/wp\/v2\/pages\/135\/revisions"}],"up":[{"embeddable":true,"href":"https:\/\/multiblog.educacion.navarra.es\/jballabr\/wp-json\/wp\/v2\/pages\/102"}],"wp:attachment":[{"href":"https:\/\/multiblog.educacion.navarra.es\/jballabr\/wp-json\/wp\/v2\/media?parent=135"}],"curies":[{"name":"wp","href":"https:\/\/api.w.org\/{rel}","templated":true}]}}