


{"id":121,"date":"2013-01-20T00:23:56","date_gmt":"2013-01-19T22:23:56","guid":{"rendered":"http:\/\/multiblog.educacion.navarra.es\/jballabr\/?page_id=121"},"modified":"2013-01-20T00:26:49","modified_gmt":"2013-01-19T22:26:49","slug":"algunas-aplicaciones-de-las-matematicas","status":"publish","type":"page","link":"https:\/\/multiblog.educacion.navarra.es\/jballabr\/algunas-aplicaciones-de-las-matematicas\/","title":{"rendered":"Algunas aplicaciones de las matem\u00e1ticas"},"content":{"rendered":"<p>Os ir\u00e9 subiendo alg\u00fan material donde comprobar la gran utilidad del las matem\u00e1ticas, y como estamos constantemente usando su potencial, a veces sin saberlo<\/p>\n<p><a href=\"http:\/\/multiblog.educacion.navarra.es\/jballabr\/curiosidades-matematicas\/el-numero-de-oro\/platon\/\" rel=\"attachment wp-att-59\"><img loading=\"lazy\" class=\"size-full wp-image-59 alignleft\" alt=\"Plat\u00f3n\" src=\"http:\/\/multiblog.educacion.navarra.es\/jballabr\/files\/2012\/12\/Plat\u00f3n.jpg\" width=\"110\" height=\"167\" srcset=\"https:\/\/multiblog.educacion.navarra.es\/jballabr\/files\/2012\/12\/Plat\u00f3n.jpg 222w, https:\/\/multiblog.educacion.navarra.es\/jballabr\/files\/2012\/12\/Plat\u00f3n-198x300.jpg 198w\" sizes=\"(max-width: 110px) 100vw, 110px\" \/><\/a><\/p>\n<p>No pretendo desarrollar los temas en profundidad, pero si logro despertar la curiosadad del alguno, me sentir\u00e9 satisfecho<\/p>\n<p><a href=\"http:\/\/multiblog.educacion.navarra.es\/jballabr\/algunas-aplicaciones-de-las-matematicas\/conicas\/antena_parabolica\/\" rel=\"attachment wp-att-143\"><img loading=\"lazy\" class=\"alignnone size-full wp-image-143\" alt=\"antena_parabolica\" src=\"http:\/\/multiblog.educacion.navarra.es\/jballabr\/files\/2013\/01\/antena_parabolica.jpg\" width=\"224\" height=\"224\" srcset=\"https:\/\/multiblog.educacion.navarra.es\/jballabr\/files\/2013\/01\/antena_parabolica.jpg 224w, https:\/\/multiblog.educacion.navarra.es\/jballabr\/files\/2013\/01\/antena_parabolica-150x150.jpg 150w\" sizes=\"(max-width: 224px) 100vw, 224px\" \/><\/a><\/p>\n<p><a href=\"http:\/\/multiblog.educacion.navarra.es\/jballabr\/algunas-aplicaciones-de-las-matematicas\/conicas\/\">C\u00f3nicas<\/p>\n<p><\/a><\/p>\n","protected":false},"excerpt":{"rendered":"<p>Os ir\u00e9 subiendo alg\u00fan material donde comprobar la gran utilidad del las matem\u00e1ticas, y como estamos constantemente usando su potencial, a veces sin saberlo No pretendo desarrollar los temas en profundidad, pero si logro despertar la curiosadad del alguno, me &hellip; <a href=\"https:\/\/multiblog.educacion.navarra.es\/jballabr\/algunas-aplicaciones-de-las-matematicas\/\">Sigue leyendo <span class=\"meta-nav\">&rarr;<\/span><\/a><\/p>\n","protected":false},"author":59,"featured_media":0,"parent":0,"menu_order":0,"comment_status":"open","ping_status":"open","template":"","meta":[],"_links":{"self":[{"href":"https:\/\/multiblog.educacion.navarra.es\/jballabr\/wp-json\/wp\/v2\/pages\/121"}],"collection":[{"href":"https:\/\/multiblog.educacion.navarra.es\/jballabr\/wp-json\/wp\/v2\/pages"}],"about":[{"href":"https:\/\/multiblog.educacion.navarra.es\/jballabr\/wp-json\/wp\/v2\/types\/page"}],"author":[{"embeddable":true,"href":"https:\/\/multiblog.educacion.navarra.es\/jballabr\/wp-json\/wp\/v2\/users\/59"}],"replies":[{"embeddable":true,"href":"https:\/\/multiblog.educacion.navarra.es\/jballabr\/wp-json\/wp\/v2\/comments?post=121"}],"version-history":[{"count":0,"href":"https:\/\/multiblog.educacion.navarra.es\/jballabr\/wp-json\/wp\/v2\/pages\/121\/revisions"}],"wp:attachment":[{"href":"https:\/\/multiblog.educacion.navarra.es\/jballabr\/wp-json\/wp\/v2\/media?parent=121"}],"curies":[{"name":"wp","href":"https:\/\/api.w.org\/{rel}","templated":true}]}}