


{"id":102,"date":"2013-01-15T23:22:07","date_gmt":"2013-01-15T21:22:07","guid":{"rendered":"http:\/\/multiblog.educacion.navarra.es\/jballabr\/?page_id=102"},"modified":"2013-01-20T00:28:10","modified_gmt":"2013-01-19T22:28:10","slug":"presentaciones","status":"publish","type":"page","link":"https:\/\/multiblog.educacion.navarra.es\/jballabr\/material-de-trabajo\/presentaciones\/","title":{"rendered":"Presentaciones"},"content":{"rendered":"<p>En esta p\u00e1gina ir\u00e9 subiendo algunas presentacioes que he ido realizando para apoyar mis clases. Como siempre si encontr\u00e1is alg\u00fan fallo o cre\u00e9is que se puede mejorar me encantar\u00eda que me lo dijese\u00eds<\/p>\n<p>C\u00f3nicas para 3\u00ba eso<\/p>\n<p>C\u00f3nicas para bachillerato<\/p>\n<p>Estad\u00edstica descriptiva<\/p>\n<p>Estad\u00edstica bidimensional<\/p>\n<p>Aritm\u00e9tica financiera<\/p>\n","protected":false},"excerpt":{"rendered":"<p>En esta p\u00e1gina ir\u00e9 subiendo algunas presentacioes que he ido realizando para apoyar mis clases. Como siempre si encontr\u00e1is alg\u00fan fallo o cre\u00e9is que se puede mejorar me encantar\u00eda que me lo dijese\u00eds C\u00f3nicas para 3\u00ba eso C\u00f3nicas para bachillerato &hellip; <a href=\"https:\/\/multiblog.educacion.navarra.es\/jballabr\/material-de-trabajo\/presentaciones\/\">Sigue leyendo <span class=\"meta-nav\">&rarr;<\/span><\/a><\/p>\n","protected":false},"author":59,"featured_media":0,"parent":79,"menu_order":0,"comment_status":"open","ping_status":"open","template":"","meta":[],"_links":{"self":[{"href":"https:\/\/multiblog.educacion.navarra.es\/jballabr\/wp-json\/wp\/v2\/pages\/102"}],"collection":[{"href":"https:\/\/multiblog.educacion.navarra.es\/jballabr\/wp-json\/wp\/v2\/pages"}],"about":[{"href":"https:\/\/multiblog.educacion.navarra.es\/jballabr\/wp-json\/wp\/v2\/types\/page"}],"author":[{"embeddable":true,"href":"https:\/\/multiblog.educacion.navarra.es\/jballabr\/wp-json\/wp\/v2\/users\/59"}],"replies":[{"embeddable":true,"href":"https:\/\/multiblog.educacion.navarra.es\/jballabr\/wp-json\/wp\/v2\/comments?post=102"}],"version-history":[{"count":0,"href":"https:\/\/multiblog.educacion.navarra.es\/jballabr\/wp-json\/wp\/v2\/pages\/102\/revisions"}],"up":[{"embeddable":true,"href":"https:\/\/multiblog.educacion.navarra.es\/jballabr\/wp-json\/wp\/v2\/pages\/79"}],"wp:attachment":[{"href":"https:\/\/multiblog.educacion.navarra.es\/jballabr\/wp-json\/wp\/v2\/media?parent=102"}],"curies":[{"name":"wp","href":"https:\/\/api.w.org\/{rel}","templated":true}]}}