


{"id":37,"date":"2010-10-26T20:55:58","date_gmt":"2010-10-26T18:55:58","guid":{"rendered":"http:\/\/multiblog.educacion.navarra.es\/jbailor\/"},"modified":"2011-09-28T18:27:06","modified_gmt":"2011-09-28T16:27:06","slug":"proyectos","status":"publish","type":"page","link":"https:\/\/multiblog.educacion.navarra.es\/jbailor\/proyectos\/","title":{"rendered":"Proyectos"},"content":{"rendered":"<p>En esta p\u00e1gina iremos colocando una muestra de los proyectos que vayamos realizando a lo largo del curso.<\/p>\n<h1><strong>1\u00ba de la Eso<\/strong><\/h1>\n<h2><strong>Caja de madera.<\/strong><\/h2>\n<p style=\"text-align: center\"><strong><a href=\"http:\/\/multiblog.educacion.navarra.es\/jbailor\/2011\/05\/27\/proyecto-caja-de-madera-1%C2%BAeso\/\"><img loading=\"lazy\" class=\"aligncenter size-large wp-image-276\" src=\"http:\/\/multiblog.educacion.navarra.es\/jbailor\/files\/2010\/10\/Captura-de-pantalla-completa-27052011-220815-1024x303.jpg\" alt=\"\" width=\"614\" height=\"182\" srcset=\"https:\/\/multiblog.educacion.navarra.es\/jbailor\/files\/2010\/10\/Captura-de-pantalla-completa-27052011-220815-1024x303.jpg 1024w, https:\/\/multiblog.educacion.navarra.es\/jbailor\/files\/2010\/10\/Captura-de-pantalla-completa-27052011-220815-300x89.jpg 300w, https:\/\/multiblog.educacion.navarra.es\/jbailor\/files\/2010\/10\/Captura-de-pantalla-completa-27052011-220815-150x44.jpg 150w, https:\/\/multiblog.educacion.navarra.es\/jbailor\/files\/2010\/10\/Captura-de-pantalla-completa-27052011-220815.jpg 1058w\" sizes=\"(max-width: 614px) 100vw, 614px\" \/><\/a><\/strong><\/p>\n<h2><strong>Coche el\u00e9ctrico.<\/strong><\/h2>\n<p style=\"text-align: center\"><strong><a href=\"http:\/\/multiblog.educacion.navarra.es\/jbailor\/2011\/06\/15\/coche-electrico\/\"><img loading=\"lazy\" class=\"aligncenter size-large wp-image-292\" src=\"http:\/\/multiblog.educacion.navarra.es\/jbailor\/files\/2010\/10\/coche1-1024x369.jpg\" alt=\"\" width=\"614\" height=\"221\" srcset=\"https:\/\/multiblog.educacion.navarra.es\/jbailor\/files\/2010\/10\/coche1-1024x369.jpg 1024w, https:\/\/multiblog.educacion.navarra.es\/jbailor\/files\/2010\/10\/coche1-300x108.jpg 300w, https:\/\/multiblog.educacion.navarra.es\/jbailor\/files\/2010\/10\/coche1-150x54.jpg 150w, https:\/\/multiblog.educacion.navarra.es\/jbailor\/files\/2010\/10\/coche1.jpg 1048w\" sizes=\"(max-width: 614px) 100vw, 614px\" \/><\/a><br \/>\n<\/strong><\/p>\n<h1><strong>2\u00ba de la Eso<\/strong><\/h1>\n<h2><strong>Noria.<\/strong><\/h2>\n<p style=\"text-align: center\"><strong><a href=\"http:\/\/multiblog.educacion.navarra.es\/jbailor\/2011\/05\/27\/proyecto-noria-2%C2%BAeso\/\"><img loading=\"lazy\" class=\"aligncenter size-large wp-image-277\" src=\"http:\/\/multiblog.educacion.navarra.es\/jbailor\/files\/2010\/10\/Captura-de-pantalla-completa-27052011-220941-1024x371.jpg\" alt=\"\" width=\"614\" height=\"223\" srcset=\"https:\/\/multiblog.educacion.navarra.es\/jbailor\/files\/2010\/10\/Captura-de-pantalla-completa-27052011-220941-1024x371.jpg 1024w, https:\/\/multiblog.educacion.navarra.es\/jbailor\/files\/2010\/10\/Captura-de-pantalla-completa-27052011-220941-300x108.jpg 300w, https:\/\/multiblog.educacion.navarra.es\/jbailor\/files\/2010\/10\/Captura-de-pantalla-completa-27052011-220941-150x54.jpg 150w, https:\/\/multiblog.educacion.navarra.es\/jbailor\/files\/2010\/10\/Captura-de-pantalla-completa-27052011-220941.jpg 1048w\" sizes=\"(max-width: 614px) 100vw, 614px\" \/><\/a><br \/>\n<\/strong><\/p>\n<h2><strong><strong>Escaparate Cin\u00e9tico.<\/strong><\/strong><\/h2>\n<p style=\"text-align: center\"><strong><strong><a href=\"http:\/\/multiblog.educacion.navarra.es\/jbailor\/2011\/05\/27\/proyecto-escaparate-cinetico-2%C2%BAeso\/\"><img loading=\"lazy\" class=\"aligncenter size-full wp-image-278\" src=\"http:\/\/multiblog.educacion.navarra.es\/jbailor\/files\/2010\/10\/Captura-de-pantalla-completa-27052011-221154.jpg\" alt=\"\" width=\"612\" height=\"92\" srcset=\"https:\/\/multiblog.educacion.navarra.es\/jbailor\/files\/2010\/10\/Captura-de-pantalla-completa-27052011-221154.jpg 1020w, https:\/\/multiblog.educacion.navarra.es\/jbailor\/files\/2010\/10\/Captura-de-pantalla-completa-27052011-221154-300x45.jpg 300w, https:\/\/multiblog.educacion.navarra.es\/jbailor\/files\/2010\/10\/Captura-de-pantalla-completa-27052011-221154-150x22.jpg 150w\" sizes=\"(max-width: 612px) 100vw, 612px\" \/><\/a><\/strong><\/strong><\/p>\n<h1><strong><strong>3\u00baE y 4\u00baC<\/strong><\/strong><\/h1>\n<h2><strong><strong>L\u00e1mpara.<\/strong><\/strong><\/h2>\n<p style=\"text-align: center\"><strong><strong><a href=\"http:\/\/multiblog.educacion.navarra.es\/jbailor\/2011\/06\/15\/proyecto-lampara\/\"><img loading=\"lazy\" class=\"aligncenter size-large wp-image-291\" src=\"http:\/\/multiblog.educacion.navarra.es\/jbailor\/files\/2010\/10\/l\u00e1mparas-1024x372.jpg\" alt=\"\" width=\"614\" height=\"223\" srcset=\"https:\/\/multiblog.educacion.navarra.es\/jbailor\/files\/2010\/10\/l\u00e1mparas-1024x372.jpg 1024w, https:\/\/multiblog.educacion.navarra.es\/jbailor\/files\/2010\/10\/l\u00e1mparas-300x109.jpg 300w, https:\/\/multiblog.educacion.navarra.es\/jbailor\/files\/2010\/10\/l\u00e1mparas-150x54.jpg 150w, https:\/\/multiblog.educacion.navarra.es\/jbailor\/files\/2010\/10\/l\u00e1mparas.jpg 1061w\" sizes=\"(max-width: 614px) 100vw, 614px\" \/><\/a><\/strong><\/strong><\/p>\n<h1><strong><strong>4\u00baE<\/strong><\/strong><\/h1>\n<h2><strong><strong>Tangram Ovoide.<\/strong><\/strong><\/h2>\n<p style=\"text-align: center\"><strong><strong><a href=\"http:\/\/multiblog.educacion.navarra.es\/jbailor\/2011\/06\/17\/tangram-ovoide\/\"><img loading=\"lazy\" class=\"aligncenter size-large wp-image-315\" src=\"http:\/\/multiblog.educacion.navarra.es\/jbailor\/files\/2010\/10\/tangram-1024x335.jpg\" alt=\"\" width=\"614\" height=\"201\" srcset=\"https:\/\/multiblog.educacion.navarra.es\/jbailor\/files\/2010\/10\/tangram-1024x335.jpg 1024w, https:\/\/multiblog.educacion.navarra.es\/jbailor\/files\/2010\/10\/tangram-300x98.jpg 300w, https:\/\/multiblog.educacion.navarra.es\/jbailor\/files\/2010\/10\/tangram-150x49.jpg 150w, https:\/\/multiblog.educacion.navarra.es\/jbailor\/files\/2010\/10\/tangram.jpg 1079w\" sizes=\"(max-width: 614px) 100vw, 614px\" \/><\/a><\/strong><\/strong><\/p>\n<h2><strong><strong><strong><strong>Motor El\u00e9ctrico.<\/strong><\/strong><\/strong><\/strong><\/h2>\n<p style=\"text-align: center\"><strong><strong><strong><strong><a href=\"http:\/\/multiblog.educacion.navarra.es\/jbailor\/2011\/06\/17\/motor-electrico-sencillo\/\"><img loading=\"lazy\" class=\"aligncenter size-full wp-image-323\" src=\"http:\/\/multiblog.educacion.navarra.es\/jbailor\/files\/2010\/10\/motor.jpg\" alt=\"\" width=\"601\" height=\"280\" srcset=\"https:\/\/multiblog.educacion.navarra.es\/jbailor\/files\/2010\/10\/motor.jpg 1002w, https:\/\/multiblog.educacion.navarra.es\/jbailor\/files\/2010\/10\/motor-300x139.jpg 300w, https:\/\/multiblog.educacion.navarra.es\/jbailor\/files\/2010\/10\/motor-150x69.jpg 150w\" sizes=\"(max-width: 601px) 100vw, 601px\" \/><\/a><\/strong><\/strong><\/strong><\/strong><\/p>\n<h2><strong><strong><strong><strong>Pr\u00e1cticas de Electricidad, Neum\u00e1tica y Electr\u00f3nica.<\/strong><\/strong><\/strong><\/strong><\/h2>\n<h2><strong><strong><strong><strong><a href=\"http:\/\/multiblog.educacion.navarra.es\/jbailor\/files\/2010\/10\/pr\u00e1cticas.jpg\"><img loading=\"lazy\" class=\"aligncenter size-large wp-image-324\" src=\"http:\/\/multiblog.educacion.navarra.es\/jbailor\/files\/2010\/10\/pr\u00e1cticas-1024x434.jpg\" alt=\"\" width=\"614\" height=\"260\" srcset=\"https:\/\/multiblog.educacion.navarra.es\/jbailor\/files\/2010\/10\/pr\u00e1cticas-1024x434.jpg 1024w, https:\/\/multiblog.educacion.navarra.es\/jbailor\/files\/2010\/10\/pr\u00e1cticas-300x127.jpg 300w, https:\/\/multiblog.educacion.navarra.es\/jbailor\/files\/2010\/10\/pr\u00e1cticas-150x63.jpg 150w, https:\/\/multiblog.educacion.navarra.es\/jbailor\/files\/2010\/10\/pr\u00e1cticas.jpg 1051w\" sizes=\"(max-width: 614px) 100vw, 614px\" \/><\/a><br \/>\n<\/strong><\/strong><\/strong><\/strong><\/h2>\n","protected":false},"excerpt":{"rendered":"<p>En esta p\u00e1gina iremos colocando una muestra de los proyectos que vayamos realizando a lo largo del curso. 1\u00ba de la Eso Caja de madera. Coche el\u00e9ctrico. 2\u00ba de la Eso Noria. Escaparate Cin\u00e9tico. 3\u00baE y 4\u00baC L\u00e1mpara. 4\u00baE Tangram &hellip; <a href=\"https:\/\/multiblog.educacion.navarra.es\/jbailor\/proyectos\/\">Sigue leyendo <span class=\"meta-nav\">&rarr;<\/span><\/a><\/p>\n","protected":false},"author":189,"featured_media":278,"parent":0,"menu_order":0,"comment_status":"open","ping_status":"open","template":"","meta":[],"_links":{"self":[{"href":"https:\/\/multiblog.educacion.navarra.es\/jbailor\/wp-json\/wp\/v2\/pages\/37"}],"collection":[{"href":"https:\/\/multiblog.educacion.navarra.es\/jbailor\/wp-json\/wp\/v2\/pages"}],"about":[{"href":"https:\/\/multiblog.educacion.navarra.es\/jbailor\/wp-json\/wp\/v2\/types\/page"}],"author":[{"embeddable":true,"href":"https:\/\/multiblog.educacion.navarra.es\/jbailor\/wp-json\/wp\/v2\/users\/189"}],"replies":[{"embeddable":true,"href":"https:\/\/multiblog.educacion.navarra.es\/jbailor\/wp-json\/wp\/v2\/comments?post=37"}],"version-history":[{"count":0,"href":"https:\/\/multiblog.educacion.navarra.es\/jbailor\/wp-json\/wp\/v2\/pages\/37\/revisions"}],"wp:featuredmedia":[{"embeddable":true,"href":"https:\/\/multiblog.educacion.navarra.es\/jbailor\/wp-json\/wp\/v2\/media\/278"}],"wp:attachment":[{"href":"https:\/\/multiblog.educacion.navarra.es\/jbailor\/wp-json\/wp\/v2\/media?parent=37"}],"curies":[{"name":"wp","href":"https:\/\/api.w.org\/{rel}","templated":true}]}}