


{"id":2,"date":"2010-10-25T07:54:48","date_gmt":"2010-10-25T07:54:48","guid":{"rendered":"http:\/\/multiblog.educacion.navarra.es\/jbailor\/?page_id=2"},"modified":"2020-03-02T23:35:09","modified_gmt":"2020-03-02T21:35:09","slug":"acerca-de","status":"publish","type":"page","link":"https:\/\/multiblog.educacion.navarra.es\/jbailor\/acerca-de\/","title":{"rendered":"About"},"content":{"rendered":"<p><strong>Hola &#8220;zagales\/as&#8221;,<\/strong> con este blog comenzamos una nueva andadura que esperemos nos aporte muchas alegr\u00edas y nos facilite\u00a0 <strong>a todos<\/strong> la dif\u00edcil tarea de aprender y ense\u00f1ar.<\/p>\n<p><a href=\"https:\/\/scratch.mit.edu\/projects\/55736728\/fullscreen\/\"><img loading=\"lazy\" class=\"alignleft wp-image-674 size-full\" src=\"https:\/\/multiblog.educacion.navarra.es\/jbailor\/files\/2020\/03\/insti.png\" alt=\"\" width=\"428\" height=\"321\" srcset=\"https:\/\/multiblog.educacion.navarra.es\/jbailor\/files\/2020\/03\/insti.png 428w, https:\/\/multiblog.educacion.navarra.es\/jbailor\/files\/2020\/03\/insti-300x225.png 300w\" sizes=\"(max-width: 428px) 100vw, 428px\" \/><\/a>Vamos a usarlo como un recurso did\u00e1ctico m\u00e1s, en el que iremos publicando ejercicios, v\u00eddeos, enlaces y todo aquello que estimemos conveniente para el desarrollo de la asignatura; y vosotros podr\u00e9is incluir los comentarios dudas o aquello que os parezca bien.<\/p>\n","protected":false},"excerpt":{"rendered":"<p>Hola &#8220;zagales\/as&#8221;, con este blog comenzamos una nueva andadura que esperemos nos aporte muchas alegr\u00edas y nos facilite\u00a0 a todos la dif\u00edcil tarea de aprender y ense\u00f1ar. Vamos a usarlo como un recurso did\u00e1ctico m\u00e1s, en el que iremos publicando &hellip; <a href=\"https:\/\/multiblog.educacion.navarra.es\/jbailor\/acerca-de\/\">Sigue leyendo <span class=\"meta-nav\">&rarr;<\/span><\/a><\/p>\n","protected":false},"author":189,"featured_media":0,"parent":0,"menu_order":0,"comment_status":"open","ping_status":"open","template":"","meta":[],"_links":{"self":[{"href":"https:\/\/multiblog.educacion.navarra.es\/jbailor\/wp-json\/wp\/v2\/pages\/2"}],"collection":[{"href":"https:\/\/multiblog.educacion.navarra.es\/jbailor\/wp-json\/wp\/v2\/pages"}],"about":[{"href":"https:\/\/multiblog.educacion.navarra.es\/jbailor\/wp-json\/wp\/v2\/types\/page"}],"author":[{"embeddable":true,"href":"https:\/\/multiblog.educacion.navarra.es\/jbailor\/wp-json\/wp\/v2\/users\/189"}],"replies":[{"embeddable":true,"href":"https:\/\/multiblog.educacion.navarra.es\/jbailor\/wp-json\/wp\/v2\/comments?post=2"}],"version-history":[{"count":0,"href":"https:\/\/multiblog.educacion.navarra.es\/jbailor\/wp-json\/wp\/v2\/pages\/2\/revisions"}],"wp:attachment":[{"href":"https:\/\/multiblog.educacion.navarra.es\/jbailor\/wp-json\/wp\/v2\/media?parent=2"}],"curies":[{"name":"wp","href":"https:\/\/api.w.org\/{rel}","templated":true}]}}