


{"id":14,"date":"2010-10-25T19:17:10","date_gmt":"2010-10-25T19:17:10","guid":{"rendered":"http:\/\/multiblog.educacion.navarra.es\/jbailor\/"},"modified":"2010-10-26T20:00:17","modified_gmt":"2010-10-26T18:00:17","slug":"juegos","status":"publish","type":"page","link":"https:\/\/multiblog.educacion.navarra.es\/jbailor\/juegos\/","title":{"rendered":"Juegos"},"content":{"rendered":"<h1>Cogitate (un juego de gravedad).<\/h1>\n<p>Creado por The Institution of Engineering and Technology, te har\u00e1 pensar en la manera de recolectar los diez engranajes de un robot, coloca el menor n\u00famero de piezas de mecano para que el engranaje dorado alcance el contenedor de cada nivel.<\/p>\n<p>Podeis ver alg\u00fan v\u00eddeo en: <a href=\"http:\/\/blog.electricbricks.com\/2009\/12\/cogitate-juego-gravedad\/\">http:\/\/blog.electricbricks.com\/2009\/12\/cogitate-juego-gravedad\/<\/a><\/p>\n<p style=\"text-align: center\"><a href=\"http:\/\/tecnologo.es\/?page_id=161\"><img loading=\"lazy\" class=\"size-medium wp-image-20 aligncenter\" src=\"http:\/\/multiblog.educacion.navarra.es\/jbailor\/files\/2010\/10\/cogitate_0-300x114.jpg\" alt=\"\" width=\"300\" height=\"114\" srcset=\"https:\/\/multiblog.educacion.navarra.es\/jbailor\/files\/2010\/10\/cogitate_0-300x114.jpg 300w, https:\/\/multiblog.educacion.navarra.es\/jbailor\/files\/2010\/10\/cogitate_0-150x57.jpg 150w, https:\/\/multiblog.educacion.navarra.es\/jbailor\/files\/2010\/10\/cogitate_0.jpg 500w\" sizes=\"(max-width: 300px) 100vw, 300px\" \/><\/a><\/p>\n<h1>Juego de controladores de la RED El\u00e9ctrica<\/h1>\n<p>Como sabeis la electricidad no se puede almacenar, debe haber un equilibrio entre la generaci\u00f3n y el consumo.<\/p>\n<p>Vamos a jugar a controladores con el juego <strong>CONTROLA<\/strong> de REE.<\/p>\n<p style=\"text-align: center\"><a href=\"http:\/\/www.ree.es\/educacion\/controla\/\"><img loading=\"lazy\" class=\"aligncenter\" src=\"http:\/\/tecnologo.es\/wp-content\/uploads\/2010\/01\/juego4.jpg\" alt=\"\" width=\"200\" height=\"150\" \/><\/a><\/p>\n<h1>Juegos de electricidad.<\/h1>\n<p style=\"text-align: center\"><a href=\"http:\/\/www.edenorchicos.com\/edenorchicos\/jsp\/paginas\/juegos.jsp\"><img loading=\"lazy\" class=\"size-medium wp-image-208 aligncenter\" src=\"http:\/\/tecnologo.es\/wp-content\/uploads\/2010\/02\/edenor-300x139.jpg\" alt=\"\" width=\"300\" height=\"139\" \/><\/a><\/p>\n<h1>Juego para ahorrar energ\u00eda en casa.<\/h1>\n<p style=\"text-align: center\"><a href=\"http:\/\/www.aee.gouv.qc.ca\/en\/energuy\/game\/\"><img loading=\"lazy\" class=\"size-medium wp-image-209 aligncenter\" src=\"http:\/\/tecnologo.es\/wp-content\/uploads\/2010\/02\/ahorrar-300x168.jpg\" alt=\"\" width=\"300\" height=\"168\" \/><\/a><\/p>\n<h1>Juego:ASEMBLER<\/h1>\n<p>En este juego ,<a href=\"http:\/\/www.physicsgames.net\/game\/Assembler.html\">ASEMBLER<\/a>,  hay que pensar como formar estructuras para subir la caja verde o  estructuras verdes al punto indicado, hay que mover los diferentes  elementos que aparecen hasta conseguir estructuras estables y colocar el  elemento verde en su sitio.El nivel de dificultad va subiendo pantalla a  pantalla. Se puede entretener uno un rato , dandole a la neurona y  pensando un poquito como hacerlo, est\u00e1 el factor tiempo no lo olvidemos y  la habilidad con el rat\u00f3n, al mover las piezas.<\/p>\n<p style=\"text-align: center\"><a href=\"http:\/\/tecnologo.es\/?page_id=161\"><img loading=\"lazy\" class=\"size-medium wp-image-21 aligncenter\" src=\"http:\/\/multiblog.educacion.navarra.es\/jbailor\/files\/2010\/10\/assembler4-300x200.jpg\" alt=\"\" width=\"300\" height=\"200\" srcset=\"https:\/\/multiblog.educacion.navarra.es\/jbailor\/files\/2010\/10\/assembler4-300x200.jpg 300w, https:\/\/multiblog.educacion.navarra.es\/jbailor\/files\/2010\/10\/assembler4-150x100.jpg 150w, https:\/\/multiblog.educacion.navarra.es\/jbailor\/files\/2010\/10\/assembler4.jpg 500w\" sizes=\"(max-width: 300px) 100vw, 300px\" \/><\/a><\/p>\n<div><a href=\"http:\/\/www.physicsgames.net\/\"><\/a><\/div>\n<div>\n<h1>Juego Demolici\u00f3n de Edificios<\/h1>\n<\/div>\n<div>En este juego , <a href=\"http:\/\/www.physicsgames.net\/game\/Demolition_City.html\">DEMOLICI\u00d3N  DE EDIFICIOS<\/a>, vamos a estudiar las estructuras, como colocar unas  cargas y que los edificios se vengan abajo, con unas condiciones del  altura y anchura de los restos que nos queda del edificio. Es un juego  para pensar un ratillo, las primeras pantallas son f\u00e1ciles, pero a  medida que avanzas la cosa se complica, ya hay que colocar las cargas  explosivas en sitios cada vez m\u00e1s estrat\u00e9gicos.<\/div>\n<div><a href=\"http:\/\/tecnologo.es\/?page_id=161\"><img loading=\"lazy\" class=\"size-medium wp-image-22 aligncenter\" src=\"http:\/\/multiblog.educacion.navarra.es\/jbailor\/files\/2010\/10\/demolition_city-300x257.jpg\" alt=\"\" width=\"300\" height=\"257\" srcset=\"https:\/\/multiblog.educacion.navarra.es\/jbailor\/files\/2010\/10\/demolition_city-300x257.jpg 300w, https:\/\/multiblog.educacion.navarra.es\/jbailor\/files\/2010\/10\/demolition_city-150x128.jpg 150w, https:\/\/multiblog.educacion.navarra.es\/jbailor\/files\/2010\/10\/demolition_city.jpg 547w\" sizes=\"(max-width: 300px) 100vw, 300px\" \/><\/a><\/div>\n<div><a href=\"http:\/\/www.physicsgames.net\/\"><\/a><\/div>\n<p><a href=\"http:\/\/www.abcjuegos.net\/juego\/demolition-city-2\" target=\"_blank\"><img loading=\"lazy\" src=\"http:\/\/www.abcjuegos.net\/gif\/juegos\/demolition-city-2.gif\" border=\"0\" alt=\"\" width=\"120\" height=\"84\" align=\"left\" \/><strong>Demolition City 2<\/strong><\/a><br \/>\nTienes que demoler los edificios y construcciones que te piden sin da\u00f1ar los demas! Muy desafiante juego de inteligencia!<\/p>\n<h1>Sistemas din\u00e1micos<\/h1>\n<p>Consistea en crear dispostivos  encadenados, aumentando el grado de dificultad va aumentando a medida  que pasamos las pantallas. Decir que tiene supone un peque\u00f1o  esfuerzo mental y peque\u00f1as dotes de ingenio, pero nos sirve para  desarrollar nuestros conceptos de f\u00edsica y de tecnolog\u00eda, que es lo que  se trata.<\/p>\n<p style=\"text-align: center\"><a href=\"http:\/\/tecnologo.es\/?page_id=161\"><img loading=\"lazy\" class=\"size-full wp-image-23 aligncenter\" src=\"http:\/\/multiblog.educacion.navarra.es\/jbailor\/files\/2010\/10\/070808_king1_thumb.jpg\" alt=\"\" width=\"166\" height=\"79\" srcset=\"https:\/\/multiblog.educacion.navarra.es\/jbailor\/files\/2010\/10\/070808_king1_thumb.jpg 166w, https:\/\/multiblog.educacion.navarra.es\/jbailor\/files\/2010\/10\/070808_king1_thumb-150x71.jpg 150w\" sizes=\"(max-width: 166px) 100vw, 166px\" \/><\/a><\/p>\n<div><a href=\"http:\/\/www.physicsgames.net\/\"><\/a><\/div>\n<h1>Programa gratuito para practicas con la VISTAS<\/h1>\n<p><a href=\"http:\/\/miajas.com\/Dibujotec\/seuropeo.htm\"><img loading=\"lazy\" class=\"size-medium wp-image-214 aligncenter\" src=\"http:\/\/tecnologo.es\/wp-content\/uploads\/2010\/02\/vistas-300x223.jpg\" alt=\"\" width=\"300\" height=\"223\" \/><\/a>Deber\u00e1s descarg\u00e1rtelo e instalarlo.<\/p>\n<h1><a href=\"http:\/\/www.areatecnologia.com\/JUEGOS%20DE%20TECNOLOGIA.htm\">P\u00e1gina con m\u00faltiples juegos relacionados con Tecnolog\u00eda.<\/a><\/h1>\n","protected":false},"excerpt":{"rendered":"<p>Cogitate (un juego de gravedad). Creado por The Institution of Engineering and Technology, te har\u00e1 pensar en la manera de recolectar los diez engranajes de un robot, coloca el menor n\u00famero de piezas de mecano para que el engranaje dorado &hellip; <a href=\"https:\/\/multiblog.educacion.navarra.es\/jbailor\/juegos\/\">Sigue leyendo <span class=\"meta-nav\">&rarr;<\/span><\/a><\/p>\n","protected":false},"author":189,"featured_media":0,"parent":0,"menu_order":0,"comment_status":"open","ping_status":"open","template":"","meta":[],"_links":{"self":[{"href":"https:\/\/multiblog.educacion.navarra.es\/jbailor\/wp-json\/wp\/v2\/pages\/14"}],"collection":[{"href":"https:\/\/multiblog.educacion.navarra.es\/jbailor\/wp-json\/wp\/v2\/pages"}],"about":[{"href":"https:\/\/multiblog.educacion.navarra.es\/jbailor\/wp-json\/wp\/v2\/types\/page"}],"author":[{"embeddable":true,"href":"https:\/\/multiblog.educacion.navarra.es\/jbailor\/wp-json\/wp\/v2\/users\/189"}],"replies":[{"embeddable":true,"href":"https:\/\/multiblog.educacion.navarra.es\/jbailor\/wp-json\/wp\/v2\/comments?post=14"}],"version-history":[{"count":0,"href":"https:\/\/multiblog.educacion.navarra.es\/jbailor\/wp-json\/wp\/v2\/pages\/14\/revisions"}],"wp:attachment":[{"href":"https:\/\/multiblog.educacion.navarra.es\/jbailor\/wp-json\/wp\/v2\/media?parent=14"}],"curies":[{"name":"wp","href":"https:\/\/api.w.org\/{rel}","templated":true}]}}