


{"id":99,"date":"2011-09-19T16:03:22","date_gmt":"2011-09-19T14:03:22","guid":{"rendered":"http:\/\/multiblog.educacion.navarra.es\/jamorena\/?page_id=99"},"modified":"2019-07-25T16:41:46","modified_gmt":"2019-07-25T14:41:46","slug":"determinantes","status":"publish","type":"page","link":"https:\/\/multiblog.educacion.navarra.es\/jamorena\/determinantes\/","title":{"rendered":"Determinantes y vectores"},"content":{"rendered":"<p style=\"text-align: center\"><em>Este v\u00eddeo es el primero de una serie sobre <span style=\"color: #000000\"><strong>DETERMINANTES<\/strong><\/span>;<br \/>\n<\/em><em>si quieres verlos todos, pincha\u00a0<span style=\"color: #0000ff\"><a style=\"color: #0000ff\" href=\"https:\/\/youtu.be\/7bIVLFxronU?list=PLHbcBBQihvskPYUxPzfljc67H9GNbwJho\"><strong>AQU\u00cd<\/strong><\/a><\/span>:<\/em><\/p>\n<div style=\"margin: 0px auto;text-align: center\">\n<div class=\"embed-container\"><iframe loading=\"lazy\" width=\"853\" height=\"480\" src=\"https:\/\/www.youtube.com\/embed\/7bIVLFxronU?feature=oembed\" frameborder=\"0\" allow=\"accelerometer; autoplay; encrypted-media; gyroscope; picture-in-picture\" allowfullscreen><\/iframe><\/div>\n<\/div>\n<p style=\"text-align: center\"><em>Este v\u00eddeo es el primero de una serie sobre <span style=\"color: #0000ff\"><span style=\"color: #000000\"><strong>VECTORES<\/strong>;<br \/>\nsi quieres verlos todos pincha <a title=\"Vectores\" href=\"https:\/\/www.youtube.com\/watch?v=FYk6FFMsOAw&amp;list=PLHbcBBQihvsk0Q2E1aw9OxbI_ZeaXJyLI\" target=\"_blank\" rel=\"noopener noreferrer\"><strong><span style=\"color: #0000ff\">A<\/span><\/strong><strong><span style=\"color: #0000ff\">QU\u00cd<\/span><\/strong><\/a><\/span><\/span><\/em><\/p>\n<div style=\"margin: 0px auto;text-align: center\">\n<div class=\"embed-container\"><iframe loading=\"lazy\" width=\"853\" height=\"480\" src=\"https:\/\/www.youtube.com\/embed\/FYk6FFMsOAw?feature=oembed\" frameborder=\"0\" allow=\"accelerometer; autoplay; encrypted-media; gyroscope; picture-in-picture\" allowfullscreen><\/iframe><\/div>\n<\/div>\n","protected":false},"excerpt":{"rendered":"<p>Este v\u00eddeo es el primero de una serie sobre DETERMINANTES; si quieres verlos todos, pincha\u00a0AQU\u00cd: Este v\u00eddeo es el primero de una serie sobre VECTORES; si quieres verlos todos pincha AQU\u00cd<\/p>\n","protected":false},"author":225,"featured_media":0,"parent":0,"menu_order":6,"comment_status":"open","ping_status":"open","template":"template-onecolumn.php","meta":[],"_links":{"self":[{"href":"https:\/\/multiblog.educacion.navarra.es\/jamorena\/wp-json\/wp\/v2\/pages\/99"}],"collection":[{"href":"https:\/\/multiblog.educacion.navarra.es\/jamorena\/wp-json\/wp\/v2\/pages"}],"about":[{"href":"https:\/\/multiblog.educacion.navarra.es\/jamorena\/wp-json\/wp\/v2\/types\/page"}],"author":[{"embeddable":true,"href":"https:\/\/multiblog.educacion.navarra.es\/jamorena\/wp-json\/wp\/v2\/users\/225"}],"replies":[{"embeddable":true,"href":"https:\/\/multiblog.educacion.navarra.es\/jamorena\/wp-json\/wp\/v2\/comments?post=99"}],"version-history":[{"count":0,"href":"https:\/\/multiblog.educacion.navarra.es\/jamorena\/wp-json\/wp\/v2\/pages\/99\/revisions"}],"wp:attachment":[{"href":"https:\/\/multiblog.educacion.navarra.es\/jamorena\/wp-json\/wp\/v2\/media?parent=99"}],"curies":[{"name":"wp","href":"https:\/\/api.w.org\/{rel}","templated":true}]}}